{"id":6193,"date":"2019-02-04T17:09:20","date_gmt":"2019-02-04T17:09:20","guid":{"rendered":"http:\/\/palazzomalvisi.com\/?page_id=6193\/"},"modified":"2019-02-04T18:10:26","modified_gmt":"2019-02-04T18:10:26","slug":"prova-home","status":"publish","type":"page","link":"https:\/\/palazzomalvisi.com\/it\/prova-home\/","title":{"rendered":"Prova Home"},"content":{"rendered":"<h1 style=\"text-align: center;\">SCUOLA DI ITALIANO IN ITALIA, A RAVENNA<\/h1>\n<h3 style=\"text-align: center;\">Corsi di lingua e cultura italiane in Italia<\/h3>\n<p style=\"text-align: center;\"><strong>Palazzo Malvisi: una delle pi\u00f9 antiche e prestigiose scuole di lingua e cultura italiane in Italia.<\/strong><\/p>\n<div class=\"four columns  alpha\">\n<a href=\"http:\/\/palazzomalvisi.com\/wp-content\/uploads\/Home_School.jpg\"><br \/>\n<img loading=\"lazy\" decoding=\"async\" class=\"alignnone size-medium wp-image-4739\" src=\"http:\/\/palazzomalvisi.com\/wp-content\/uploads\/Home_School.jpg\" alt=\"Scuola di italiano in Italia, a Ravenna\" width=\"200\" height=\"200\" \/><\/a><br \/>\n<strong><span style=\"color: #333399;\">SCUOLA DI ITALIANO<\/span><\/strong><br \/>\n<em><span lang=\"en\">Studiare in un&#8217;atmosfera familiare.<\/span><\/em><\/p>\n<blockquote>\n<ul>\n<li>La scuola \u00e8 accreditata presso il <strong><a href=\"http:\/\/www.istruzione.it\" target=\"_blank\">MIUR<\/a><\/strong> (Ministero dell&#8217;Istruzione, Universit\u00e0 e Ricerca),<br \/>\ne <strong><a href=\"http:\/\/palazzomalvisi.com\/it\/referenze-e-collaborazioni\/\">collabora con numerose universit\u00e0 italiane ed estere.<\/a><\/strong><\/li>\n<li><strong>PALAZZO MALVISI <\/strong>nasce a Ravenna nel <strong>1986<\/strong>: abbiamo pi\u00f9 di 30 anni di <strong>esperienza<\/strong> nell&#8217;organizzazione di <strong><a href=\"http:\/\/palazzomalvisi.com\/it\/corsi_italiano\/\">corsi di italiano per stranieri<\/a><\/strong>.<\/li>\n<li>L\u2019istituto \u00e8 noto per l\u2019eccellente <strong>qualit\u00e0 della didattica<\/strong> e per l\u2019atmosfera professionale e allo stesso tempo <strong>amichevole<\/strong> che si respira.<\/li>\n<li>Siamo centro d&#8217;esame ufficiale <strong><a href=\"http:\/\/palazzomalvisi.com\/it\/celi\/\">CELI<\/a><\/strong>, <strong><a href=\"http:\/\/palazzomalvisi.com\/it\/cils\/\" target=\"_blank\">CILS<\/a><\/strong>, <strong><a href=\"http:\/\/palazzomalvisi.com\/it\/ditals\/\">DITALS<\/a><\/strong>, <strong><a href=\"http:\/\/palazzomalvisi.com\/it\/ail\/\">AIL<\/a><\/strong>.<\/li>\n<li><strong><a href=\"http:\/\/palazzomalvisi.com\/it\/scuola-sede\/\">Maggiori informazioni&#8230;<\/a><\/strong><\/li>\n<\/ul>\n<\/blockquote>\n<\/div>\n<div class=\"four columns  alpha omega\">\n<a href=\"http:\/\/palazzomalvisi.com\/wp-content\/uploads\/2015\/03\/Corso_Lavoro_01.jpg\"><br \/>\n<img loading=\"lazy\" decoding=\"async\" class=\"alignnone size-medium wp-image-4739\" src=\"http:\/\/palazzomalvisi.com\/wp-content\/uploads\/2015\/03\/Corso_Lavoro_01.jpg\" alt=\"Corsi di lingua italiana in Italia\" width=\"200\" height=\"200\" \/><\/a><br \/>\n<strong><span style=\"color: #333399;\">CORSI DI LINGUA ITALIANA<\/span><\/strong><br \/>\n<em>Noi insegniamo con passione, voi imparate con gioia!<\/em><\/p>\n<blockquote>\n<ul>\n<li>Il <strong>numero massimo<\/strong> di studenti per classe \u00e8 <strong>8<\/strong>, e le lezioni sono di <strong>55 minuti<\/strong><\/li>\n<li>Operiamo solo con\u00a0<strong>insegnanti<\/strong> madrelingua, tutti con certificazione <strong><a href=\"http:\/\/palazzomalvisi.com\/it\/ditals\/\">DITALS II<\/a><\/strong> (la massima certificazione in insegnamento dell&#8217;italiano a stranieri).<\/li>\n<li>Offriamo i seguenti corsi di lingua italiana:<br \/>\n<strong>CORSI DI GRUPPO <\/strong>(20 lezioni a settimana)<br \/>\n<strong>CORSI COMBINATI<\/strong> (corso di gruppo + lezioni individuali)<br \/>\n<strong>CORSI INDIVIDUALI<\/strong><br \/>\n<strong>CORSI DUO<\/strong> (2 studenti, 1 insegnante)<\/li>\n<li><strong><a href=\"http:\/\/palazzomalvisi.com\/it\/corsi_italiano\/\">Maggiori informazioni&#8230;<\/a><\/strong><\/li>\n<\/ul>\n<\/blockquote>\n<\/div>\n<div class=\"four columns  omega\">\n<a href=\"http:\/\/palazzomalvisi.com\/wp-content\/uploads\/2015\/03\/Corso_Mosaico_03.jpg\"><br \/>\n<img loading=\"lazy\" decoding=\"async\" class=\"alignnone size-medium wp-image-4739\" src=\"http:\/\/palazzomalvisi.com\/wp-content\/uploads\/2015\/03\/Corso_Mosaico_03.jpg\" alt=\"Corsi di cultura italiana in Italia\" width=\"200\" height=\"200\" \/><\/a><br \/>\n<strong><span style=\"color: #333399;\">CORSI SPECIALI<\/span><\/strong><br \/>\n<em>La cultura dell&#8217;Italia, l&#8217;italiano della cultura.<\/em><\/p>\n<blockquote>\n<ul>\n<li><strong><a href=\"http:\/\/palazzomalvisi.com\/it\/corso-senior-55\/\">Corso speciale per studenti Senior<\/a><\/strong><\/li>\n<li><strong><a href=\"http:\/\/palazzomalvisi.com\/it\/italiano-cucina\/\">Corso di Cucina + Corso di italiano<\/a><\/strong><\/li>\n<li><strong><a href=\"http:\/\/palazzomalvisi.com\/it\/italiano-vino\/\">Corso di Vino + Corso di italiano<\/a><\/strong><\/li>\n<li><strong><a href=\"http:\/\/palazzomalvisi.com\/it\/italiano-mosaico\/\/\">Corso di Mosaico + Corso di italiano<\/a><\/strong><\/li>\n<li><strong><a href=\"http:\/\/palazzomalvisi.com\/it\/italiano-per-il-lavoro\/\">Italiano per il lavoro<\/a><\/strong><\/li>\n<li><strong><a href=\"http:\/\/palazzomalvisi.com\/it\/corsi-speciali\/\">Arte Bizantina<\/a><\/strong><\/li>\n<li><strong><a href=\"http:\/\/palazzomalvisi.com\/it\/corsi-speciali\/\">Iconografia Cristiana<\/a><\/strong><\/li>\n<li><strong><a href=\"http:\/\/palazzomalvisi.com\/it\/corsi-speciali\/\">Arte Italiana<\/a><\/strong><\/li>\n<li><strong><a href=\"http:\/\/palazzomalvisi.com\/it\/corsi-speciali\/\">Letteratura Italiana<\/a><\/strong><\/li>\n<li><strong><a href=\"http:\/\/palazzomalvisi.com\/it\/corsi-speciali\/\">Cinema Italiano<\/a><\/strong><\/li>\n<li><strong><a href=\"http:\/\/palazzomalvisi.com\/it\/corsi-speciali\/\">Italiano Giuridico<\/a><\/strong><\/li>\n<li><strong><a href=\"http:\/\/palazzomalvisi.com\/it\/corsi-speciali\/\">Corsi per Insegnanti<\/a><\/strong><\/li>\n<li><strong><a href=\"http:\/\/palazzomalvisi.com\/it\/corsi-speciali\/\">Corsi di preparazione agli esami<\/a><\/strong><\/li>\n<li><strong><a href=\"http:\/\/palazzomalvisi.com\/it\/corsi-speciali\/\">Altri corsi&#8230;<\/a><\/strong><\/li>\n<\/ul>\n<\/blockquote>\n<\/div><br class=\"clear\" \/>\n<div class=\"four columns  alpha\">\n<a href=\"http:\/\/palazzomalvisi.com\/wp-content\/uploads\/2015\/03\/Corso_Arte_Bizantina_01.jpg\"><br \/>\n<img loading=\"lazy\" decoding=\"async\" class=\"alignnone size-medium wp-image-4739\" src=\"http:\/\/palazzomalvisi.com\/wp-content\/uploads\/2015\/03\/Corso_Arte_Bizantina_01.jpg\" alt=\"Studiare italiano in Italia, a Ravenna\" width=\"200\" height=\"200\" \/><\/a><br \/>\n<strong><span style=\"color: #333399;\">RAVENNA<\/span><\/strong><br \/>\n<em><span lang=\"en\">Studia a Ravenna, la Bisanzio italiana!<\/span><\/em><\/p>\n<blockquote>\n<ul>\n<li>A\u00a0Ravenna sono conservati <strong>8<\/strong> magnifici <strong><a href=\"http:\/\/palazzomalvisi.com\/it\/mosaico\/\">monumenti<\/a><\/strong> dichiarati Patrimonio dell&#8217;Umanit\u00e0 dall&#8217;<strong><a href=\"http:\/\/whc.unesco.org\/en\/list\/788\" target=\"_blank\">UNESCO<\/a><\/strong>.<\/li>\n<li>RAVENNA \u00e8 una eccezionale <strong>citt\u00e0 d\u2019arte<\/strong>, ricca di storia, tranquilla e sicura, a soli 10 km dalla <strong><a href=\"http:\/\/palazzomalvisi.com\/it\/natura\/\">Riviera Romagnola<\/a><\/strong>, uno delle pi\u00f9 vivaci mete turistiche d\u2019Europa.<\/li>\n<li>Ravenna \u00e8 veramente una citt\u00e0 \u00e8 <strong>a misura d\u2019uomo<\/strong>; c\u2019\u00e8 molto traffico\u2026 ma di <strong>biciclette<\/strong>!<\/li>\n<li><strong>Dante Alighieri<\/strong>, il grande poeta padre della lingua Italiana, \u00e8 sepolto qui a pochi metri dalla nostra scuola.<\/li>\n<li>Ravenna si trova inoltre in una <strong>posizione strategica<\/strong> per visitare le meraviglie d\u2019<strong>Italia<\/strong>.<\/li>\n<li><strong><a href=\"http:\/\/palazzomalvisi.com\/it\/Ravenna\/\">Maggiori informazioni&#8230;<\/a><\/strong><\/li>\n<\/ul>\n<\/blockquote>\n<\/div>\n<div class=\"four columns  alpha omega\">\n<a href=\"http:\/\/palazzomalvisi.com\/wp-content\/uploads\/Home_Accomodation.jpg\"><br \/>\n<img loading=\"lazy\" decoding=\"async\" class=\"alignnone size-medium wp-image-4739\" src=\"http:\/\/palazzomalvisi.com\/wp-content\/uploads\/Home_Accomodation.jpg\" alt=\"Alloggio per studenti di italiano in Italia, a Ravenna\" width=\"200\" height=\"200\" \/><\/a><br \/>\n<strong><span style=\"color: #333399;\">ALLOGGIO<\/span><\/strong><br \/>\n<em>Vivi l&#8217;italiano per tutta la giornata!<\/em><\/p>\n<blockquote>\n<ul>\n<li>Ravenna\u00a0una citt\u00e0 non troppo grande: tutti <strong>gli alloggi<\/strong> selezionati per gli studenti sono raggiungibili dalla scuola in pochi minuti <strong>a piedi<\/strong> o <strong>in bicicletta<\/strong>.<\/li>\n<li>Il nostro <strong><a href=\"http:\/\/palazzomalvisi.com\/it\/lo-staff\/\">staff<\/a><\/strong> controlla periodicamente gli alloggi per accertarsi che sia mantenuto il <strong>livello<\/strong> di <strong>qualit\u00e0<\/strong> previsto.<\/li>\n<li>Le opzioni a disposizione sono le seguenti:<br \/>\n&#8211; <strong>Camera in famiglia<\/strong><br \/>\n&#8211; <strong>Camera Executive in famiglia<\/strong><br \/>\n&#8211; <strong>Camera in appartamento condiviso<\/strong><br \/>\n&#8211; <strong>Appartamento indipendente<\/strong><\/li>\n<li><strong><a href=\"http:\/\/palazzomalvisi.com\/it\/alloggio\/\">Maggiori informazioni&#8230;<\/a><\/strong><\/li>\n<\/ul>\n<\/blockquote>\n<\/div>\n<div class=\"four columns  omega\">\n<a href=\"http:\/\/palazzomalvisi.com\/wp-content\/uploads\/Home_Free_Time.jpg\"><br \/>\n<img loading=\"lazy\" decoding=\"async\" class=\"alignnone size-medium wp-image-4739\" src=\"http:\/\/palazzomalvisi.com\/wp-content\/uploads\/Home_Free_Time.jpg\" alt=\"Tempo libero per gli studenti di italiano in Italia della Scuola Palazzo Malvisi di Ravenna\" width=\"200\" height=\"200\" \/><\/a><br \/>\n<strong><span style=\"color: #333399;\">TEMPO LIBERO<\/span><\/strong><br \/>\n<em>Non si impara solo in classe!<\/em><\/p>\n<blockquote>\n<ul>\n<li>Le <strong>attivit\u00e0 extra-scolastiche<\/strong>, sia quelle artistico-culturali, sia quelle pi\u00f9 \u201cleggere\u201d, costituiscono degli <strong>esercizi perfetti<\/strong> per arricchire il proprio lessico e migliorare la propria <strong>abilit\u00e0 comunicativa<\/strong>\u2026 divertendosi.<\/li>\n<li><strong>CULTURA<\/strong><br \/>\nvisite guidate, lezioni pratiche di mosaico, seminari culturali, degustazioni di vino, lezioni di cucina&#8230;<\/li>\n<li><strong>ATTIVIT\u00c0 RICREATIVE<\/strong><br \/>\nfilm in italiano, cene di gruppo, concerti, aperitivi, feste in spiaggia&#8230;<\/li>\n<li><strong>SPORT<\/strong><br \/>\nbicicletta, sport d&#8217;acqua, sport da spiaggia, passeggiate a cavallo, paracadutismo&#8230;<\/li>\n<li><strong><a href=\"http:\/\/palazzomalvisi.com\/it\/tempo-libero\/\">Maggiori informazioni&#8230;<\/a><\/strong><\/li>\n<\/ul>\n<\/blockquote>\n<\/div><br class=\"clear\" \/>\n","protected":false},"excerpt":{"rendered":"<p>SCUOLA DI ITALIANO IN ITALIA, A RAVENNA Corsi di lingua e cultura italiane in Italia Palazzo Malvisi: una delle pi\u00f9 antiche e prestigiose scuole di lingua e cultura italiane in Italia.<\/p>\n","protected":false},"author":3,"featured_media":0,"parent":0,"menu_order":0,"comment_status":"closed","ping_status":"closed","template":"","meta":{"footnotes":""},"wf_page_folders":[],"class_list":["post-6193","page","type-page","status-publish","hentry"],"_links":{"self":[{"href":"https:\/\/palazzomalvisi.com\/it\/wp-json\/wp\/v2\/pages\/6193","targetHints":{"allow":["GET"]}}],"collection":[{"href":"https:\/\/palazzomalvisi.com\/it\/wp-json\/wp\/v2\/pages"}],"about":[{"href":"https:\/\/palazzomalvisi.com\/it\/wp-json\/wp\/v2\/types\/page"}],"author":[{"embeddable":true,"href":"https:\/\/palazzomalvisi.com\/it\/wp-json\/wp\/v2\/users\/3"}],"replies":[{"embeddable":true,"href":"https:\/\/palazzomalvisi.com\/it\/wp-json\/wp\/v2\/comments?post=6193"}],"version-history":[{"count":10,"href":"https:\/\/palazzomalvisi.com\/it\/wp-json\/wp\/v2\/pages\/6193\/revisions"}],"predecessor-version":[{"id":6203,"href":"https:\/\/palazzomalvisi.com\/it\/wp-json\/wp\/v2\/pages\/6193\/revisions\/6203"}],"wp:attachment":[{"href":"https:\/\/palazzomalvisi.com\/it\/wp-json\/wp\/v2\/media?parent=6193"}],"wp:term":[{"taxonomy":"wf_page_folders","embeddable":true,"href":"https:\/\/palazzomalvisi.com\/it\/wp-json\/wp\/v2\/wf_page_folders?post=6193"}],"curies":[{"name":"wp","href":"https:\/\/api.w.org\/{rel}","templated":true}]}}