{"id":3618,"date":"2017-10-16T11:58:13","date_gmt":"2017-10-16T11:58:13","guid":{"rendered":"http:\/\/palazzomalvisi.com\/?page_id=3618"},"modified":"2021-07-02T07:17:10","modified_gmt":"2021-07-02T07:17:10","slug":"test-risposta","status":"publish","type":"page","link":"https:\/\/palazzomalvisi.com\/it\/test-risposta\/","title":{"rendered":"TEST &#8211; Risposta"},"content":{"rendered":"<table>\n<tbody>\n<tr>\n<td width=\"48%\"><strong>Il tuo test \u00e8 stato inviato, grazie.<\/strong><br \/>\nTi manderemo una mail di conferma il prima possibile.<br \/>\nAttenzione: il sabato e la domenica la segreteria della scuola \u00e8 chiusa.<br \/>\nTi aspettiamo a Ravenna!<br \/>\nA presto,<br \/>\nlo STAFF della Scuola Palazzo Malvisi<br \/>\n_______________________________________<br \/>\nIl test che hai appena fatto verifica il tuo livello di conoscenza della grammatica italiana; in base ad esso sceglieremo la classe pi\u00f9 adatta a te. Se per\u00f2, dopo qualche lezione, non dovessi sentirti a tuo agio in classe, ti preghiamo di INFORMARCI SUBITO. Lo staff della scuola \u00e8 a tua disposizione per ascoltare ogni richiesta, osservazione o lamentela. Il nostro obiettivo \u00e8 quello di farti trascorrere una magnifica vacanza-studio a Ravenna: non aspettare l&#8217;ultimo giorno per farci conoscere la tua opinione. Un consiglio: prova a parlare in italiano anche e soprattutto fuori classe, anche se sei stanco. Partecipa alle attivit\u00e0 organizzate dalla scuola e agli eventi in citt\u00e0 con gli altri studenti: imparerai meglio e prima.<br \/>\nRicordati di comunicare in anticipo la data e l&#8217;ora del tuo arrivo alla famiglia ospite, via telefono o via e-mail. Se non riesci a contattarla, informa direttamente noi:<br \/>\nravenna@scuolapalazzomalvisi.com; +39.0544.38199.<\/p>\n<hr \/>\n<\/td>\n<td width=\"4%\"><\/td>\n<td width=\"48%\"><strong>Your TEST has been sent, thank&#8217;you.<\/strong><br \/>\nWe will send you a confirmation email as soon as possible.<br \/>\nAttention: Saturdays and Sundays our office is closed.<br \/>\nWe are looking forward to meet you in Ravenna!<br \/>\nSe you soon,<br \/>\nthe STAFF of Scuola Palazzo Malvisi<br \/>\n_______________________________________<br \/>\nThe test that you have just finished is designed to ascertain your level of Italian grammar; we will use the results to place you in the most suitable class. However, if after a couple of lessons you are not happy in the class, please TELL US STRAIGHT AWAY. Staff at the school are at your disposition for any requests, comments or complaints. Our aim is to make sure you have a wonderful study holiday in Ravenna; don\u2019t wait for the last day to let us know what you think. Always try to speak in Italian, even and especially when you\u2019re tired. Take part in the activities organized by the school and events in the city with other students: you\u2019ll learn better and faster.<br \/>\nRemember to let your host family know the date and time of your arrival in advance, by telephone or email. If you can\u2019t get in contact, tell us directly:<br \/>\nravenna@scuolapalazzomalvisi.com; +39.0544.38199.<\/p>\n<hr \/>\n<\/td>\n<\/tr>\n<tr>\n<td width=\"48%\"><strong>Ihr Test wurde weitergeleitet, Vielen Danke f\u00fcr Ihre Bem\u00fchungen.<\/strong><br \/>\nWir senden Ihnen so schnell wie m\u00f6glich, per E-Mail, eine Best\u00e4tigung zu.<br \/>\nAchtung: Am Samstag und Sonntag ist die Schule geschlossen.<br \/>\nWir freuen uns auf Ihren Besuch in Ravenna!<br \/>\nBis bald,<br \/>\nDas Team<br \/>\nScuola Palazzo Malvisi<br \/>\n_______________________________________<br \/>\nDer Test, den Sie gerade gemacht haben, \u00fcberpr\u00fcft Ihren Wissensstand der italienischen Grammatik; auf dieser Grundlage teilen wir Sie in die passende Klasse ein. Wenn Sie jedoch nach einigen Unterrichtsstunden feststellen, dass Sie nicht mitkommen oder schon weiter sind, INFORMIEREN SIE UNS bitte umgehend. Die Mitarbeiter der Schule stehen Ihnen bei allen Fragen, Anmerkungen oder Beschwerden gerne zur Verf\u00fcgung. Es ist unser Ziel, Ihnen den Studienurlaub in Ravenna so angenehm wie m\u00f6glich zu gestalten: Warten Sie also nicht bis zum letzten Tag, bis Sie uns Ihre Meinung mitteilen. Versuchen Sie so oft wie m\u00f6glich, vor allem auch au\u00dferhalb des Unterrichts, Italienisch zu sprechen. Nehmen Sie an den Aktivit\u00e4ten der Schule und an den Veranstaltungen in der Stadt teil: Sie lernen andere Studenten kennen und lernen besser und schneller Italienisch.<br \/>\nDenken Sie daran, die Gastfamilie schnellstm\u00f6glich telefonisch oder per E-Mail \u00fcber Ihre Anreise zu informieren. Wenn Sie die Familie nicht erreichen, kontaktieren Sie uns.<br \/>\nravenna@scuolapalazzomalvisi.com; +39.0544.38199.<\/p>\n<hr \/>\n<\/td>\n<td width=\"4%\"><\/td>\n<td width=\"48%\"><strong>Votre test a \u00e9t\u00e9 envoy\u00e9, merci.<\/strong><br \/>\nNous allons bient\u00f4t vous envoyer un email pour confirmer.<br \/>\nAttention: le samedi et le dimanche notre secr\u00e9tariat est ferm\u00e9.<br \/>\nOn vous attend \u00e0 Ravenne!<br \/>\n\u00c0 bient\u00f4t,<br \/>\nle STAFF de Scuola Palazzo Malvisi<br \/>\n_______________________________________<br \/>\nLe test que vous venez de faire permet de v\u00e9rifier votre niveau de connaissance de la grammaire italienne; en fonction de celui-ci nous choisirons la classe qui vous conviendra le mieux. Cependant, si apr\u00e8s quelques cours vous ne vous sentiez pas \u00e0 l\u2019aise en classe, nous vous prions de nous LE DIRE TOUT DE SUITE. L\u2019\u00e9quipe de l\u2019\u00e9cole est \u00e0 votre enti\u00e8re disposition et \u00e0 l\u2019\u00e9coute de vos questions, observations ou r\u00e9clamations. Notre objectif est de vous faire passer un magnifique s\u00e9jour d\u2019\u00e9tudes et de vacances \u00e0 Ravenne, n\u2019attendez pas le dernier jour pour nous faire part de votre opinion. Un conseil: essayez de parler italien \u00e9galement, et surtout, en dehors de la classe, m\u00eame lorsque vous \u00eates fatigu\u00e9. Participez aux activit\u00e9s organis\u00e9es par l\u2019\u00e9cole et aux \u00e9v\u00e9nements en ville avec les autres \u00e9tudiants: vous apprendrez mieux et plus vite.<br \/>\nSouvenez-vous d\u2019informer \u00e0 l\u2019avance votre famille d\u2019accueil de la date et de votre heure d\u2019arriv\u00e9e, par t\u00e9l\u00e9phone ou par courrier \u00e9lectronique. Si vous ne r\u00e9ussissez pas \u00e0 les contacter, signalez-le nous directement.<br \/>\nravenna@scuolapalazzomalvisi.com; +39.0544.38199.<\/p>\n<hr \/>\n<\/td>\n<\/tr>\n<\/tbody>\n<\/table>\n","protected":false},"excerpt":{"rendered":"<p>Il tuo test \u00e8 stato inviato, grazie. Ti manderemo una mail di conferma il prima possibile. Attenzione: il sabato e la domenica la segreteria della scuola \u00e8 chiusa. Ti aspettiamo a Ravenna! A presto, lo STAFF della Scuola Palazzo Malvisi _______________________________________ Il test che hai appena fatto verifica il tuo livello di conoscenza della grammatica<\/p>\n","protected":false},"author":3,"featured_media":0,"parent":0,"menu_order":0,"comment_status":"closed","ping_status":"closed","template":"","meta":{"footnotes":""},"wf_page_folders":[],"class_list":["post-3618","page","type-page","status-publish","hentry"],"_links":{"self":[{"href":"https:\/\/palazzomalvisi.com\/it\/wp-json\/wp\/v2\/pages\/3618","targetHints":{"allow":["GET"]}}],"collection":[{"href":"https:\/\/palazzomalvisi.com\/it\/wp-json\/wp\/v2\/pages"}],"about":[{"href":"https:\/\/palazzomalvisi.com\/it\/wp-json\/wp\/v2\/types\/page"}],"author":[{"embeddable":true,"href":"https:\/\/palazzomalvisi.com\/it\/wp-json\/wp\/v2\/users\/3"}],"replies":[{"embeddable":true,"href":"https:\/\/palazzomalvisi.com\/it\/wp-json\/wp\/v2\/comments?post=3618"}],"version-history":[{"count":12,"href":"https:\/\/palazzomalvisi.com\/it\/wp-json\/wp\/v2\/pages\/3618\/revisions"}],"predecessor-version":[{"id":8977,"href":"https:\/\/palazzomalvisi.com\/it\/wp-json\/wp\/v2\/pages\/3618\/revisions\/8977"}],"wp:attachment":[{"href":"https:\/\/palazzomalvisi.com\/it\/wp-json\/wp\/v2\/media?parent=3618"}],"wp:term":[{"taxonomy":"wf_page_folders","embeddable":true,"href":"https:\/\/palazzomalvisi.com\/it\/wp-json\/wp\/v2\/wf_page_folders?post=3618"}],"curies":[{"name":"wp","href":"https:\/\/api.w.org\/{rel}","templated":true}]}}