{"id":3357,"date":"2017-10-13T16:39:18","date_gmt":"2017-10-13T16:39:18","guid":{"rendered":"http:\/\/palazzomalvisi.com\/?page_id=3357"},"modified":"2023-09-22T19:42:05","modified_gmt":"2023-09-22T19:42:05","slug":"faq","status":"publish","type":"page","link":"https:\/\/palazzomalvisi.com\/it\/ditals\/faq\/","title":{"rendered":"FAQ"},"content":{"rendered":"<h2 style=\"text-align: justify;\">DOMANDE FREQUENTI<\/h2>\n<p>Per aiutare tutti coloro che desiderano conseguire la certificazione DITALS a fugare i propri dubbi, abbiamo deciso di raccogliere qui le domande che pi\u00f9 spesso ci vengono poste.<br \/>\nCliccare sulla domanda per leggere la risposta.<br \/>\n<div class=\"accordion\">\n<h3><span class=\"ui-accordion-header-icon ui-icon ui-accordion-icon\"><\/span>Per chi \u00e8 consigliato il DITALS BASE?<\/h3><div><p>\nPoich\u00e9, per quel che riguarda il requisito \u201cconoscenza della lingua italiana\u201d, \u00e8 sufficiente possedere un livello B2, ci sentiamo di consigliare tale certificazione soprattutto a docenti di madrelingua diversa dall\u2019italiano.<br \/>\n<\/p><\/div>\n<h3><span class=\"ui-accordion-header-icon ui-icon ui-accordion-icon\"><\/span>Chi non \u00e8 laureato pu\u00f2 iscriversi all\u2019esame DITALS di II livello?<\/h3><div><p>\nNO.<br \/>\nPer accedere al DITALS II \u00e8 necessario possedere un diploma di laurea, quindi, chi non \u00e8 laureato, pu\u00f2 sostenere l\u2019esame per il DITALS I, ma non quello per il DITALS II.<br \/>\n<\/p><\/div>\n<h3><span class=\"ui-accordion-header-icon ui-icon ui-accordion-icon\"><\/span>Chi non ha mai insegnato italiano a stranieri pu\u00f2 iscriversi all\u2019esame DITALS di II livello?<\/h3><div><p>\nDirettamente, NO.<br \/>\nConseguendo prima la certificazione di I livello, S\u00cc.<br \/>\nPer accedere direttamente al DITALS II \u00e8 infatti necessario avere gi\u00e0 insegnato italiano a stranieri (per 300 ore).<br \/>\nNon \u00e8 possibile accedere direttamente al DITALS II avendo semplicemente svolto un tirocinio.<br \/>\nQuindi, chi non ha mai insegnato italiano a stranieri, se vuole conseguire la certificazione di II livello, deve prima conseguire quella di I livello.<br \/>\nIl possesso di questa \u201criduce\u201d il numero di ore di esperienza necessarie per accedere al livello II (da 300 a 60), ma, soprattutto, queste ore possono essere di tirocinio, e non necessariamente di insegnamento.<br \/>\nRiepilogando, un candidato laureato, che non ha mai insegnato italiano a stranieri, per conseguire il secondo livello, deve:<br \/>\n&#8211; svolgere un tirocinio di 60 ore in classi di italiano a stranieri;<br \/>\n&#8211; conseguire la certificazione di I livello;<br \/>\n&#8211; svolgere ulteriori 60 ore di tirocinio;<br \/>\n&#8211; sostenere l\u2019esame di II livello.<br \/>\n<\/p><\/div>\n<h3><span class=\"ui-accordion-header-icon ui-icon ui-accordion-icon\"><\/span>Quali sono le principali differenze tra DITALS I e DITALS II?<\/h3><div><p>\n<ul>\n<li>1. Al DITALS I si pu\u00f2 accedere con un diploma di scuola superiore,<br \/>\nper il DITALS II \u00e8 necessaria la laurea.<\/li>\n<li>2. Al DITALS I si pu\u00f2 accedere con ore di tirocinio in classi di italiano a stranieri,<br \/>\nper il DITALS II il tirocinio non basta, \u00e8 necessaria l&#8217;esperienza didattica diretta.<\/li>\n<li>3. In mancanza di esami di laurea specifici, per accedere al DITALS I \u00e8 necessario seguire un corso di orientamento di minimo 24 ore,<br \/>\nper il DITALS II le ore di corso devono essere 30.<\/li>\n<li>4. L&#8217;esame DITALS I costa \u20ac 170,<br \/>\nl&#8217;esame DITALS II costa \u20ac 260.<\/li>\n<li>5. L&#8217;esame DITALS I \u00e8 dedicato a un particolare profilo di apprendenti,<br \/>\nl&#8217;esame DITALS II contempla tutti i profili.<\/li>\n<li>6. L&#8217;esame DITALS I \u00e8 composto di 3 sezioni (A, B, C),<br \/>\nl&#8217;esame DITALS II di 4 sezioni (A, B, C, D).<\/li>\n<li>7. Le prove dell&#8217;esame DITALS I sono pi\u00f9 &#8220;guidate&#8221; (si sceglie spesso tra opzioni date),<br \/>\nle prove dell&#8217;esame DITALS II sono meno &#8220;guidate&#8221; e le domande pi\u00f9 aperte.<\/li>\n<li>8. L&#8217;esame DITALS I dura 4 ore,<br \/>\nl&#8217;esame DITALS II dura, come minimo, di 5 ore e 45 minuti.<\/li>\n<li>9. La bibliografia di studio per il DITALS II comprende pi\u00f9 testi di quella per il DITALS I.<\/li>\n<\/ul>\n<\/p><\/div>\n<h3><span class=\"ui-accordion-header-icon ui-icon ui-accordion-icon\"><\/span>Qual \u00e8 la differenza tra DITALS I e DITALS II relativamente al profilo di apprendenti?<\/h3><div><p>\n1. L&#8217;esame DITALS I \u00e8 dedicato a un particolare profilo di apprendenti.<br \/>\nLa scelta del profilo di apprendenti per cui sostenere l&#8217;esame deve essere fatta al momento dell&#8217;iscrizione.<br \/>\nTutto l&#8217;esame sar\u00e0 vincolato a tale scelta.<br \/>\nSe, ad esempio, si sceglie il profilo &#8220;bambini&#8221;:<br \/>\n&#8211; nella sezione A si deve analizzare del materiale didattico dedicato al bambini;<br \/>\n&#8211; nella sezione B si deve costruire, a partire da un testo dato, un&#8217;attivit\u00e0 didattica dedicata ai bambini;<br \/>\n&#8211; nella sezione C si deve rispondere, oltre ad alcuni quesiti uguali per tutti i profili, a domande relative al profilo &#8220;bambini&#8221;.<br \/>\nLa menzione del profilo scelto apparir\u00e0 anche sull&#8217;attestato di certificazione.<br \/>\n2. L&#8217;esame DITALS II contempla invece tutti i profili.<br \/>\nAd esempio, in una data sessione, potrebbe accadere che:<br \/>\n&#8211; nella sezione A si debba analizzare del materiale didattico per studenti universitari;<br \/>\n&#8211; nella sezione B si debba creare un&#8217;unit\u00e0 di lavoro per studenti immigrati;<br \/>\n&#8211; nella sezione C ci siano domande relative ai profili adulti\/anziani e a quello adolescenti;<br \/>\n&#8211; nella sezione D ci si debba rivolgere ad un&#8217;ipotetica classe di bambini.<br \/>\n<\/p><\/div>\n<\/div>\n","protected":false},"excerpt":{"rendered":"<p>DOMANDE FREQUENTI Per aiutare tutti coloro che desiderano conseguire la certificazione DITALS a fugare i propri dubbi, abbiamo deciso di raccogliere qui le domande che pi\u00f9 spesso ci vengono poste. Cliccare sulla domanda per leggere la risposta.<\/p>\n","protected":false},"author":3,"featured_media":0,"parent":284,"menu_order":0,"comment_status":"closed","ping_status":"closed","template":"","meta":{"footnotes":""},"wf_page_folders":[],"class_list":["post-3357","page","type-page","status-publish","hentry"],"_links":{"self":[{"href":"https:\/\/palazzomalvisi.com\/it\/wp-json\/wp\/v2\/pages\/3357","targetHints":{"allow":["GET"]}}],"collection":[{"href":"https:\/\/palazzomalvisi.com\/it\/wp-json\/wp\/v2\/pages"}],"about":[{"href":"https:\/\/palazzomalvisi.com\/it\/wp-json\/wp\/v2\/types\/page"}],"author":[{"embeddable":true,"href":"https:\/\/palazzomalvisi.com\/it\/wp-json\/wp\/v2\/users\/3"}],"replies":[{"embeddable":true,"href":"https:\/\/palazzomalvisi.com\/it\/wp-json\/wp\/v2\/comments?post=3357"}],"version-history":[{"count":27,"href":"https:\/\/palazzomalvisi.com\/it\/wp-json\/wp\/v2\/pages\/3357\/revisions"}],"predecessor-version":[{"id":10893,"href":"https:\/\/palazzomalvisi.com\/it\/wp-json\/wp\/v2\/pages\/3357\/revisions\/10893"}],"up":[{"embeddable":true,"href":"https:\/\/palazzomalvisi.com\/it\/wp-json\/wp\/v2\/pages\/284"}],"wp:attachment":[{"href":"https:\/\/palazzomalvisi.com\/it\/wp-json\/wp\/v2\/media?parent=3357"}],"wp:term":[{"taxonomy":"wf_page_folders","embeddable":true,"href":"https:\/\/palazzomalvisi.com\/it\/wp-json\/wp\/v2\/wf_page_folders?post=3357"}],"curies":[{"name":"wp","href":"https:\/\/api.w.org\/{rel}","templated":true}]}}