{"id":299,"date":"2015-05-08T07:48:25","date_gmt":"2015-05-08T07:48:25","guid":{"rendered":"http:\/\/www.palazzomalvisi.com\/?page_id=299"},"modified":"2026-05-07T15:26:46","modified_gmt":"2026-05-07T15:26:46","slug":"documenti","status":"publish","type":"page","link":"https:\/\/palazzomalvisi.com\/it\/ditals\/documenti\/","title":{"rendered":"Documenti"},"content":{"rendered":"<p>Da questa pagina \u00e8 possibile scaricare:<\/p>\n<ol>\n<li><strong>Le bibliografie di riferimento per la preparazione degli esami DITALS<\/strong><\/li>\n<li><strong>I moduli di iscrizione all&#8217;esame.<\/strong><\/li>\n<li><strong>I modelli degli esami.<\/strong><\/li>\n<li><strong>I criteri di valutazione.<\/strong><\/li>\n<\/ol>\n<div class=\"accordion\">\n<h3><span class=\"ui-accordion-header-icon ui-icon ui-accordion-icon\"><\/span>BIBLIOGRAFIE<\/h3><div><p>\n<ol>\n<li><strong><a href=\"https:\/\/palazzomalvisi.com\/wp-content\/uploads\/Bibliografia_DITALS_BASE_2026.pdf\" target=\"_blank\" rel=\"noopener\">Bibliografia DITALS BASE &#8211; 2026<\/a><\/strong><\/li>\n<li><strong><a href=\"https:\/\/palazzomalvisi.com\/wp-content\/uploads\/Bibliografia_DITALS_I_2026.pdf\" target=\"_blank\" rel=\"noopener\">Bibliografia DITALS I &#8211; 2026<\/a><\/strong><\/li>\n<li><strong><a href=\"https:\/\/palazzomalvisi.com\/wp-content\/uploads\/Bibliografia_DITALS_II_2026.pdf\" target=\"_blank\" rel=\"noopener\">Bibliografia DITALS II &#8211; 2026<\/a><\/strong><\/li>\n<li><strong><a href=\"https:\/\/palazzomalvisi.com\/wp-content\/uploads\/Bibliografia_DITALS_BASE_Scuola_2026.pdf\" target=\"_blank\" rel=\"noopener\">Bibliografia DITALS BASE per la scuola &#8211; 2026<\/a><\/strong><\/li>\n<li><strong><a href=\"https:\/\/palazzomalvisi.com\/wp-content\/uploads\/Bibliografia_DITALS_II_Scuola_2026.pdf\" target=\"_blank\" rel=\"noopener\">Bibliografia DITALS II PER LA SCUOLA &#8211; 2026<\/a><\/strong><\/li>\n<\/ol>\n<hr \/>\n<p><strong>SERVIZIO DI CONSULENZA BIBLIOGRAFICA<\/strong><br \/>\nPresso la Scuola Palazzo Malvisi di Ravenna\u00a0sono a disposizione dei candidati, per consultazione senza prestito:<\/p>\n<ol>\n<li>tutti i numeri della collana &#8220;La DITALS risponde&#8221;;<\/li>\n<li>la maggioranza dei testi indicati nelle bibliografie DITALS BASE, DITALS I e DITALS II.<\/li>\n<\/ol>\n<p>Per fissare un appuntamento per una consulenza bibliografica gratuita,<br \/>\ncompilare il seguente modulo: <strong><a href=\"http:\/\/palazzomalvisi.com\/it\/contatti\/\">CONTATTI<\/a><\/strong><\/p>\n<hr \/>\n<p><strong>MATERIALE\u00a0A DOWNLOAD LIBERO<\/strong><br \/>\nIl seguente materiale \u00e8 utile per la preparazione degli esami DITALS, gratuito e a disposizione dei candidati.<\/p>\n<ol>\n<li><strong><a href=\"http:\/\/palazzomalvisi.com\/wp-content\/uploads\/2015\/03\/CEFR.pdf\" target=\"_blank\" rel=\"noopener\">Common European Framework of Reference for Languages<\/a><\/strong><br \/>\nIl Quadro Comune di Riferimento Europeo per le lingue in inglese. Il testo \u00e8 fondamentale per la preparazione degli esami DITALS. Si precisa per\u00f2 che l&#8217;esame si svolge in lingua italiana ed \u00e8 quindi bene conoscere anche la traduzione italiana dei termini tecnici contenuti nel testo.<\/li>\n<li><strong><a href=\"http:\/\/palazzomalvisi.com\/wp-content\/uploads\/2015\/03\/CEFR_Companion.pdf\" target=\"_blank\" rel=\"noopener\">Common European Framework of Reference for Languages &#8211; Companion Volume With New descriptors<\/a><\/strong><br \/>\nIl pi\u00f9 recente aggiornamento del Quadro Comune di Riferimento Europeo per le lingue. In inglese.<\/li>\n<li><strong><a href=\"http:\/\/palazzomalvisi.com\/wp-content\/uploads\/2015\/03\/PEFIL.pdf\" target=\"_blank\" rel=\"noopener\">PEFIL &#8211; Portfolio Europeo per la formazione iniziale degli insegnanti di lingue<\/a><\/strong><br \/>\nTraduzione italiana dell&#8217; EPOSTL &#8211; European Portfolio for Student Teachers of Languages. A reflection tool for Language teacher education, ECML (European Centre for Modern Languages), Graz 2007. Consiglio d&#8217;Europa.<\/li>\n<li><strong><a href=\"http:\/\/palazzomalvisi.com\/wp-content\/uploads\/2015\/03\/Una_Sfida_Salutare.pdf\" target=\"_blank\" rel=\"noopener\">Una Sfida Salutare<\/a><\/strong><br \/>\n<em>Come la molteplicit\u00e0 delle lingue potrebbe rafforzare l&#8217;Europa. Proposte del Gruppo degli intellettuali per il dialogo interculturale costituito su iniziativa della Commissione europea. Bruxelles 2008.<\/em> Il testo analizzato dal Professor Vedovelli in uno dei manuali inseriti nelle bibliografie d&#8217;esame.<\/li>\n<li><strong><a href=\"http:\/\/palazzomalvisi.com\/wp-content\/uploads\/2015\/03\/MIUR_Linee_Guida_Integrazione_Studenti_Stranieri_2014.pdf\" target=\"_blank\" rel=\"noopener\">Linee guida per l\u2019accoglienza e l\u2019integrazione degli alunni stranieri<\/a><\/strong><br \/>\nLe linee guida pubblicate dal M.I.U.R. nel 2014. Testo importante per chi si iscrive ai profili bambini o adolescenti del DITALS I, e al DITALS II.<\/li>\n<li><strong><a href=\"http:\/\/palazzomalvisi.com\/wp-content\/uploads\/2015\/03\/INDIRE_Team_Teaching_CLIL.pdf\" target=\"_blank\" rel=\"noopener\">TEAM TEACHING CLIL &#8211; Il ruolo dell&#8217;insegnante di lingua straniera nel team: la &#8220;spalla&#8221; CLIL.<\/a><\/strong><br \/>\nUn interessante testo, pubblicato dall&#8217;INDIRE (Istituto Nazionale Documentazione Innovazione Ricerca Educativa) sulla metodologia CLIL (Content and Language Integrated Learning).<\/li>\n<li><strong><a href=\"http:\/\/palazzomalvisi.com\/wp-content\/uploads\/S_Krashen_SL_Acquisition_SL_Learning.pdf\" target=\"_blank\" rel=\"noopener\">Stephen Krashen &#8211; Second Language Acquisition and Second Language Learning<\/a><\/strong><br \/>\nUno dei testi fondamentali di Krashen. 1981. In Inglese.<\/li>\n<li><strong><a href=\"http:\/\/palazzomalvisi.com\/wp-content\/uploads\/S_Krashen_Principles_Practice_1982.pdf\" target=\"_blank\" rel=\"noopener\">Stephen Krashen &#8211; Principles and Practice in Second Language Acquisition<\/a><\/strong><br \/>\nAltro testo fondamentale di Krashen. 1982. In Inglese.<\/li>\n<li><strong><a href=\"http:\/\/palazzomalvisi.com\/wp-content\/uploads\/2015\/03\/S_Krashen_Natural_Approch_1983.pdf\" target=\"_blank\" rel=\"noopener\">Stephen Krashen e Tracy Terrel &#8211; The Natural Approch<\/a><\/strong><br \/>\nUno dei testi pi\u00f9 importanti della storia della glottodidattica. 1983. In Inglese.<\/li>\n<li><strong><a href=\"http:\/\/palazzomalvisi.com\/wp-content\/uploads\/2015\/03\/S_Krashen_Explorations_Language.pdf\" target=\"_blank\" rel=\"noopener\">Stephen Krashen &#8211; Explorations in Language Acquisition and Use<\/a><\/strong><br \/>\nUn testo pi\u00f9 recente di Krashen. 2003. In Inglese.<\/li>\n<\/ol>\n<\/p><\/div>\n<h3><span class=\"ui-accordion-header-icon ui-icon ui-accordion-icon\"><\/span>MODULI DI ISCRIZIONE AGLI ESAMI DITALS<\/h3><div><p>\nATTENZIONE: i moduli sono scaricabili solo a partire da 8 settimane (circa) prima della data d&#8217;esame, in quanto il centro DITALS pubblica un modulo diverso per ciascuna sessione d&#8217;esame.<\/p>\n<ol>\n<li><strong>Modulo di iscrizione DITALS BASE &#8211; Sede di Ravenna<\/strong><\/li>\n<li><strong>Modulo di iscrizione DITALS BASE con capitalizzazione &#8211; Sede di Ravenna<\/strong><\/li>\n<li><strong>Modulo di iscrizione DITALS I &#8211; Sede di Ravenna<\/strong><\/li>\n<li><strong>Modulo di iscrizione DITALS I con capitalizzazione &#8211; Sede di Ravenna<\/strong><\/li>\n<li><strong>Modulo di iscrizione DITALS II &#8211; Sede di Ravenna<\/strong><\/li>\n<li><strong>Modulo di iscrizione DITALS II con capitalizzazione &#8211; Sede di Ravenna<\/strong><\/li>\n<li><strong>Modulo di iscrizione DITALS II PER LA SCUOLA &#8211; Sede di Ravenna<\/strong><\/li>\n<li><strong>Modulo di iscrizione DITALS II PER LA SCUOLA con capitalizzazione &#8211; Sede di Ravenna<\/strong><\/li>\n<li><strong>Modulo di iscrizione DITALS BASE PER LA SCUOLA &#8211; Sede di Ravenna<\/strong><\/li>\n<li><strong>Modulo di iscrizione DITALS BASE PER LA SCUOLA con capitalizzazione &#8211; Sede di Ravenna<\/strong><\/li>\n<\/ol>\n<p>Nel caso alcuni moduli non risultino scaricabili, per informazioni<br \/>\ncompilare il seguente modulo: <strong><a href=\"http:\/\/palazzomalvisi.com\/contatti\/\">CONTATTI<\/a><\/strong><\/p>\n<\/p><\/div>\n<h3><span class=\"ui-accordion-header-icon ui-icon ui-accordion-icon\"><\/span>MODELLI D'ESAME DITALS<\/h3><div><p>\n<ol>\n<li><strong><a href=\"http:\/\/palazzomalvisi.com\/wp-content\/uploads\/DITALS_BASE_Modello_2020.pdf\" target=\"_blank\" rel=\"noopener\">Modello d&#8217;esame DITALS BASE<\/a><\/strong><\/li>\n<li><strong><a href=\"http:\/\/palazzomalvisi.com\/wp-content\/uploads\/DITALS_I_Modello_2020.pdf\" target=\"_blank\" rel=\"noopener\">Modello d&#8217;esame DITALS I<\/a><\/strong><\/li>\n<li><strong><a href=\"http:\/\/palazzomalvisi.com\/wp-content\/uploads\/DITALS_II_Modello_2020_02.pdf\" target=\"_blank\" rel=\"noopener\">Modello d&#8217;esame DITALS II<\/a><\/strong><\/li>\n<li><strong><a href=\"https:\/\/palazzomalvisi.com\/wp-content\/uploads\/DITALS_II_SCUOLA_Modello.pdf\" target=\"_blank\" rel=\"noopener\">Modello d&#8217;esame DITALS II PER LA SCUOLA<\/a><\/strong><\/li>\n<\/ol>\n<\/p><\/div>\n<h3><span class=\"ui-accordion-header-icon ui-icon ui-accordion-icon\"><\/span>CRITERI DI VALUTAZIONE DEGLI ESAMI DITALS<\/h3><div><p>\n<ol>\n<li><strong><a href=\"http:\/\/palazzomalvisi.com\/wp-content\/uploads\/CRITERI_VALUTAZIONE_DITALS_BASE_2020.pdf\" target=\"_blank\" rel=\"noopener\">Criteri di valutazione DITALS BASE<\/a><\/strong><\/li>\n<li><strong><a href=\"http:\/\/palazzomalvisi.com\/wp-content\/uploads\/CRITERI_VALUTAZIONE_DITALS_I_2020.pdf\" target=\"_blank\" rel=\"noopener\">Criteri di valutazione DITALS I<\/a><\/strong><\/li>\n<li><strong><a href=\"http:\/\/palazzomalvisi.com\/wp-content\/uploads\/CRITERI_VALUTAZIONE_DITALS_II_2020.pdf\" target=\"_blank\" rel=\"noopener\">Criteri di valutazione DITALS II<\/a><\/strong><\/li>\n<li><strong><a href=\"http:\/\/palazzomalvisi.com\/wp-content\/uploads\/CRITERI_VALUTAZIONE_DITALS_II_2020.pdf\" target=\"_blank\" rel=\"noopener\">Criteri di valutazione DITALS II PER LA SCUOLA<\/a><\/strong><\/li>\n<\/ol>\n<\/p><\/div>\n<\/div>\n","protected":false},"excerpt":{"rendered":"<p>Da questa pagina \u00e8 possibile scaricare: Le bibliografie di riferimento per la preparazione degli esami DITALS I moduli di iscrizione all&#8217;esame. I modelli degli esami. I criteri di valutazione.<\/p>\n","protected":false},"author":1,"featured_media":0,"parent":284,"menu_order":0,"comment_status":"open","ping_status":"open","template":"","meta":{"footnotes":""},"wf_page_folders":[],"class_list":["post-299","page","type-page","status-publish","hentry"],"_links":{"self":[{"href":"https:\/\/palazzomalvisi.com\/it\/wp-json\/wp\/v2\/pages\/299","targetHints":{"allow":["GET"]}}],"collection":[{"href":"https:\/\/palazzomalvisi.com\/it\/wp-json\/wp\/v2\/pages"}],"about":[{"href":"https:\/\/palazzomalvisi.com\/it\/wp-json\/wp\/v2\/types\/page"}],"author":[{"embeddable":true,"href":"https:\/\/palazzomalvisi.com\/it\/wp-json\/wp\/v2\/users\/1"}],"replies":[{"embeddable":true,"href":"https:\/\/palazzomalvisi.com\/it\/wp-json\/wp\/v2\/comments?post=299"}],"version-history":[{"count":158,"href":"https:\/\/palazzomalvisi.com\/it\/wp-json\/wp\/v2\/pages\/299\/revisions"}],"predecessor-version":[{"id":12836,"href":"https:\/\/palazzomalvisi.com\/it\/wp-json\/wp\/v2\/pages\/299\/revisions\/12836"}],"up":[{"embeddable":true,"href":"https:\/\/palazzomalvisi.com\/it\/wp-json\/wp\/v2\/pages\/284"}],"wp:attachment":[{"href":"https:\/\/palazzomalvisi.com\/it\/wp-json\/wp\/v2\/media?parent=299"}],"wp:term":[{"taxonomy":"wf_page_folders","embeddable":true,"href":"https:\/\/palazzomalvisi.com\/it\/wp-json\/wp\/v2\/wf_page_folders?post=299"}],"curies":[{"name":"wp","href":"https:\/\/api.w.org\/{rel}","templated":true}]}}