{"id":292,"date":"2015-05-07T15:11:15","date_gmt":"2015-05-07T15:11:15","guid":{"rendered":"http:\/\/www.palazzomalvisi.com\/?page_id=292"},"modified":"2025-09-11T16:27:07","modified_gmt":"2025-09-11T16:27:07","slug":"iscrizione","status":"publish","type":"page","link":"https:\/\/palazzomalvisi.com\/it\/ditals\/iscrizione\/","title":{"rendered":"Iscrizione"},"content":{"rendered":"<p>Come iscriversi ad un esame DITALS presso la sede di Ravenna:<\/p>\n<div class=\"accordion\">\n<h3><span class=\"ui-accordion-header-icon ui-icon ui-accordion-icon\"><\/span>ISCRIZIONE AL DITALS BASE<\/h3><div><p>\n<p><strong>DITALS BASE<\/strong><\/p>\n<ol>\n<li style=\"list-style-type: none;\">\n<ol>\n<li>Scaricare il modulo di iscrizione in formato PDF alla pagina <strong><a href=\"http:\/\/palazzomalvisi.com\/it\/ditals\/documenti\/\" target=\"_blank\" rel=\"noopener\">DOCUMENTI<\/a><\/strong>:<strong><br \/>\n<\/strong>(Se il link non \u00e8 cliccabile significa che il modulo per la prima sessione d&#8217;esame utile non \u00e8 stato ancora pubblicato)<\/li>\n<li>Compilare il modulo in ogni sua parte.<\/li>\n<li>Allegare al modulo la seguente documentazione:\n<ul>\n<li>fotocopia di un documento di identit\u00e0;<\/li>\n<li>quant\u2019altro il candidato ritenga utile produrre.<br \/>\n<span style=\"line-height: 1.5;\">I candidati extracomunitari dovranno inoltre allegare: <\/span>diploma di maturit\u00e0 tradotto, autenticato e munito di dichiarazione di valore rilasciata dalle rappresentanze diplomatiche italiane all\u2019estero. I candidati extracomunitari regolarmente soggiornanti in Italia, potranno utilizzare le dichiarazioni sostitutive di cui agli art. 46 e 47 del D.P.R. 445 del 28\/12\/2000 limitatamente agli stati, alle qualit\u00e0 personali e ai fatti certificabili o attestabili da parte di soggetti pubblici o privati italiani.<\/li>\n<\/ul>\n<\/li>\n<li>Effettuare, tramite bonifico bancario o direttamente in sede tramite contanti, bancomat o carta di credito, un pagamento di <strong>\u20ac 20,00<\/strong> come tassa di pre-iscrizione.<br \/>\nIl bonifico bancario va intestato a: <strong>MIDA TRAINING CENTER S.R.L. <\/strong>(l&#8217;IBAN verr\u00e0 comunicato via e-mail)<br \/>\n<strong style=\"line-height: 1.5;\"><strong style=\"line-height: 1.5;\">Causale: <\/strong><\/strong><em>nome<\/em>, <em>cognome<\/em>, <em>codice fiscale<\/em>, preiscrizione DITALS BASE, <em>data sessione<\/em><\/li>\n<li>Inviare, via e-mail (come allegato), all&#8217;indirizzo <a href=\"mailto:gianni@scuolapalazzomalvisi.com\" target=\"_blank\" rel=\"noopener\">gianni@scuolapalazzomalvisi.com<\/a>, entro la data di scadenza di iscrizione all&#8217;esame:\n<ul>\n<li>il modulo di iscrizione;<\/li>\n<li>i documenti allegati;<\/li>\n<li>la ricevuta dell&#8217;eventuale bonifico;<\/li>\n<\/ul>\n<\/li>\n<li>In caso di accettazione della domanda, Scuola Palazzo Malvisi provveder\u00e0 immediatamente ad avvisare il candidato, che dovr\u00e0 versare, con le stesse modalit\u00e0 della tassa di pre-iscrizione, la tassa d&#8217;iscrizione (<strong>\u20ac 90<\/strong>).<\/li>\n<\/ol>\n<\/li>\n<\/ol>\n<p><strong>ATTENZIONE!<\/strong><br \/>\nIl termine ultimo per annullare la propria iscrizione all&#8217;esame, perdendo la tassa di pre-iscrizione (<strong>\u20ac 20<\/strong>), ma ottenendo il rimborso della tassa d&#8217;esame (<strong>\u20ac 90<\/strong>) \u00e8 fissato, di volta in volta, a circa\u00a0<strong>4 settimane prima<\/strong> della data d&#8217;esame.<br \/>\n<strong>Dopo quella data non sar\u00e0 pi\u00f9 possibile ritirarsi dall&#8217;esame.<\/strong><br \/>\nIl candidato assente il giorno dell\u2019esame potr\u00e0 ottenere un congelamento della tassa di esame producendo un<br \/>\ngiustificativo (<strong>SOLO per motivi di malattia, studio, lavoro<\/strong>) alla sede di esame. Il candidato in tal caso otterr\u00e0 un<br \/>\nposticipo e potr\u00e0 ripresentarsi per sostenere l\u2019esame entro un anno nella stessa sede di esame<\/p>\n<\/p><\/div>\n<h3><span class=\"ui-accordion-header-icon ui-icon ui-accordion-icon\"><\/span>ISCRIZIONE AL DITALS I<\/h3><div><p>\n<p><strong>DITALS I<\/strong><\/p>\n<ol>\n<li>Scaricare il modulo di iscrizione in formato PDF alla pagina <strong><a href=\"http:\/\/palazzomalvisi.com\/it\/ditals\/documenti\/\" target=\"_blank\" rel=\"noopener\">DOCUMENTI<\/a><\/strong>:<strong><br \/>\n<\/strong>(Se il link non \u00e8 cliccabile significa che il modulo per la prima sessione d&#8217;esame utile non \u00e8 stato ancora pubblicato)<\/li>\n<li>Compilare il modulo in ogni sua parte.<\/li>\n<li>Allegare al modulo la seguente documentazione:\n<ul>\n<li>fotocopia di un documento di identit\u00e0;<\/li>\n<li>quant\u2019altro il candidato ritenga utile produrre.<br \/>\n<span style=\"line-height: 1.5;\">I candidati extracomunitari dovranno inoltre allegare:\u00a0<\/span>diploma di maturit\u00e0 tradotto, autenticato e munito di dichiarazione di valore rilasciata dalle rappresentanze diplomatiche italiane all\u2019estero. I candidati extracomunitari regolarmente soggiornanti in Italia, potranno utilizzare le dichiarazioni sostitutive di cui agli art. 46 e 47 del D.P.R. 445 del 28\/12\/2000 limitatamente agli stati, alle qualit\u00e0 personali e ai fatti certificabili o attestabili da parte di soggetti pubblici o privati italiani.<\/li>\n<\/ul>\n<\/li>\n<li>Effettuare, tramite bonifico bancario o direttamente in sede tramite contanti, bancomat o carta di credito, un pagamento di <strong>\u20ac 20,00<\/strong> come tassa di pre-iscrizione.<\/li>\n<li>Il bonifico bancario va intestato a: <strong>MIDA TRAINING CENTER S.R.L. <\/strong>(l&#8217;IBAN verr\u00e0 comunicato via e-mail)<br \/>\n<strong style=\"line-height: 1.5;\"><strong style=\"line-height: 1.5;\">Causale: <\/strong><\/strong><em>nome<\/em>, <em>cognome<\/em>, <em>codice fiscale<\/em>, preiscrizione DITALS I, <em>data sessione<\/em><\/li>\n<li>Inviare, via e-mail (come allegato), all&#8217;indirizzo <a href=\"mailto:gianni@scuolapalazzomalvisi.com\" target=\"_blank\" rel=\"noopener\">gianni@scuolapalazzomalvisi.com<\/a>, entro la data di scadenza di iscrizione all&#8217;esame:\n<ul>\n<li>il modulo di iscrizione;<\/li>\n<li>i documenti allegati;<\/li>\n<li>la ricevuta dell&#8217;eventuale bonifico;<\/li>\n<\/ul>\n<\/li>\n<li>In caso di accettazione della domanda, Scuola Palazzo Malvisi provveder\u00e0 immediatamente ad avvisare il candidato, che dovr\u00e0 versare,\u00a0con le stesse modalit\u00e0 della tassa di pre-iscrizione,\u00a0la tassa d&#8217;iscrizione (<strong>\u20ac 150<\/strong>).<\/li>\n<\/ol>\n<p><strong>ATTENZIONE!<\/strong><br \/>\nIl termine ultimo per annullare la propria iscrizione all&#8217;esame, perdendo la tassa di pre-iscrizione (<strong>\u20ac 20<\/strong>), ma ottenendo il rimborso della tassa d&#8217;esame (<strong>\u20ac 150<\/strong>) \u00e8 fissato, di volta in volta, a circa\u00a0<strong>4 settimane prima<\/strong> della data d&#8217;esame.<br \/>\n<strong>Dopo quella data non sar\u00e0 pi\u00f9 possibile ritirarsi dall&#8217;esame.<\/strong><br \/>\nIl candidato assente il giorno dell\u2019esame potr\u00e0 ottenere un congelamento della tassa di esame producendo un<br \/>\ngiustificativo (<strong>SOLO per motivi di malattia, studio, lavoro<\/strong>) alla sede di esame. Il candidato in tal caso otterr\u00e0 un<br \/>\nposticipo e potr\u00e0 ripresentarsi per sostenere l\u2019esame entro un anno nella stessa sede di esame.<\/p>\n<\/p><\/div>\n<h3><span class=\"ui-accordion-header-icon ui-icon ui-accordion-icon\"><\/span>ISCRIZIONE AL DITALS II<\/h3><div><p>\n<p><strong>DITALS II<\/strong><\/p>\n<ol>\n<li style=\"list-style-type: none;\">\n<ol>\n<li>Scaricare il modulo di iscrizione in formato PDF alla pagina <strong><a href=\"http:\/\/palazzomalvisi.com\/it\/ditals\/documenti\/\" target=\"_blank\" rel=\"noopener\">DOCUMENTI<\/a><\/strong>:<strong><br \/>\n<\/strong>(Se il link non \u00e8 cliccabile significa che il modulo per la prima sessione d&#8217;esame utile non \u00e8 stato ancora pubblicato)<\/li>\n<li>Compilare il modulo in ogni sua parte.<\/li>\n<li>Allegare al modulo la seguente documentazione:\n<ul>\n<li>fotocopia di un documento di identit\u00e0;<\/li>\n<li>fotocopia certificato di laurea (o autocertificazione)<\/li>\n<li>fotocopia attestato corso di glottodidattica<\/li>\n<li>attestato ore di insegnamento o tirocinio<\/li>\n<li>quanto altro il candidato ritenga utile produrre.<br \/>\nI candidati extracomunitari dovranno inoltre allegare:<br \/>\n&#8211; certificato di laurea o diploma di maturit\u00e0 tradotto, autenticato e munito di dichiarazione di valore\u00a0rilasciata dalle rappresentanze diplomatiche italiane all\u2019estero<br \/>\n&#8211; documentazione relativa ai corsi di formazione e\/o alle esperienze di insegnamento;<br \/>\nI candidati extracomunitari regolarmente soggiornanti in Italia, potranno utilizzare le dichiarazioni\u00a0sostitutive di cui agli art. 46 e 47 del D.P.R. 445 del 28\/12\/2000 limitatamente agli stati, alle qualit\u00e0 personali e ai fatti certificabili o attestabili da parte di soggetti pubblici o privati italiani.<\/li>\n<\/ul>\n<\/li>\n<li>Effettuare, tramite bonifico bancario o direttamente in sede tramite contanti, bancomat o carta di credito, un pagamento di <strong>\u20ac 40,00<\/strong> come tassa di pre-iscrizione.<\/li>\n<li>Il bonifico bancario va intestato a: <strong>MIDA TRAINING CENTER S.R.L. <\/strong>(l&#8217;IBAN verr\u00e0 comunicato via e-mail)<br \/>\n<strong style=\"line-height: 1.5;\"><strong style=\"line-height: 1.5;\">Causale: <\/strong><\/strong><em>nome<\/em>, <em>cognome<\/em>, <em>codice fiscale<\/em>, preiscrizione DITALS II, <em>data sessione<\/em><\/li>\n<li>Inviare, via e-mail (come allegato), all&#8217;indirizzo <a href=\"mailto:gianni@scuolapalazzomalvisi.com\" target=\"_blank\" rel=\"noopener\">gianni@scuolapalazzomalvisi.com<\/a>, entro la data di scadenza di iscrizione all&#8217;esame:\n<ul>\n<li>il modulo di iscrizione;<\/li>\n<li>i documenti allegati;<\/li>\n<li>la ricevuta dell&#8217;eventuale bonifico;<\/li>\n<\/ul>\n<\/li>\n<li>In caso di accettazione della domanda, Scuola Palazzo Malvisi provveder\u00e0 immediatamente ad avvisare il candidato, che dovr\u00e0 versare,\u00a0con le stesse modalit\u00e0 della tassa di pre-iscrizione,\u00a0la tassa d&#8217;iscrizione (<strong>\u20ac 220<\/strong>).<\/li>\n<\/ol>\n<\/li>\n<\/ol>\n<p><strong>ATTENZIONE!<\/strong><br \/>\nIl termine ultimo per annullare la propria iscrizione all&#8217;esame, perdendo la tassa di pre-iscrizione (<strong>\u20ac 40<\/strong>), ma ottenendo il rimborso della tassa d&#8217;esame (<strong>\u20ac 220<\/strong>) \u00e8 fissato, di volta in volta, a circa\u00a0<strong>4 settimane prima<\/strong> della data d&#8217;esame.<br \/>\n<strong>Dopo quella data non sar\u00e0 pi\u00f9 possibile ritirarsi dall&#8217;esame.<\/strong><br \/>\nIl candidato assente il giorno dell\u2019esame potr\u00e0 ottenere un congelamento della tassa di esame producendo un<br \/>\ngiustificativo (<strong>SOLO per motivi di malattia, studio, lavoro<\/strong>) alla sede di esame. Il candidato in tal caso otterr\u00e0 un<br \/>\nposticipo e potr\u00e0 ripresentarsi per sostenere l\u2019esame entro un anno nella stessa sede di esame.<\/p>\n<\/p><\/div>\n<h3><span class=\"ui-accordion-header-icon ui-icon ui-accordion-icon\"><\/span>ISCRIZIONE AL DITALS II PER LA SCUOLA<\/h3><div><p>\n<p><strong>DITALS II PER LA SCUOLA<\/strong><\/p>\n<ol>\n<li style=\"list-style-type: none;\">\n<ol>\n<li>Scaricare il modulo di iscrizione in formato PDF alla pagina <strong><a href=\"http:\/\/palazzomalvisi.com\/it\/ditals\/documenti\/\" target=\"_blank\" rel=\"noopener\">DOCUMENTI<\/a><\/strong>:<strong><br \/>\n<\/strong>(Se il link non \u00e8 cliccabile significa che il modulo per la prima sessione d&#8217;esame utile non \u00e8 stato ancora pubblicato)<\/li>\n<li>Compilare il modulo in ogni sua parte.<\/li>\n<li>Allegare al modulo la seguente documentazione:\n<ul>\n<li>fotocopia di un documento di identit\u00e0;<\/li>\n<li>fotocopia certificato di laurea (o autocertificazione)<\/li>\n<li>fotocopia attestato corso di glottodidattica<\/li>\n<li>quanto altro il candidato ritenga utile produrre.<br \/>\nI candidati extracomunitari dovranno inoltre allegare:<br \/>\n&#8211; certificato di laurea o diploma di maturit\u00e0 tradotto, autenticato e munito di dichiarazione di valore\u00a0rilasciata dalle rappresentanze diplomatiche italiane all\u2019estero<br \/>\n&#8211; documentazione relativa ai corsi di formazione e\/o alle esperienze di insegnamento;<br \/>\nI candidati extracomunitari regolarmente soggiornanti in Italia, potranno utilizzare le dichiarazioni\u00a0sostitutive di cui agli art. 46 e 47 del D.P.R. 445 del 28\/12\/2000 limitatamente agli stati, alle qualit\u00e0 personali e ai fatti certificabili o attestabili da parte di soggetti pubblici o privati italiani.<\/li>\n<\/ul>\n<\/li>\n<li>Effettuare, tramite bonifico bancario o direttamente in sede tramite contanti, bancomat o carta di credito, un pagamento di <strong>\u20ac 40,00<\/strong> come tassa di pre-iscrizione.<\/li>\n<li>Il bonifico bancario va intestato a: <strong>MIDA TRAINING CENTER S.R.L. <\/strong>(l&#8217;IBAN verr\u00e0 comunicato via e-mail)<br \/>\n<strong style=\"line-height: 1.5;\"><strong style=\"line-height: 1.5;\">Causale: <\/strong><\/strong><em>nome<\/em>, <em>cognome<\/em>, <em>codice fiscale<\/em>, preiscrizione DITALS II PER LA SCUOLA, <em>data sessione<\/em><\/li>\n<li>Inviare, via e-mail (come allegato), all&#8217;indirizzo <a href=\"mailto:gianni@scuolapalazzomalvisi.com\" target=\"_blank\" rel=\"noopener\">gianni@scuolapalazzomalvisi.com<\/a>, entro la data di scadenza di iscrizione all&#8217;esame:\n<ul>\n<li>il modulo di iscrizione;<\/li>\n<li>i documenti allegati;<\/li>\n<li>la ricevuta dell&#8217;eventuale bonifico;<\/li>\n<\/ul>\n<\/li>\n<li>In caso di accettazione della domanda, Scuola Palazzo Malvisi provveder\u00e0 immediatamente ad avvisare il candidato, che dovr\u00e0 versare,\u00a0con le stesse modalit\u00e0 della tassa di pre-iscrizione,\u00a0la tassa d&#8217;iscrizione (<strong>\u20ac 160<\/strong>).<\/li>\n<\/ol>\n<\/li>\n<\/ol>\n<p><strong>ATTENZIONE!<\/strong><br \/>\nIl termine ultimo per annullare la propria iscrizione all&#8217;esame, perdendo la tassa di pre-iscrizione (<strong>\u20ac 40<\/strong>), ma ottenendo il rimborso della tassa d&#8217;esame (<strong>\u20ac 160<\/strong>) \u00e8 fissato, di volta in volta, a circa\u00a0<strong>4 settimane prima<\/strong> della data d&#8217;esame.<br \/>\n<strong>Dopo quella data non sar\u00e0 pi\u00f9 possibile ritirarsi dall&#8217;esame.<\/strong><br \/>\nIl candidato assente il giorno dell\u2019esame potr\u00e0 ottenere un congelamento della tassa di esame producendo un<br \/>\ngiustificativo (<strong>SOLO per motivi di malattia, studio, lavoro<\/strong>) alla sede di esame. Il candidato in tal caso otterr\u00e0 un<br \/>\nposticipo e potr\u00e0 ripresentarsi per sostenere l\u2019esame entro un anno nella stessa sede di esame.<\/p>\n<\/p><\/div>\n<h3><span class=\"ui-accordion-header-icon ui-icon ui-accordion-icon\"><\/span>ISCRIZIONE AL DITALS BASE CON CAPITALIZZAZIONE<\/h3><div><p>\n<p><strong>DITALS BASE CON CAPITALIZZAZIONE<\/strong><\/p>\n<p>Per iscriversi ad una sessione d&#8217;esame per sostenere le sole sezioni dell&#8217;esame non superate in una sessione precedente:<\/p>\n<ol>\n<li>Scaricare il modulo di iscrizione in formato PDF alla pagina <strong><a href=\"http:\/\/palazzomalvisi.com\/it\/ditals\/documenti\/\" target=\"_blank\" rel=\"noopener\">DOCUMENTI<\/a><\/strong>:<strong><br \/>\n<\/strong>(Se il link non \u00e8 cliccabile significa che il modulo per la prima sessione d&#8217;esame utile non \u00e8 stato ancora pubblicato)<\/li>\n<li>Compilare il modulo in ogni sua parte.<\/li>\n<li>Allegare al modulo la seguente documentazione:\n<ul>\n<li>fotocopia di un documento di identit\u00e0;<\/li>\n<li>quant\u2019altro il candidato ritenga utile produrre.<\/li>\n<li>I candidati extracomunitari dovranno inoltre allegare: diploma di maturit\u00e0 tradotto, autenticato e munito di dichiarazione di valore rilasciata dalle rappresentanze diplomatiche italiane all\u2019estero. I candidati extracomunitari regolarmente soggiornanti in Italia, potranno utilizzare le dichiarazioni sostitutive di cui agli art. 46 e 47 del D.P.R. 445 del 28\/12\/2000 limitatamente agli stati, alle qualit\u00e0 personali e ai fatti certificabili o attestabili da parte di soggetti pubblici o privati italiani.<\/li>\n<\/ul>\n<\/li>\n<li>Effettuare, tramite bonifico bancario o direttamente in sede tramite contanti, bancomat o carta di credito, il pagamento della tassa d&#8217;esame, pari a <strong>\u20ac 30,00<\/strong> per ogni sezione che si desidera sostenere.<\/li>\n<li>Il bonifico bancario va intestato a: <strong>MIDA TRAINING CENTER S.R.L. <\/strong>(l&#8217;IBAN verr\u00e0 comunicato via e-mail)<br \/>\n<strong>Causale: <\/strong><em>nome<\/em>, <em>cognome<\/em>, <em>codice fiscale<\/em>, capitalizzazione DITALS BASE, <em>data sessione<\/em><\/li>\n<li>Inviare, via e-mail (come allegato), all&#8217;indirizzo <a href=\"mailto:gianni@scuolapalazzomalvisi.com\" target=\"_blank\" rel=\"noopener\">gianni@scuolapalazzomalvisi.com<\/a>, entro la data di scadenza di iscrizione all&#8217;esame:\n<ul>\n<li>il modulo di iscrizione;<\/li>\n<li>i documenti allegati;<\/li>\n<li>la ricevuta dell&#8217;eventuale bonifico;<\/li>\n<\/ul>\n<\/li>\n<\/ol>\n<\/p><\/div>\n<h3><span class=\"ui-accordion-header-icon ui-icon ui-accordion-icon\"><\/span>ISCRIZIONE AL DITALS I CON CAPITALIZZAZIONE<\/h3><div><p>\n<p><strong>DITALS I CON CAPITALIZZAZIONE<\/strong><\/p>\n<p>Per iscriversi ad una sessione d&#8217;esame per sostenere le sole sezioni dell&#8217;esame non superate in una sessione precedente:<\/p>\n<ol>\n<li>Scaricare il modulo di iscrizione in formato PDF alla pagina <strong><a href=\"http:\/\/palazzomalvisi.com\/it\/ditals\/documenti\/\" target=\"_blank\" rel=\"noopener\">DOCUMENTI<\/a><\/strong>:<strong><br \/>\n<\/strong>(Se il link non \u00e8 cliccabile significa che il modulo per la prima sessione d&#8217;esame utile non \u00e8 stato ancora pubblicato)<\/li>\n<li>Compilare il modulo in ogni sua parte.<\/li>\n<li>Allegare al modulo la seguente documentazione:\n<ul>\n<li>fotocopia di un documento di identit\u00e0;<\/li>\n<li>quant\u2019altro il candidato ritenga utile produrre.<\/li>\n<li>I candidati extracomunitari dovranno inoltre allegare:\u00a0diploma di maturit\u00e0 tradotto, autenticato e munito di dichiarazione di valore rilasciata dalle rappresentanze diplomatiche italiane all\u2019estero. I candidati extracomunitari regolarmente soggiornanti in Italia, potranno utilizzare le dichiarazioni sostitutive di cui agli art. 46 e 47 del D.P.R. 445 del 28\/12\/2000 limitatamente agli stati, alle qualit\u00e0 personali e ai fatti certificabili o attestabili da parte di soggetti pubblici o privati italiani.<\/li>\n<\/ul>\n<\/li>\n<li>Effettuare, tramite bonifico bancario o direttamente in sede tramite contanti, bancomat o carta di credito, il pagamento della tassa d&#8217;esame, pari a <strong>\u20ac 50,00<\/strong> per ogni sezione che si desidera sostenere.<\/li>\n<li>Il bonifico bancario va intestato a: <strong>MIDA TRAINING CENTER S.R.L. <\/strong>(l&#8217;IBAN verr\u00e0 comunicato via e-mail)<br \/>\n<strong>Causale: <\/strong><em>nome<\/em>, <em>cognome<\/em>, <em>codice fiscale<\/em>,\u00a0capitalizzazione DITALS I, <em>data sessione<\/em><\/li>\n<li>Inviare, via e-mail (come allegato), all&#8217;indirizzo <a href=\"mailto:gianni@scuolapalazzomalvisi.com\" target=\"_blank\" rel=\"noopener\">gianni@scuolapalazzomalvisi.com<\/a>, entro la data di scadenza di iscrizione all&#8217;esame:\n<ul>\n<li>il modulo di iscrizione;<\/li>\n<li>i documenti allegati;<\/li>\n<li>la ricevuta dell&#8217;eventuale bonifico;<\/li>\n<\/ul>\n<\/li>\n<\/ol>\n<\/p><\/div>\n<h3><span class=\"ui-accordion-header-icon ui-icon ui-accordion-icon\"><\/span>ISCRIZIONE AL DITALS II CON CAPITALIZZAZIONE<\/h3><div><p>\n<p><strong>DITALS II CON CAPITALIZZAZIONE<\/strong><\/p>\n<p>Per iscriversi ad una sessione d&#8217;esame per sostenere le sole sezioni dell&#8217;esame non superate in una sessione precedente:<\/p>\n<ol>\n<li>Scaricare il modulo di iscrizione in formato PDF alla pagina <strong><a href=\"http:\/\/palazzomalvisi.com\/it\/ditals\/documenti\/\" target=\"_blank\" rel=\"noopener\">DOCUMENTI<\/a><\/strong>:<strong><br \/>\n<\/strong>(Se il link non \u00e8 cliccabile significa che il modulo per la prima sessione d&#8217;esame utile non \u00e8 stato ancora pubblicato)<\/li>\n<li>Compilare il modulo in ogni sua parte.<\/li>\n<li>Allegare al modulo la seguente documentazione:\n<ul>\n<li>fotocopia di un documento di identit\u00e0;<\/li>\n<li>quant\u2019altro il candidato ritenga utile produrre.<\/li>\n<li>I candidati extracomunitari dovranno inoltre allegare:\u00a0diploma di maturit\u00e0 tradotto, autenticato e munito di dichiarazione di valore rilasciata dalle rappresentanze diplomatiche italiane all\u2019estero. I candidati extracomunitari regolarmente soggiornanti in Italia, potranno utilizzare le dichiarazioni sostitutive di cui agli art. 46 e 47 del D.P.R. 445 del 28\/12\/2000 limitatamente agli stati, alle qualit\u00e0 personali e ai fatti certificabili o attestabili da parte di soggetti pubblici o privati italiani.<\/li>\n<\/ul>\n<\/li>\n<li>Effettuare, tramite bonifico bancario o direttamente in sede tramite contanti, bancomat o carta di credito, il pagamento della tassa d&#8217;esame, pari a <strong>\u20ac 55,00<\/strong> per ogni sezione che si desidera sostenere.<\/li>\n<li>Il bonifico bancario va intestato a: <strong>MIDA TRAINING CENTER S.R.L. <\/strong>(l&#8217;IBAN verr\u00e0 comunicato via e-mail)<br \/>\n<strong>Causale:<\/strong> <em>nome<\/em>, <em>cognome<\/em>, <em>codice fiscale<\/em>,\u00a0capitalizzazione DITALS II, <em>data sessione<\/em><\/li>\n<li>Inviare, via e-mail (come allegato), all&#8217;indirizzo <a href=\"mailto:gianni@scuolapalazzomalvisi.com\" target=\"_blank\" rel=\"noopener\">gianni@scuolapalazzomalvisi.com<\/a>, entro la data di scadenza di iscrizione all&#8217;esame:\n<ul>\n<li>il modulo di iscrizione;<\/li>\n<li>i documenti allegati;<\/li>\n<li>la ricevuta dell&#8217;eventuale bonifico;<\/li>\n<\/ul>\n<\/li>\n<\/ol>\n<\/p><\/div>\n<h3><span class=\"ui-accordion-header-icon ui-icon ui-accordion-icon\"><\/span>ISCRIZIONE AL DITALS II PER LA SCUOLA CON CAPITALIZZAZIONE<\/h3><div><p>\n<p><strong>DITALS II PER LA SCUOLA CON CAPITALIZZAZIONE<\/strong><\/p>\n<p>Per iscriversi ad una sessione d&#8217;esame per sostenere le sole sezioni dell&#8217;esame non superate in una sessione precedente:<\/p>\n<ol>\n<li>Scaricare il modulo di iscrizione in formato PDF alla pagina <strong><a href=\"http:\/\/palazzomalvisi.com\/it\/ditals\/documenti\/\" target=\"_blank\" rel=\"noopener\">DOCUMENTI<\/a><\/strong>:<strong><br \/>\n<\/strong>(Se il link non \u00e8 cliccabile significa che il modulo per la prima sessione d&#8217;esame utile non \u00e8 stato ancora pubblicato)<\/li>\n<li>Compilare il modulo in ogni sua parte.<\/li>\n<li>Allegare al modulo la seguente documentazione:\n<ul>\n<li>fotocopia di un documento di identit\u00e0;<\/li>\n<li>quant\u2019altro il candidato ritenga utile produrre.<\/li>\n<li>I candidati extracomunitari dovranno inoltre allegare:\u00a0diploma di maturit\u00e0 tradotto, autenticato e munito di dichiarazione di valore rilasciata dalle rappresentanze diplomatiche italiane all\u2019estero. I candidati extracomunitari regolarmente soggiornanti in Italia, potranno utilizzare le dichiarazioni sostitutive di cui agli art. 46 e 47 del D.P.R. 445 del 28\/12\/2000 limitatamente agli stati, alle qualit\u00e0 personali e ai fatti certificabili o attestabili da parte di soggetti pubblici o privati italiani.<\/li>\n<\/ul>\n<\/li>\n<li>Effettuare, tramite bonifico bancario o direttamente in sede tramite contanti, bancomat o carta di credito, il pagamento della tassa d&#8217;esame, pari a <strong>\u20ac 55,00<\/strong> per ogni sezione che si desidera sostenere.<\/li>\n<li>Il bonifico bancario va intestato a: <strong>MIDA TRAINING CENTER S.R.L. <\/strong>(l&#8217;IBAN verr\u00e0 comunicato via e-mail)<br \/>\n<strong>Causale:<\/strong> <em>nome<\/em>, <em>cognome<\/em>, <em>codice fiscale<\/em>, capitalizzazione DITALS II PER LA SCUOLA, <em>data sessione<\/em><\/li>\n<li>Inviare, via e-mail (come allegato), all&#8217;indirizzo <a href=\"mailto:gianni@scuolapalazzomalvisi.com\" target=\"_blank\" rel=\"noopener\">gianni@scuolapalazzomalvisi.com<\/a>, entro la data di scadenza di iscrizione all&#8217;esame:\n<ul>\n<li>il modulo di iscrizione;<\/li>\n<li>i documenti allegati;<\/li>\n<li>la ricevuta dell&#8217;eventuale bonifico;<\/li>\n<\/ul>\n<\/li>\n<\/ol>\n<\/p><\/div>\n<\/div>\n<p>Per maggiori informazioni:<br \/>\n&#8211; compilare il modulo <strong><a href=\"http:\/\/palazzomalvisi.com\/it\/contatti\/\">CONTATTI<\/a><\/strong><br \/>\n&#8211; contattare <a href=\"mailto:gianni@scuolapalazzomalvisi.com\" target=\"_blank\" rel=\"noopener\">gianni@scuolapalazzomalvisi.com<\/a><br \/>\n&#8211; telefonare al numero +39 <strong>328 2860191<\/strong>, dalle 10.00 alle 18.00<\/p>\n","protected":false},"excerpt":{"rendered":"<p>Come iscriversi ad un esame DITALS presso la sede di Ravenna: Per maggiori informazioni: &#8211; compilare il modulo CONTATTI &#8211; contattare gianni@scuolapalazzomalvisi.com &#8211; telefonare al numero +39 328 2860191, dalle 10.00 alle 18.00<\/p>\n","protected":false},"author":1,"featured_media":0,"parent":284,"menu_order":0,"comment_status":"open","ping_status":"open","template":"","meta":{"footnotes":""},"wf_page_folders":[],"class_list":["post-292","page","type-page","status-publish","hentry"],"_links":{"self":[{"href":"https:\/\/palazzomalvisi.com\/it\/wp-json\/wp\/v2\/pages\/292","targetHints":{"allow":["GET"]}}],"collection":[{"href":"https:\/\/palazzomalvisi.com\/it\/wp-json\/wp\/v2\/pages"}],"about":[{"href":"https:\/\/palazzomalvisi.com\/it\/wp-json\/wp\/v2\/types\/page"}],"author":[{"embeddable":true,"href":"https:\/\/palazzomalvisi.com\/it\/wp-json\/wp\/v2\/users\/1"}],"replies":[{"embeddable":true,"href":"https:\/\/palazzomalvisi.com\/it\/wp-json\/wp\/v2\/comments?post=292"}],"version-history":[{"count":81,"href":"https:\/\/palazzomalvisi.com\/it\/wp-json\/wp\/v2\/pages\/292\/revisions"}],"predecessor-version":[{"id":12337,"href":"https:\/\/palazzomalvisi.com\/it\/wp-json\/wp\/v2\/pages\/292\/revisions\/12337"}],"up":[{"embeddable":true,"href":"https:\/\/palazzomalvisi.com\/it\/wp-json\/wp\/v2\/pages\/284"}],"wp:attachment":[{"href":"https:\/\/palazzomalvisi.com\/it\/wp-json\/wp\/v2\/media?parent=292"}],"wp:term":[{"taxonomy":"wf_page_folders","embeddable":true,"href":"https:\/\/palazzomalvisi.com\/it\/wp-json\/wp\/v2\/wf_page_folders?post=292"}],"curies":[{"name":"wp","href":"https:\/\/api.w.org\/{rel}","templated":true}]}}