{"id":290,"date":"2015-05-07T14:45:01","date_gmt":"2015-05-07T14:45:01","guid":{"rendered":"http:\/\/www.palazzomalvisi.com\/?page_id=290"},"modified":"2026-03-07T10:24:38","modified_gmt":"2026-03-07T10:24:38","slug":"datetasse","status":"publish","type":"page","link":"https:\/\/palazzomalvisi.com\/it\/ditals\/datetasse\/","title":{"rendered":"Date&#038;Tasse"},"content":{"rendered":"<h1>DATE ESAMI DITALS 2026<\/h1>\n<div class=\"su-table su-table-alternate\">\n<table width=\"100%\">\n<tbody>\n<tr>\n<td width=\"33%\"><strong>DATA SESSIONE<\/strong><\/td>\n<td width=\"33%\"><strong>LIVELLO ESAME<\/strong><\/td>\n<td width=\"33%\"><strong>CHIUSURA ISCRIZIONI<\/strong><\/td>\n<\/tr>\n<tr>\n<td width=\"33%\"><strong>20 febbraio 2026<\/strong><\/td>\n<td width=\"33%\"><strong><a href=\"http:\/\/palazzomalvisi.com\/it\/ditals\/ditals-base\/\">DITALS Base<\/a><\/strong><br \/>\n<strong><a href=\"http:\/\/palazzomalvisi.com\/it\/ditals\/ditals-ii\/\">DITALS II<\/a><\/strong><\/td>\n<td width=\"33%\">ISCRIZIONI CHIUSE<\/td>\n<\/tr>\n<tr>\n<td width=\"33%\"><strong>17 aprile 2026<\/strong><\/td>\n<td width=\"33%\"><strong><a href=\"http:\/\/palazzomalvisi.com\/it\/ditals\/ditals-base\/\">DITALS Base<\/a><\/strong><br \/>\n<strong><a href=\"http:\/\/palazzomalvisi.com\/it\/ditals\/ditals-i\/\">DITALS I<\/a><\/strong><strong><br \/>\n<\/strong><\/td>\n<td width=\"33%\">ISCRIZIONI CHIUSE<\/td>\n<\/tr>\n<tr>\n<td width=\"33%\"><strong>17 luglio 2026<\/strong><\/td>\n<td width=\"33%\"><strong><a href=\"http:\/\/palazzomalvisi.com\/it\/ditals\/ditals-base\/\">DITALS Base<\/a><\/strong><br \/>\n<strong><a href=\"http:\/\/palazzomalvisi.com\/it\/ditals\/ditals-ii\/\">DITALS II<\/a><\/strong><br \/>\n<strong><a href=\"http:\/\/palazzomalvisi.com\/it\/ditals\/ditals-i\/\">DITALS I<\/a><\/strong><br \/>\n(profili IMMIGRATI e ADULTI\u00a0E ANZIANI)<\/td>\n<td width=\"33%\">06 giugno 2026<\/td>\n<\/tr>\n<tr>\n<td width=\"33%\"><strong>23 ottobre 2026<\/strong><\/td>\n<td width=\"33%\"><strong>DITALS Base per la scuola<\/strong><br \/>\n<strong><a href=\"https:\/\/palazzomalvisi.com\/it\/ditals\/ditals-ii-scuola\/\" target=\"_blank\" rel=\"noopener\">DITALS II PER LA SCUOLA<\/a><\/strong><\/td>\n<td width=\"33%\">05 settembre 2026<\/td>\n<\/tr>\n<tr>\n<td width=\"33%\"><strong>20 novembre 2026<\/strong><\/td>\n<td width=\"33%\"><strong><a href=\"http:\/\/palazzomalvisi.com\/it\/ditals\/ditals-base\/\">DITALS Base<\/a><\/strong><br \/>\n<strong><a href=\"http:\/\/palazzomalvisi.com\/it\/ditals\/ditals-i\/\">DITALS I<\/a><\/strong><\/td>\n<td width=\"33%\">05 ottobre 2026<\/td>\n<\/tr>\n<\/tbody>\n<\/table>\n<\/div>\n<strong><a href=\"http:\/\/palazzomalvisi.com\/it\/ditals\/ditals-base\/\">DITALS Base<\/a><\/strong><br \/>\n4\u00a0sessione all&#8217;anno: a <strong>febbraio<\/strong>, in\u00a0<strong>primavera<\/strong>, a <strong>luglio<\/strong> e\u00a0a <strong>novembre<\/strong>.<br \/>\n<strong><a href=\"http:\/\/palazzomalvisi.com\/it\/ditals\/ditals-i\/\">DITALS I<\/a><\/strong><br \/>\n3 sessioni all&#8217;anno:<br \/>\n&#8211; in <strong>primavera<\/strong> (per i profili: bambini, adolescenti, adulti e anziani, immigrati, studenti universitari, apprendenti madrelingua omogenea: araba, cinese, giapponese, slava, spagnola, tedesca)<br \/>\n&#8211; a <strong>luglio<\/strong> (per i soli profili IMMIGRATI e ADULTI E ANZIANI)<br \/>\n&#8211;\u00a0a <strong>novembre<\/strong> (per i profili: bambini, adolescenti, adulti e anziani, immigrati, studenti universitari, cantanti d\u2019opera, religiosi cattolici, operatori turistico-alberghieri, apprendenti di origine italiana, University study abroad USA)<br \/>\n<strong><a href=\"http:\/\/palazzomalvisi.com\/it\/ditals\/ditals-ii\/\">DITALS II<\/a><\/strong><br \/>\n2 sessioni all&#8217;anno: a <strong>febbraio<\/strong> e a <strong>luglio<\/strong>.<br \/>\n<strong><a href=\"https:\/\/palazzomalvisi.com\/it\/ditals\/ditals-ii-scuola\/\" target=\"_blank\" rel=\"noopener\">DITALS PER LA SCUOLA<\/a> (DITALS II e DITALS BASE)<\/strong><br \/>\n1 sessione all&#8217;anno, a <strong>ottobre<\/strong>.<\/p>\n<hr \/>\n<p><strong>ATTENZIONE<\/strong><br \/>\n&#8211; Il centro DITALS si riserva fino a 90 giorni per la correzione degli elaborati d&#8217;esame e per la pubblicazione dei risultati.<br \/>\n&#8211; La data di luglio degli esami DITALS I \u00e8 da considerarsi SESSIONE STRAORDINARIA. Per tale ragione i risultati degli esami DITALS I della sessione di aprile potrebbero essere pubblicati dopo la chiusura delle iscrizioni per la sessione di luglio e quelli della sessione di luglio dopo la chiusura delle iscrizioni per la sessione di novembre. Di conseguenza, chi sostiene l&#8217;esame ad aprile potr\u00e0 capitalizzare solo a partire dalla sessione di novembre e chi sostiene l&#8217;esame a luglio potr\u00e0 capitalizzare solo a partire dalla sessione di aprile. Lo stesso discorso vale per l&#8217;eventuale sessione straordinaria di novembre degli esami DITALS II.<\/p>\n<hr \/>\n<h1>TASSE ESAMI DITALS 2026<\/h1>\n<p><strong>Tasse esame <a href=\"http:\/\/palazzomalvisi.com\/it\/ditals\/ditals-base\/\">DITALS BASE<\/a><\/strong> e <strong>DITALS BASE PER LA SCUOLA<\/strong><\/p>\n<ul style=\"text-align: justify;\">\n<li style=\"text-align: left;\"><strong>Esame completo: \u20ac 110<\/strong><br \/>\n<strong>\u20ac 20<\/strong> Tassa di pre-iscrizione (da pagare al momento dell&#8217;invio del modulo di iscrizione).<br \/>\n<strong>\u20ac 90<\/strong> Tassa di iscrizione.<\/li>\n<li style=\"text-align: left;\"><strong>Capitalizzazione: \u20ac 30<\/strong> per ognuna delle\u00a0sezioni d&#8217;esame eventualmente non superate nella sessione precedente.<\/li>\n<li style=\"text-align: left;\"><strong>\u20ac 10<\/strong> per l&#8217;eventuale spedizione del certificato al proprio domicilio. Il certificato \u00e8 ritirabile gratuitamente presso la sede della scuola, dal luned\u00ec al venerd\u00ec, dalle 9.00 alle 18.00.<\/li>\n<\/ul>\n<p><strong>Tasse esame <a href=\"http:\/\/palazzomalvisi.com\/it\/ditals\/ditals-i\/\">DITALS I<\/a><\/strong><\/p>\n<ul style=\"text-align: justify;\">\n<li style=\"text-align: left;\"><strong>Esame completo: \u20ac 170<br \/>\n<\/strong><strong>\u20ac 20<\/strong> Tassa di pre-iscrizione (da pagare al momento dell&#8217;invio del modulo di iscrizione).<br \/>\n<strong>\u20ac 150<\/strong> Tassa di iscrizione.<\/li>\n<li style=\"text-align: left;\"><strong>Secondo profilo: \u20ac 120<\/strong> (se sostenuto nella stessa sessione del primo).<\/li>\n<li style=\"text-align: left;\"><strong>Capitalizzazione: \u20ac 50<\/strong> per ognuna delle\u00a0sezioni d&#8217;esame eventualmente non superate nella sessione precedente.<\/li>\n<li style=\"text-align: left;\"><strong>\u20ac 10<\/strong> per l&#8217;eventuale spedizione del certificato al proprio domicilio. Il certificato \u00e8 ritirabile gratuitamente presso la sede della scuola, dal luned\u00ec al venerd\u00ec, dalle 9.00 alle 18.00.<\/li>\n<\/ul>\n<p><strong>Tasse esami <a href=\"http:\/\/palazzomalvisi.com\/it\/ditals\/ditals-ii\/\">DITALS II<\/a><\/strong><\/p>\n<ul style=\"text-align: justify;\">\n<li style=\"text-align: left;\"><strong>Esame completo: \u20ac 260<br \/>\n<\/strong><strong>\u20ac 40<\/strong> Tassa di pre-iscrizione (da pagare al momento dell&#8217;invio del modulo di iscrizione).<br \/>\n<strong>\u20ac\u00a0220<\/strong> Tassa di iscrizione.<\/li>\n<li style=\"text-align: left;\"><strong>Capitalizzazione: \u20ac 55<\/strong> per ognuna delle\u00a0sezioni d&#8217;esame eventualmente non superate nella sessione precedente.<\/li>\n<li style=\"text-align: left;\"><strong>\u20ac 10<\/strong> per l&#8217;eventuale spedizione del certificato al proprio domicilio. Il certificato \u00e8 ritirabile gratuitamente presso la sede della scuola, dal luned\u00ec al venerd\u00ec, dalle 9.00 alle 18.00.<\/li>\n<\/ul>\n<p><strong>Tasse esami <a href=\"https:\/\/palazzomalvisi.com\/it\/ditals\/ditals-ii-scuola\/\" target=\"_blank\" rel=\"noopener\">DITALS II PER LA SCUOLA<\/a><\/strong><\/p>\n<ul style=\"text-align: justify;\">\n<li style=\"text-align: left;\"><strong>Esame completo: \u20ac 200<br \/>\n<\/strong><strong>\u20ac 40<\/strong> Tassa di pre-iscrizione (da pagare al momento dell&#8217;invio del modulo di iscrizione).<br \/>\n<strong>\u20ac 160<\/strong> Tassa di iscrizione.<\/li>\n<li style=\"text-align: left;\"><strong>Capitalizzazione: \u20ac 55<\/strong> per ognuna delle\u00a0sezioni d&#8217;esame eventualmente non superate nella sessione precedente.<\/li>\n<li style=\"text-align: left;\"><strong>\u20ac 10<\/strong> per l&#8217;eventuale spedizione del certificato al proprio domicilio. Il certificato \u00e8 ritirabile gratuitamente presso la sede della scuola, dal luned\u00ec al venerd\u00ec, dalle 9.00 alle 18.00.<\/li>\n<\/ul>\n<hr \/>\n<h2>Per maggiori informazioni sugli ESAMI DITALS:<\/h2>\n<p>&#8211; compilare il modulo <strong><a href=\"http:\/\/palazzomalvisi.com\/it\/contatti\/\">CONTATTI<\/a><\/strong><br \/>\n&#8211; contattare <a href=\"mailto:gianni@scuolapalazzomalvisi.com\" target=\"_blank\" rel=\"noopener\">gianni@scuolapalazzomalvisi.com<\/a><br \/>\n&#8211; telefonare al numero +39 <strong>328 2860191<\/strong>, dalle 10.00 alle 18.00<\/p>\n","protected":false},"excerpt":{"rendered":"<p>DATE ESAMI DITALS 2026 DITALS Base 4\u00a0sessione all&#8217;anno: a febbraio, in\u00a0primavera, a luglio e\u00a0a novembre. DITALS I 3 sessioni all&#8217;anno: &#8211; in primavera (per i profili: bambini, adolescenti, adulti e anziani, immigrati, studenti universitari, apprendenti madrelingua omogenea: araba, cinese, giapponese, slava, spagnola, tedesca) &#8211; a luglio (per i soli profili IMMIGRATI e ADULTI E ANZIANI)<\/p>\n","protected":false},"author":1,"featured_media":0,"parent":284,"menu_order":0,"comment_status":"open","ping_status":"closed","template":"","meta":{"footnotes":""},"wf_page_folders":[103],"class_list":["post-290","page","type-page","status-publish","hentry"],"_links":{"self":[{"href":"https:\/\/palazzomalvisi.com\/it\/wp-json\/wp\/v2\/pages\/290","targetHints":{"allow":["GET"]}}],"collection":[{"href":"https:\/\/palazzomalvisi.com\/it\/wp-json\/wp\/v2\/pages"}],"about":[{"href":"https:\/\/palazzomalvisi.com\/it\/wp-json\/wp\/v2\/types\/page"}],"author":[{"embeddable":true,"href":"https:\/\/palazzomalvisi.com\/it\/wp-json\/wp\/v2\/users\/1"}],"replies":[{"embeddable":true,"href":"https:\/\/palazzomalvisi.com\/it\/wp-json\/wp\/v2\/comments?post=290"}],"version-history":[{"count":132,"href":"https:\/\/palazzomalvisi.com\/it\/wp-json\/wp\/v2\/pages\/290\/revisions"}],"predecessor-version":[{"id":12726,"href":"https:\/\/palazzomalvisi.com\/it\/wp-json\/wp\/v2\/pages\/290\/revisions\/12726"}],"up":[{"embeddable":true,"href":"https:\/\/palazzomalvisi.com\/it\/wp-json\/wp\/v2\/pages\/284"}],"wp:attachment":[{"href":"https:\/\/palazzomalvisi.com\/it\/wp-json\/wp\/v2\/media?parent=290"}],"wp:term":[{"taxonomy":"wf_page_folders","embeddable":true,"href":"https:\/\/palazzomalvisi.com\/it\/wp-json\/wp\/v2\/wf_page_folders?post=290"}],"curies":[{"name":"wp","href":"https:\/\/api.w.org\/{rel}","templated":true}]}}