{"id":288,"date":"2015-05-07T14:41:26","date_gmt":"2015-05-07T14:41:26","guid":{"rendered":"http:\/\/www.palazzomalvisi.com\/?page_id=288"},"modified":"2023-09-22T19:05:34","modified_gmt":"2023-09-22T19:05:34","slug":"ditals-ii","status":"publish","type":"page","link":"https:\/\/palazzomalvisi.com\/it\/ditals\/ditals-ii\/","title":{"rendered":"DITALS II"},"content":{"rendered":"<p style=\"text-align: justify;\">Informazioni sugli esami di certificazione DITALS di II livello<\/p>\n<div class=\"accordion\">\n<h3><span class=\"ui-accordion-header-icon ui-icon ui-accordion-icon\"><\/span>PREREQUISITI<\/h3><div><p>\n<ol>\n<li><strong>TITOLO DI STUDIO<\/strong><br \/>\nDiploma di laurea (almeno triennale) in qualsiasi ambito.<\/li>\n<li><strong>FORMAZIONE GLOTTODIDATTICA<\/strong><br \/>\nche pu\u00f2 essere soddisfatta scegliendo una tra queste modalit\u00e0.<\/p>\n<ul>\n<li><strong><a href=\"http:\/\/palazzomalvisi.com\/it\/ditals\/corsi-di-preparazione\/\" target=\"_blank\" rel=\"noopener\">Partecipazione ad un corso di preparazione in presenza presso gli enti monitorati DITALS<\/a><\/strong>.<\/li>\n<li>Partecipazione al corso di orientamento DITALS di II livello presso l\u2019Un. per Stranieri di Siena.<\/li>\n<li>Frequenza dei tre moduli on line organizzati dal Centro DITALS dell\u2019Un. per Stranieri di Siena.<\/li>\n<li>Superamento di un esame universitario del settore scientifico disciplinare L-LIN02 equivalente ad almeno 6 CFU e superamento dell&#8217;esame finale.<\/li>\n<\/ul>\n<\/li>\n<li><strong>ESPERIENZA DIDATTICA<\/strong><br \/>\nAlmeno 300 ore di insegnamento in classi di italiano a stranieri in Italia o all&#8217;estero.<br \/>\nL\u2019attivit\u00e0 svolta deve essere di insegnamento autonomo, e non pu\u00f2 quindi essere accettata alcuna forma di tirocinio.<br \/>\nLe ore di insegnamento di italiano L2 possono essere svolte presso Scuole statali, Universit\u00e0 statali, CPIA, Scuole ASILS, Enti gestori, Scuole italiane all\u2019estero, Enti convenzionati e monitorati DITALS, Enti convenzionati CILS.<br \/>\nNel caso in cui il candidato abbia svolto le ore richieste presso enti non appartenenti alle sopra elencate categorie, dovr\u00e0 allegare alla domanda di iscrizione all&#8217;esame una attestazione dell\u2019attivit\u00e0 svolta.<\/li>\n<li><strong>COMPETENZE LINGUISTICHE<\/strong><br \/>\nPer i candidati di madrelingua non italiana \u00e8 richiesta una competenza in lingua italiana di livello C2 attestata da uno dei seguenti titoli:<\/p>\n<ul>\n<li>certificazione internazionale;<\/li>\n<li>titolo di studio di scuola secondaria di I e II grado ottenuto in Italia o presso scuole italiane all\u2019estero;<\/li>\n<li>laurea in italianistica conseguita all\u2019estero.<\/li>\n<\/ul>\n<\/li>\n<\/ol>\n<hr \/>\n<p><strong>Prerequisiti validi per coloro che sono in possesso della Certificazione DITALS di I livello<\/strong><br \/>\n(o delle Certificazioni CEDILS e DILS-PG).<\/p>\n<ol>\n<li><strong>Titolo di studio<\/strong><br \/>\nDiploma di laurea (almeno triennale) in qualsiasi ambito.<\/li>\n<li><strong>Formazione glottodidattica<\/strong><br \/>\nAlmeno 6 ore di formazione glottodidattica integrativa acquisita secondo una delle seguenti modalit\u00e0:<\/p>\n<ul>\n<li><strong><a href=\"http:\/\/palazzomalvisi.com\/it\/ditals\/corsi-di-preparazione\/\" target=\"_blank\" rel=\"noopener\">corso DITALS sulla Gestione della classe presso gli enti monitorati DITALS<\/a><\/strong>;<\/li>\n<li>corso DITALS sulla Gestione della classe presso l\u2019Universit\u00e0 per Stranieri di Siena;<\/li>\n<li>modulo online DITALS Gestione della classe;<\/li>\n<li>superamento di un esame universitario in area glottodidattica di almeno 3 CFU;<\/li>\n<\/ul>\n<\/li>\n<li><strong>Esperienza didattica<\/strong><br \/>\nAlmeno 60 ore di insegnamento di italiano a stranieri o tirocinio in classi di italiano a stranieri in Italia o all\u2019estero, in aggiunta alle ore gi\u00e0 effettuate per accedere all\u2019esame DITALS di I livello.<\/li>\n<li><strong>Competenze linguistiche<\/strong><br \/>\nPer i candidati di madrelingua non italiana \u00e8 richiesta una competenza in lingua italiana di livello C2 attestata da uno dei seguenti titoli:<\/p>\n<ul>\n<li>certificazione internazionale;<\/li>\n<li>titolo di studio di scuola secondaria di I e II grado ottenuto in Italia o presso scuole italiane all\u2019estero;<\/li>\n<li>laurea in italianistica conseguita all\u2019estero.<\/li>\n<\/ul>\n<\/li>\n<\/ol>\n<\/p><\/div>\n<h3><span class=\"ui-accordion-header-icon ui-icon ui-accordion-icon\"><\/span>PROFILI DI APPRENDENTI<\/h3><div><p>\n<p>L&#8217;esame valuta la competenza avanzata nell&#8217;insegnamento dell&#8217;italiano come lingua straniera a qualsiasi profilo di apprendenti.<\/p>\n<\/p><\/div>\n<h3><span class=\"ui-accordion-header-icon ui-icon ui-accordion-icon\"><\/span>STRUTTURA DELL'ESAME<\/h3><div><p>\n<ul>\n<li><strong>Parte A.<\/strong> Analisi di materiali didattici (punteggio minimo 12, massimo 20).<\/li>\n<li><strong>Parte B.<\/strong> Costruzione di materiali didattici (punteggio minimo 12, massimo 20).<\/li>\n<li><strong>Parte C.<\/strong> Conoscenze glottodidattiche (punteggio minimo 24, massimo 40).<\/li>\n<li><strong>Parte D.<\/strong> Competenze glottodidattiche orali (punteggio minimo 12, massimo 20).<\/li>\n<\/ul>\n<p>&#8211; Per ottenere la Certificazione DITALS di II livello il candidato deve raggiungere un punteggio minimo in tutte le sezioni di cui si compone l&#8217;esame.<br \/>\n&#8211; Se il candidato raggiunge il punteggio minimo solo in una o pi\u00f9 sezioni, il risultato ottenuto \u00e8 capitalizzabile e il candidato potr\u00e0 sostenere nuovamente le prove relative alle sezioni non superate entro tre anni dalla data nella quale ha sostenuto l&#8217;esame per la prima volta.<br \/>\n<div class=\"su-spacer\" style=\"height:10px\"><\/div>\n&#8211; Tutte le prove sono prodotte e valutate dalla\u00a0Commissione DITALS dell&#8217;Universit\u00e0 per Stranieri di Siena.<br \/>\n<div class=\"su-spacer\" style=\"height:10px\"><\/div>\n&#8211; Per visionare i modelli d&#8217;esame collegarsi alla sezione <strong><a href=\"http:\/\/palazzomalvisi.com\/it\/ditals\/documenti\/\">Documenti<\/a><\/strong>.<br \/>\n&#8211; Per visionare i criteri e le griglie di valutazione collegarsi alla sezione <strong><a href=\"http:\/\/palazzomalvisi.com\/it\/ditals\/documenti\/\">Documenti<\/a><\/strong>.<\/p>\n<\/p><\/div>\n<\/div>\n<p style=\"text-align: left;\">Per maggiori informazioni:<br \/>\n&#8211; compilare il modulo <strong><a href=\"http:\/\/palazzomalvisi.com\/it\/contatti\/\">CONTATTI<\/a><\/strong><br \/>\n&#8211; contattare <strong><a href=\"mailto:gianni@scuolapalazzomalvisi.com\" target=\"_blank\" rel=\"noopener\">gianni@scuolapalazzomalvisi.com<\/a><\/strong><br \/>\n&#8211; inviare un messaggio (SMS \/ WhatsApp \/ Telegram) al numero +39 328 2860191, dalle 10.00 alle 18.00<\/p>\n","protected":false},"excerpt":{"rendered":"<p>Informazioni sugli esami di certificazione DITALS di II livello Per maggiori informazioni: &#8211; compilare il modulo CONTATTI &#8211; contattare gianni@scuolapalazzomalvisi.com &#8211; inviare un messaggio (SMS \/ WhatsApp \/ Telegram) al numero +39 328 2860191, dalle 10.00 alle 18.00<\/p>\n","protected":false},"author":1,"featured_media":0,"parent":284,"menu_order":0,"comment_status":"open","ping_status":"open","template":"","meta":{"footnotes":""},"wf_page_folders":[],"class_list":["post-288","page","type-page","status-publish","hentry"],"_links":{"self":[{"href":"https:\/\/palazzomalvisi.com\/it\/wp-json\/wp\/v2\/pages\/288","targetHints":{"allow":["GET"]}}],"collection":[{"href":"https:\/\/palazzomalvisi.com\/it\/wp-json\/wp\/v2\/pages"}],"about":[{"href":"https:\/\/palazzomalvisi.com\/it\/wp-json\/wp\/v2\/types\/page"}],"author":[{"embeddable":true,"href":"https:\/\/palazzomalvisi.com\/it\/wp-json\/wp\/v2\/users\/1"}],"replies":[{"embeddable":true,"href":"https:\/\/palazzomalvisi.com\/it\/wp-json\/wp\/v2\/comments?post=288"}],"version-history":[{"count":62,"href":"https:\/\/palazzomalvisi.com\/it\/wp-json\/wp\/v2\/pages\/288\/revisions"}],"predecessor-version":[{"id":10910,"href":"https:\/\/palazzomalvisi.com\/it\/wp-json\/wp\/v2\/pages\/288\/revisions\/10910"}],"up":[{"embeddable":true,"href":"https:\/\/palazzomalvisi.com\/it\/wp-json\/wp\/v2\/pages\/284"}],"wp:attachment":[{"href":"https:\/\/palazzomalvisi.com\/it\/wp-json\/wp\/v2\/media?parent=288"}],"wp:term":[{"taxonomy":"wf_page_folders","embeddable":true,"href":"https:\/\/palazzomalvisi.com\/it\/wp-json\/wp\/v2\/wf_page_folders?post=288"}],"curies":[{"name":"wp","href":"https:\/\/api.w.org\/{rel}","templated":true}]}}