{"id":265,"date":"2015-05-07T12:34:56","date_gmt":"2015-05-07T12:34:56","guid":{"rendered":"http:\/\/www.palazzomalvisi.com\/?page_id=265"},"modified":"2021-04-29T22:07:50","modified_gmt":"2021-04-29T22:07:50","slug":"datetasse","status":"publish","type":"page","link":"https:\/\/palazzomalvisi.com\/it\/ail\/datetasse\/","title":{"rendered":"AIL &#8211; Date&#038;Tasse"},"content":{"rendered":"<h1>DATE ESAMI AIL 2021<\/h1>\n<div class=\"su-table su-table-alternate\">\n<table>\n<tbody>\n<tr>\n<td width=\"25%\"><strong>DATA ESAME<\/strong><\/td>\n<td width=\"20%\"><strong>TIPO ESAME<\/strong><\/td>\n<td width=\"30%\"><strong>LIVELLI<\/strong><\/td>\n<td width=\"25%\"><strong>CHIUSURA ISCRIZIONI<\/strong><\/td>\n<\/tr>\n<tr>\n<td width=\"25%\"><span style=\"color: #008000\">26 marzo 2021<\/span><\/td>\n<td style=\"text-align: left\" width=\"20%\"><span style=\"color: #008000\">AIL Standard<\/span><\/td>\n<td width=\"30%\"><span style=\"color: #008000\">A1-A2-B1-B2-C1-C2<\/span><\/td>\n<td width=\"25%\"><span style=\"color: #008000\">ISCRIZIONI CHIUSE<\/span><\/td>\n<\/tr>\n<tr>\n<td width=\"25%\"><span style=\"color: #008000\">10 giugno 2020<\/span><\/td>\n<td style=\"text-align: left\" width=\"20%\"><span style=\"color: #008000\">AIL <span style=\"color: #008000\">Standard<\/span><\/span><\/td>\n<td width=\"30%\"><span style=\"color: #008000\">A1-A2-B1-B2-C1-C2<\/span><\/td>\n<td width=\"25%\"><span style=\"color: #008000\">08 maggio 2021<\/span><\/td>\n<\/tr>\n<\/tbody>\n<\/table>\n<\/div>\n<p>ATTENZIONE<br \/>\nPrenotando con almeno 30 giorni di anticipo, \u00e8 possibile sostenere un qualunque esame AIL anche in sessioni straordinarie appositamente indette, con una maggiorazione di \u20ac 25 sulle tasse d&#8217;esame. Per informazioni: <strong><a href=\"http:\/\/palazzomalvisi.com\/it\/contatti\/\" target=\"_blank\">CONTATTI<\/a><\/strong><\/p>\n<hr \/>\n<h1>Tasse d&#8217;esame\u00a02021 (in Euro)<\/h1>\n<p>DELI A2: <strong><span style=\"color: #000000;\">85,00<\/span><\/strong><br \/>\nDILI B1, DILI B2, DILC B1: <strong><span style=\"color: #000000;\">105,00<\/span><\/strong><br \/>\nDALI C, DALI C2, DALC C1: <strong><span style=\"color: #000000;\">125,00<\/span><\/strong><\/p>\n<p><strong>\u20ac 10,00<\/strong> per l\u2019eventuale spedizione del certificato al proprio domicilio. Il certificato \u00e8 ritirabile gratuitamente presso la sede della scuola, dal luned\u00ec al venerd\u00ec, dalle 9.00 alle 18.00.<\/p>\n","protected":false},"excerpt":{"rendered":"<p>DATE ESAMI AIL 2021 ATTENZIONE Prenotando con almeno 30 giorni di anticipo, \u00e8 possibile sostenere un qualunque esame AIL anche in sessioni straordinarie appositamente indette, con una maggiorazione di \u20ac 25 sulle tasse d&#8217;esame. Per informazioni: CONTATTI Tasse d&#8217;esame\u00a02021 (in Euro) DELI A2: 85,00 DILI B1, DILI B2, DILC B1: 105,00 DALI C, DALI C2,<\/p>\n","protected":false},"author":1,"featured_media":0,"parent":263,"menu_order":0,"comment_status":"open","ping_status":"open","template":"","meta":{"footnotes":""},"wf_page_folders":[],"class_list":["post-265","page","type-page","status-publish","hentry"],"_links":{"self":[{"href":"https:\/\/palazzomalvisi.com\/it\/wp-json\/wp\/v2\/pages\/265","targetHints":{"allow":["GET"]}}],"collection":[{"href":"https:\/\/palazzomalvisi.com\/it\/wp-json\/wp\/v2\/pages"}],"about":[{"href":"https:\/\/palazzomalvisi.com\/it\/wp-json\/wp\/v2\/types\/page"}],"author":[{"embeddable":true,"href":"https:\/\/palazzomalvisi.com\/it\/wp-json\/wp\/v2\/users\/1"}],"replies":[{"embeddable":true,"href":"https:\/\/palazzomalvisi.com\/it\/wp-json\/wp\/v2\/comments?post=265"}],"version-history":[{"count":25,"href":"https:\/\/palazzomalvisi.com\/it\/wp-json\/wp\/v2\/pages\/265\/revisions"}],"predecessor-version":[{"id":8795,"href":"https:\/\/palazzomalvisi.com\/it\/wp-json\/wp\/v2\/pages\/265\/revisions\/8795"}],"up":[{"embeddable":true,"href":"https:\/\/palazzomalvisi.com\/it\/wp-json\/wp\/v2\/pages\/263"}],"wp:attachment":[{"href":"https:\/\/palazzomalvisi.com\/it\/wp-json\/wp\/v2\/media?parent=265"}],"wp:term":[{"taxonomy":"wf_page_folders","embeddable":true,"href":"https:\/\/palazzomalvisi.com\/it\/wp-json\/wp\/v2\/wf_page_folders?post=265"}],"curies":[{"name":"wp","href":"https:\/\/api.w.org\/{rel}","templated":true}]}}