{"id":220,"date":"2015-05-05T08:50:44","date_gmt":"2015-05-05T08:50:44","guid":{"rendered":"http:\/\/www.palazzomalvisi.com\/?page_id=220"},"modified":"2025-10-06T16:48:06","modified_gmt":"2025-10-06T16:48:06","slug":"ravenna","status":"publish","type":"page","link":"https:\/\/palazzomalvisi.com\/it\/ravenna\/","title":{"rendered":"Ravenna"},"content":{"rendered":"\n\t\t<!-- MasterSlider -->\n\t\t<div id=\"P_MS6a059588c9131\" class=\"master-slider-parent msl ms-parent-id-3\" style=\"max-width:1240px;\">\n\n\t\t\t\n\t\t\t<!-- MasterSlider Main -->\n\t\t\t<div id=\"MS6a059588c9131\" class=\"master-slider ms-skin-default\" >\n\t\t\t\t \t\t\t\t \n\t\t\t\t<div  class=\"ms-slide\" data-delay=\"3\" data-fill-mode=\"fill\"  >\n\t\t\t\t\t<img decoding=\"async\" src=\"https:\/\/palazzomalvisi.com\/wp-content\/plugins\/master-slider\/public\/assets\/css\/blank.gif\" alt=\"\" title=\"\" data-src=\"https:\/\/palazzomalvisi.com\/wp-content\/uploads\/2015\/03\/Ravenna_01.jpg\" \/>\n\n\n\t<div class=\"ms-thumb\" ><div class=\"ms-tab-context\"><div class=\"&quot;ms-tab-context&quot;\"><\/div><\/div>\n<\/div>\n\t\t\t\t<\/div>\n\t\t\t\t<div  class=\"ms-slide\" data-delay=\"3\" data-fill-mode=\"fill\"  >\n\t\t\t\t\t<img decoding=\"async\" src=\"https:\/\/palazzomalvisi.com\/wp-content\/plugins\/master-slider\/public\/assets\/css\/blank.gif\" alt=\"\" title=\"\" data-src=\"https:\/\/palazzomalvisi.com\/wp-content\/uploads\/2015\/03\/Ravenna_02.jpg\" \/>\n\n\n\t<div class=\"ms-thumb\" ><div class=\"ms-tab-context\"><div class=\"&quot;ms-tab-context&quot;\"><\/div><\/div>\n<\/div>\n\t\t\t\t<\/div>\n\t\t\t\t<div  class=\"ms-slide\" data-delay=\"3\" data-fill-mode=\"fill\"  >\n\t\t\t\t\t<img decoding=\"async\" src=\"https:\/\/palazzomalvisi.com\/wp-content\/plugins\/master-slider\/public\/assets\/css\/blank.gif\" alt=\"\" title=\"\" data-src=\"https:\/\/palazzomalvisi.com\/wp-content\/uploads\/2015\/03\/Ravenna_03.jpg\" \/>\n\n\n\t<div class=\"ms-thumb\" ><div class=\"ms-tab-context\"><div class=\"&quot;ms-tab-context&quot;\"><\/div><\/div>\n<\/div>\n\t\t\t\t<\/div>\n\t\t\t\t<div  class=\"ms-slide\" data-delay=\"3\" data-fill-mode=\"fill\"  >\n\t\t\t\t\t<img decoding=\"async\" src=\"https:\/\/palazzomalvisi.com\/wp-content\/plugins\/master-slider\/public\/assets\/css\/blank.gif\" alt=\"\" title=\"\" data-src=\"https:\/\/palazzomalvisi.com\/wp-content\/uploads\/2015\/03\/Ravenna_05.jpg\" \/>\n\n\n\t<div class=\"ms-thumb\" ><div class=\"ms-tab-context\"><div class=\"&quot;ms-tab-context&quot;\"><\/div><\/div>\n<\/div>\n\t\t\t\t<\/div>\n\n\t\t\t<\/div>\n\t\t\t<!-- END MasterSlider Main -->\n\n\t\t\t \n\t\t<\/div>\n\t\t<!-- END MasterSlider -->\n\n\t\t<script>\n\t\t(function ( $ ) {\n\t\t\t\"use strict\";\n\n\t\t\t$(function () {\n\t\t\t\tvar masterslider_9131 = new MasterSlider();\n\n\t\t\t\t\/\/ slider controls\n\t\t\t\tmasterslider_9131.control('arrows'     ,{ autohide:false, overVideo:true  });\n\t\t\t\t\/\/ slider setup\n\t\t\t\tmasterslider_9131.setup(\"MS6a059588c9131\", {\n\t\t\t\t\t\twidth           : 1240,\n\t\t\t\t\t\theight          : 400,\n\t\t\t\t\t\tminHeight       : 0,\n\t\t\t\t\t\tspace           : 0,\n\t\t\t\t\t\tstart           : 1,\n\t\t\t\t\t\tgrabCursor      : true,\n\t\t\t\t\t\tswipe           : true,\n\t\t\t\t\t\tmouse           : true,\n\t\t\t\t\t\tlayout          : \"boxed\",\n\t\t\t\t\t\twheel           : false,\n\t\t\t\t\t\tautoplay        : false,\n\t\t\t\t\t\tinstantStartLayers:false,\n\t\t\t\t\t\tloop            : false,\n\t\t\t\t\t\tshuffle         : false,\n\t\t\t\t\t\tpreload         : 0,\n\t\t\t\t\t\theightLimit     : true,\n\t\t\t\t\t\tautoHeight      : false,\n\t\t\t\t\t\tsmoothHeight    : true,\n\t\t\t\t\t\tendPause        : false,\n\t\t\t\t\t\toverPause       : true,\n\t\t\t\t\t\tfillMode        : \"fill\",\n\t\t\t\t\t\tcenterControls  : true,\n\t\t\t\t\t\tstartOnAppear   : false,\n\t\t\t\t\t\tlayersMode      : \"center\",\n\t\t\t\t\t\thideLayers      : false,\n\t\t\t\t\t\tfullscreenMargin: 0,\n\t\t\t\t\t\tspeed           : 20,\n\t\t\t\t\t\tdir             : \"h\",\n\t\t\t\t\t\tparallaxMode    : 'swipe',\n\t\t\t\t\t\tview            : \"basic\"\n\t\t\t\t});\n\n\t\t\t\t\n\t\t\t\twindow.masterslider_instances = window.masterslider_instances || [];\n\t\t\t\twindow.masterslider_instances.push( masterslider_9131 );\n\t\t\t });\n\n\t\t})(jQuery);\n\t\t<\/script>\n\n\nArte, cultura ed i pi\u00f9 bei mosaici del mondo:\u00a0tutto questo pu\u00f2 essere trovato in questa piccola citt\u00e0, dove vivrete in prima persona lo stile di vita Italiano.<\/p>\n<p>L\u2019affascinante citt\u00e0 di Ravenna \u00e8 stata tre volte capitale nel corso della storia: dell\u2019Impero Romano d\u2019Oriente, dell\u2019Esarcato Bizantino e dell\u2019Impero Ostrogoto.<\/p>\n<p><span style=\"text-align: justify; line-height: 1.5;\">Molte opere di inestimabile valore, appartenenti a questo straordinario passato, sono state incluse dall\u2019<\/span><a style=\"text-align: justify; line-height: 1.5;\" href=\"http:\/\/whc.unesco.org\/en\/list\/788\" target=\"_blank\" rel=\"noopener\">UNESCO<\/a>\u00a0nella lista dei <strong>patrimoni mondiali dell\u2019umanit\u00e0<\/strong>, e sono ora conservate con orgoglio nei musei della citt\u00e0.<\/p>\n<p><strong>Dante Alighieri<\/strong>, lo straordinario poeta, padre della lingua Italiana, trascorse gli ultimi anni della sua vita a Ravenna, dove \u00e8 stato anche sepolto. La tomba di Dante si trova in pieno centro storico, a soli due minuti di distanza dalla nostra Scuola.<\/p>\n<hr \/>\n<p><a href=\"https:\/\/youtu.be\/sqi_zfZj0Lg\" target=\"_blank\" rel=\"noopener\"><img loading=\"lazy\" decoding=\"async\" class=\"alignnone size-full wp-image-3659\" src=\"http:\/\/palazzomalvisi.com\/wp-content\/uploads\/2015\/03\/You_Tube_03.jpg\" alt=\"You_Tube_03\" width=\"45\" height=\"31\" \/><\/a>\u00a0<a href=\"https:\/\/www.youtube.com\/watch?v=VQOr3H2UvSY\" target=\"_blank\" rel=\"noopener\">Documentario TV su Ravenna<\/a><\/p>\n<p style=\"text-align: justify;\"> <div class=\"toggle-wrap\"><span class=\"trigger \"><a href=\"#\"><i class=\"toggle-icon\"><\/i> SCOPRI RAVENNA<\/a><\/span><div class=\"toggle-container\"><p>Il principale mezzo di trasporto a Ravenna \u00e8 la bicicletta: \u201cla regina della strada\u201d. La dimensione della citt\u00e0, il poco traffico del centro storico e le numerose piste ciclabili (le pi\u00f9 lunghe d&#8217;Italia), consentono di attraversare la citt\u00e0 da un capo all&#8217;altro in pochi minuti.<\/p>\n<p style=\"text-align: justify;\">Per quanto riguarda la cucina, a Ravenna c\u2019\u00e8 da rimanerne sorpresi: ristoranti, trattorie e pizzerie sono sparse per tutta la citt\u00e0, proponendo specialit\u00e0 locali a prezzi relativamente bassi. Bar, enoteche e \u201cpiadinerie\u201d (la \u201cpiadina\u201d \u00e8 un pane tradizionale delle antiche ricette romagnole) vi offriranno deliziosi spuntini\u2026 l\u2019ideale per una gustosa pausa.<\/p>\n<p style=\"text-align: justify;\">In autobus o in treno, \u00e8 possibile esplorare le piccole citt\u00e0 vicino a Ravenna: Faenza, con le sue ceramiche; Russi, con il suo festival del vino; e le famose localit\u00e0 balneari, come Milano Marittima, Cervia, Cesenatico e Rimini. La posizione geografica di Ravenna \u00e8 anche molto comoda per visitare altre parti d\u2019Italia. Citt\u00e0 come Firenze o Venezia sono raggiungibili in circa due ore, mentre Roma, la citt\u00e0 eterna, \u00e8 a solo tre ore di distanza in treno da Ravenna.<\/p>\n<p style=\"text-align: justify;\">Ravenna offre tutto l&#8217;anno diversi eventi culturali: spettacoli, <a href=\"http:\/\/www.ravennafestival.org\/\" target=\"_blank\" rel=\"noopener\">concerti<\/a>, <a href=\"http:\/\/www.teatroalighieri.org\/\" target=\"_blank\" rel=\"noopener\">teatro<\/a> e danza, <a href=\"http:\/\/www.mar.ra.it\/ita\/\" target=\"_blank\" rel=\"noopener\">mostre d&#8217;arte<\/a>, mercatini d&#8217;antiquariato e fiere, musei e <a href=\"http:\/\/www.classense.ra.it\/\" target=\"_blank\" rel=\"noopener\">biblioteche<\/a>.<\/p><\/div><\/div>\n\n\t\t<style type=\"text\/css\">\n\t\t\t#gallery-1 {\n\t\t\t\tmargin: auto;\n\t\t\t}\n\t\t\t#gallery-1 .gallery-item {\n\t\t\t\tfloat: left;\n\t\t\t\tmargin-top: 10px;\n\t\t\t\ttext-align: center;\n\t\t\t\twidth: 33%;\n\t\t\t}\n\t\t\t#gallery-1 img {\n\t\t\t\tborder: 2px solid #cfcfcf;\n\t\t\t}\n\t\t\t#gallery-1 .gallery-caption {\n\t\t\t\tmargin-left: 0;\n\t\t\t}\n\t\t\t\/* see gallery_shortcode() in wp-includes\/media.php *\/\n\t\t<\/style>\n\t\t<div id='gallery-1' class='gallery galleryid-220 gallery-columns-3 gallery-size-thumbnail'><dl class='gallery-item'>\n\t\t\t<dt class='gallery-icon landscape'>\n\t\t\t\t<a href='https:\/\/palazzomalvisi.com\/wp-content\/uploads\/2015\/03\/Ravenna_Gallery_01.jpg'><img loading=\"lazy\" decoding=\"async\" width=\"150\" height=\"100\" src=\"https:\/\/palazzomalvisi.com\/wp-content\/uploads\/2015\/03\/Ravenna_Gallery_01.jpg\" class=\"attachment-thumbnail size-thumbnail\" alt=\"Ravenna - Mausoleo di Teodorico\" aria-describedby=\"gallery-1-5439\" \/><\/a>\n\t\t\t<\/dt>\n\t\t\t\t<dd class='wp-caption-text gallery-caption' id='gallery-1-5439'>\n\t\t\t\tRavenna &#8211; Mausoleo di Teodorico\n\t\t\t\t<\/dd><\/dl><dl class='gallery-item'>\n\t\t\t<dt class='gallery-icon landscape'>\n\t\t\t\t<a href='https:\/\/palazzomalvisi.com\/wp-content\/uploads\/2015\/03\/Ravenna_Gallery_02.jpg'><img loading=\"lazy\" decoding=\"async\" width=\"150\" height=\"150\" src=\"https:\/\/palazzomalvisi.com\/wp-content\/uploads\/2015\/03\/Ravenna_Gallery_02-150x150.jpg\" class=\"attachment-thumbnail size-thumbnail\" alt=\"Ravenna - San Francesco - Cripta\" aria-describedby=\"gallery-1-5440\" srcset=\"https:\/\/palazzomalvisi.com\/wp-content\/uploads\/2015\/03\/Ravenna_Gallery_02-150x150.jpg 150w, https:\/\/palazzomalvisi.com\/wp-content\/uploads\/2015\/03\/Ravenna_Gallery_02-130x130.jpg 130w\" sizes=\"auto, (max-width: 150px) 100vw, 150px\" \/><\/a>\n\t\t\t<\/dt>\n\t\t\t\t<dd class='wp-caption-text gallery-caption' id='gallery-1-5440'>\n\t\t\t\tRavenna &#8211; San Francesco &#8211; Cripta\n\t\t\t\t<\/dd><\/dl><dl class='gallery-item'>\n\t\t\t<dt class='gallery-icon landscape'>\n\t\t\t\t<a href='https:\/\/palazzomalvisi.com\/wp-content\/uploads\/2015\/03\/Ravenna_Gallery_03.jpg'><img loading=\"lazy\" decoding=\"async\" width=\"150\" height=\"150\" src=\"https:\/\/palazzomalvisi.com\/wp-content\/uploads\/2015\/03\/Ravenna_Gallery_03-150x150.jpg\" class=\"attachment-thumbnail size-thumbnail\" alt=\"Ravenna - Battistero Neoniano\" aria-describedby=\"gallery-1-5441\" srcset=\"https:\/\/palazzomalvisi.com\/wp-content\/uploads\/2015\/03\/Ravenna_Gallery_03-150x150.jpg 150w, https:\/\/palazzomalvisi.com\/wp-content\/uploads\/2015\/03\/Ravenna_Gallery_03-130x130.jpg 130w\" sizes=\"auto, (max-width: 150px) 100vw, 150px\" \/><\/a>\n\t\t\t<\/dt>\n\t\t\t\t<dd class='wp-caption-text gallery-caption' id='gallery-1-5441'>\n\t\t\t\tRavenna &#8211; Battistero Neoniano\n\t\t\t\t<\/dd><\/dl><br style=\"clear: both\" \/><dl class='gallery-item'>\n\t\t\t<dt class='gallery-icon landscape'>\n\t\t\t\t<a href='https:\/\/palazzomalvisi.com\/wp-content\/uploads\/2015\/03\/Ravenna_Gallery_04.jpg'><img loading=\"lazy\" decoding=\"async\" width=\"150\" height=\"150\" src=\"https:\/\/palazzomalvisi.com\/wp-content\/uploads\/2015\/03\/Ravenna_Gallery_04-150x150.jpg\" class=\"attachment-thumbnail size-thumbnail\" alt=\"Ravenna - Piazza San Francesco\" aria-describedby=\"gallery-1-5442\" srcset=\"https:\/\/palazzomalvisi.com\/wp-content\/uploads\/2015\/03\/Ravenna_Gallery_04-150x150.jpg 150w, https:\/\/palazzomalvisi.com\/wp-content\/uploads\/2015\/03\/Ravenna_Gallery_04-130x130.jpg 130w\" sizes=\"auto, (max-width: 150px) 100vw, 150px\" \/><\/a>\n\t\t\t<\/dt>\n\t\t\t\t<dd class='wp-caption-text gallery-caption' id='gallery-1-5442'>\n\t\t\t\tRavenna &#8211; Piazza San Francesco\n\t\t\t\t<\/dd><\/dl><dl class='gallery-item'>\n\t\t\t<dt class='gallery-icon landscape'>\n\t\t\t\t<a href='https:\/\/palazzomalvisi.com\/wp-content\/uploads\/2015\/03\/Ravenna_Gallery_05-e1547458466726.jpg'><img loading=\"lazy\" decoding=\"async\" width=\"150\" height=\"150\" src=\"https:\/\/palazzomalvisi.com\/wp-content\/uploads\/2015\/03\/Ravenna_Gallery_05-e1547458466726-150x150.jpg\" class=\"attachment-thumbnail size-thumbnail\" alt=\"Ravenna - Sant&#039;Apollinare in Classe\" aria-describedby=\"gallery-1-5443\" srcset=\"https:\/\/palazzomalvisi.com\/wp-content\/uploads\/2015\/03\/Ravenna_Gallery_05-e1547458466726-150x150.jpg 150w, https:\/\/palazzomalvisi.com\/wp-content\/uploads\/2015\/03\/Ravenna_Gallery_05-e1547458466726-130x130.jpg 130w\" sizes=\"auto, (max-width: 150px) 100vw, 150px\" \/><\/a>\n\t\t\t<\/dt>\n\t\t\t\t<dd class='wp-caption-text gallery-caption' id='gallery-1-5443'>\n\t\t\t\tRavenna &#8211; Sant&#8217;Apollinare in Classe\n\t\t\t\t<\/dd><\/dl><dl class='gallery-item'>\n\t\t\t<dt class='gallery-icon landscape'>\n\t\t\t\t<a href='https:\/\/palazzomalvisi.com\/wp-content\/uploads\/2015\/03\/Ravenna_Gallery_06-e1547458526598.jpg'><img loading=\"lazy\" decoding=\"async\" width=\"150\" height=\"150\" src=\"https:\/\/palazzomalvisi.com\/wp-content\/uploads\/2015\/03\/Ravenna_Gallery_06-e1547458526598-150x150.jpg\" class=\"attachment-thumbnail size-thumbnail\" alt=\"Ravenna - Santa Maria in Porto\" aria-describedby=\"gallery-1-5444\" srcset=\"https:\/\/palazzomalvisi.com\/wp-content\/uploads\/2015\/03\/Ravenna_Gallery_06-e1547458526598-150x150.jpg 150w, https:\/\/palazzomalvisi.com\/wp-content\/uploads\/2015\/03\/Ravenna_Gallery_06-e1547458526598-130x130.jpg 130w\" sizes=\"auto, (max-width: 150px) 100vw, 150px\" \/><\/a>\n\t\t\t<\/dt>\n\t\t\t\t<dd class='wp-caption-text gallery-caption' id='gallery-1-5444'>\n\t\t\t\tRavenna &#8211; Santa Maria in Porto\n\t\t\t\t<\/dd><\/dl><br style=\"clear: both\" \/><dl class='gallery-item'>\n\t\t\t<dt class='gallery-icon landscape'>\n\t\t\t\t<a href='https:\/\/palazzomalvisi.com\/wp-content\/uploads\/2015\/03\/Ravenna_Gallery_07.jpg'><img loading=\"lazy\" decoding=\"async\" width=\"150\" height=\"150\" src=\"https:\/\/palazzomalvisi.com\/wp-content\/uploads\/2015\/03\/Ravenna_Gallery_07-150x150.jpg\" class=\"attachment-thumbnail size-thumbnail\" alt=\"Ravenna - TAMO Museo del mosaico\" aria-describedby=\"gallery-1-5445\" srcset=\"https:\/\/palazzomalvisi.com\/wp-content\/uploads\/2015\/03\/Ravenna_Gallery_07-150x150.jpg 150w, https:\/\/palazzomalvisi.com\/wp-content\/uploads\/2015\/03\/Ravenna_Gallery_07-130x130.jpg 130w\" sizes=\"auto, (max-width: 150px) 100vw, 150px\" \/><\/a>\n\t\t\t<\/dt>\n\t\t\t\t<dd class='wp-caption-text gallery-caption' id='gallery-1-5445'>\n\t\t\t\tRavenna &#8211; TAMO Museo del mosaico\n\t\t\t\t<\/dd><\/dl><dl class='gallery-item'>\n\t\t\t<dt class='gallery-icon landscape'>\n\t\t\t\t<a href='https:\/\/palazzomalvisi.com\/wp-content\/uploads\/2015\/03\/Ravenna_Gallery_08.jpg'><img loading=\"lazy\" decoding=\"async\" width=\"150\" height=\"150\" src=\"https:\/\/palazzomalvisi.com\/wp-content\/uploads\/2015\/03\/Ravenna_Gallery_08-150x150.jpg\" class=\"attachment-thumbnail size-thumbnail\" alt=\"Ravenna - Duomo\" aria-describedby=\"gallery-1-5446\" srcset=\"https:\/\/palazzomalvisi.com\/wp-content\/uploads\/2015\/03\/Ravenna_Gallery_08-150x150.jpg 150w, https:\/\/palazzomalvisi.com\/wp-content\/uploads\/2015\/03\/Ravenna_Gallery_08-130x130.jpg 130w\" sizes=\"auto, (max-width: 150px) 100vw, 150px\" \/><\/a>\n\t\t\t<\/dt>\n\t\t\t\t<dd class='wp-caption-text gallery-caption' id='gallery-1-5446'>\n\t\t\t\tRavenna &#8211; Duomo\n\t\t\t\t<\/dd><\/dl><dl class='gallery-item'>\n\t\t\t<dt class='gallery-icon landscape'>\n\t\t\t\t<a href='https:\/\/palazzomalvisi.com\/wp-content\/uploads\/2015\/03\/Ravenna_Gallery_09.jpg'><img loading=\"lazy\" decoding=\"async\" width=\"150\" height=\"150\" src=\"https:\/\/palazzomalvisi.com\/wp-content\/uploads\/2015\/03\/Ravenna_Gallery_09-150x150.jpg\" class=\"attachment-thumbnail size-thumbnail\" alt=\"Ravenna - Biblioteca Classense\" aria-describedby=\"gallery-1-5447\" srcset=\"https:\/\/palazzomalvisi.com\/wp-content\/uploads\/2015\/03\/Ravenna_Gallery_09-150x150.jpg 150w, https:\/\/palazzomalvisi.com\/wp-content\/uploads\/2015\/03\/Ravenna_Gallery_09-130x130.jpg 130w\" sizes=\"auto, (max-width: 150px) 100vw, 150px\" \/><\/a>\n\t\t\t<\/dt>\n\t\t\t\t<dd class='wp-caption-text gallery-caption' id='gallery-1-5447'>\n\t\t\t\tRavenna &#8211; Biblioteca Classense\n\t\t\t\t<\/dd><\/dl><br style=\"clear: both\" \/><dl class='gallery-item'>\n\t\t\t<dt class='gallery-icon landscape'>\n\t\t\t\t<a href='https:\/\/palazzomalvisi.com\/wp-content\/uploads\/2015\/03\/Ravenna_Gallery_11.jpg'><img loading=\"lazy\" decoding=\"async\" width=\"150\" height=\"150\" src=\"https:\/\/palazzomalvisi.com\/wp-content\/uploads\/2015\/03\/Ravenna_Gallery_11-150x150.jpg\" class=\"attachment-thumbnail size-thumbnail\" alt=\"Ravenna - Teatro Alighieri\" aria-describedby=\"gallery-1-5448\" srcset=\"https:\/\/palazzomalvisi.com\/wp-content\/uploads\/2015\/03\/Ravenna_Gallery_11-150x150.jpg 150w, https:\/\/palazzomalvisi.com\/wp-content\/uploads\/2015\/03\/Ravenna_Gallery_11-130x130.jpg 130w\" sizes=\"auto, (max-width: 150px) 100vw, 150px\" \/><\/a>\n\t\t\t<\/dt>\n\t\t\t\t<dd class='wp-caption-text gallery-caption' id='gallery-1-5448'>\n\t\t\t\tRavenna &#8211; Teatro Alighieri\n\t\t\t\t<\/dd><\/dl><dl class='gallery-item'>\n\t\t\t<dt class='gallery-icon landscape'>\n\t\t\t\t<a href='https:\/\/palazzomalvisi.com\/wp-content\/uploads\/2015\/03\/Ravenna_Gallery_12.jpg'><img loading=\"lazy\" decoding=\"async\" width=\"150\" height=\"150\" src=\"https:\/\/palazzomalvisi.com\/wp-content\/uploads\/2015\/03\/Ravenna_Gallery_12-150x150.jpg\" class=\"attachment-thumbnail size-thumbnail\" alt=\"Ravenna - Sant&#039;Apollinare Nuovo\" aria-describedby=\"gallery-1-5449\" srcset=\"https:\/\/palazzomalvisi.com\/wp-content\/uploads\/2015\/03\/Ravenna_Gallery_12-150x150.jpg 150w, https:\/\/palazzomalvisi.com\/wp-content\/uploads\/2015\/03\/Ravenna_Gallery_12-130x130.jpg 130w\" sizes=\"auto, (max-width: 150px) 100vw, 150px\" \/><\/a>\n\t\t\t<\/dt>\n\t\t\t\t<dd class='wp-caption-text gallery-caption' id='gallery-1-5449'>\n\t\t\t\tRavenna &#8211; Sant&#8217;Apollinare Nuovo\n\t\t\t\t<\/dd><\/dl><dl class='gallery-item'>\n\t\t\t<dt class='gallery-icon landscape'>\n\t\t\t\t<a href='https:\/\/palazzomalvisi.com\/wp-content\/uploads\/2015\/03\/Ravenna_Gallery_13.jpg'><img loading=\"lazy\" decoding=\"async\" width=\"150\" height=\"150\" src=\"https:\/\/palazzomalvisi.com\/wp-content\/uploads\/2015\/03\/Ravenna_Gallery_13-150x150.jpg\" class=\"attachment-thumbnail size-thumbnail\" alt=\"Ravenna - Statua di Sant&#039;Apollinare\" aria-describedby=\"gallery-1-5450\" srcset=\"https:\/\/palazzomalvisi.com\/wp-content\/uploads\/2015\/03\/Ravenna_Gallery_13-150x150.jpg 150w, https:\/\/palazzomalvisi.com\/wp-content\/uploads\/2015\/03\/Ravenna_Gallery_13-130x130.jpg 130w\" sizes=\"auto, (max-width: 150px) 100vw, 150px\" \/><\/a>\n\t\t\t<\/dt>\n\t\t\t\t<dd class='wp-caption-text gallery-caption' id='gallery-1-5450'>\n\t\t\t\tRavenna &#8211; Statua di Sant&#8217;Apollinare\n\t\t\t\t<\/dd><\/dl><br style=\"clear: both\" \/><dl class='gallery-item'>\n\t\t\t<dt class='gallery-icon landscape'>\n\t\t\t\t<a href='https:\/\/palazzomalvisi.com\/wp-content\/uploads\/2015\/03\/Ravenna_Gallery_14.jpg'><img loading=\"lazy\" decoding=\"async\" width=\"150\" height=\"150\" src=\"https:\/\/palazzomalvisi.com\/wp-content\/uploads\/2015\/03\/Ravenna_Gallery_14-150x150.jpg\" class=\"attachment-thumbnail size-thumbnail\" alt=\"Ravenna - Piazza del Popolo\" aria-describedby=\"gallery-1-5451\" srcset=\"https:\/\/palazzomalvisi.com\/wp-content\/uploads\/2015\/03\/Ravenna_Gallery_14-150x150.jpg 150w, https:\/\/palazzomalvisi.com\/wp-content\/uploads\/2015\/03\/Ravenna_Gallery_14-130x130.jpg 130w\" sizes=\"auto, (max-width: 150px) 100vw, 150px\" \/><\/a>\n\t\t\t<\/dt>\n\t\t\t\t<dd class='wp-caption-text gallery-caption' id='gallery-1-5451'>\n\t\t\t\tRavenna &#8211; Piazza del Popolo\n\t\t\t\t<\/dd><\/dl><dl class='gallery-item'>\n\t\t\t<dt class='gallery-icon landscape'>\n\t\t\t\t<a href='https:\/\/palazzomalvisi.com\/wp-content\/uploads\/2015\/03\/Ravenna_Gallery_15.jpg'><img loading=\"lazy\" decoding=\"async\" width=\"150\" height=\"150\" src=\"https:\/\/palazzomalvisi.com\/wp-content\/uploads\/2015\/03\/Ravenna_Gallery_15-150x150.jpg\" class=\"attachment-thumbnail size-thumbnail\" alt=\"Ravenna - Artigianato locale\" aria-describedby=\"gallery-1-5452\" srcset=\"https:\/\/palazzomalvisi.com\/wp-content\/uploads\/2015\/03\/Ravenna_Gallery_15-150x150.jpg 150w, https:\/\/palazzomalvisi.com\/wp-content\/uploads\/2015\/03\/Ravenna_Gallery_15-130x130.jpg 130w\" sizes=\"auto, (max-width: 150px) 100vw, 150px\" \/><\/a>\n\t\t\t<\/dt>\n\t\t\t\t<dd class='wp-caption-text gallery-caption' id='gallery-1-5452'>\n\t\t\t\tRavenna &#8211; Artigianato locale\n\t\t\t\t<\/dd><\/dl><dl class='gallery-item'>\n\t\t\t<dt class='gallery-icon landscape'>\n\t\t\t\t<a href='https:\/\/palazzomalvisi.com\/wp-content\/uploads\/2015\/03\/Ravenna_Gallery_16.jpg'><img loading=\"lazy\" decoding=\"async\" width=\"150\" height=\"150\" src=\"https:\/\/palazzomalvisi.com\/wp-content\/uploads\/2015\/03\/Ravenna_Gallery_16-150x150.jpg\" class=\"attachment-thumbnail size-thumbnail\" alt=\"Ravenna - Piazza del Popolo\" aria-describedby=\"gallery-1-5453\" srcset=\"https:\/\/palazzomalvisi.com\/wp-content\/uploads\/2015\/03\/Ravenna_Gallery_16-150x150.jpg 150w, https:\/\/palazzomalvisi.com\/wp-content\/uploads\/2015\/03\/Ravenna_Gallery_16-130x130.jpg 130w\" sizes=\"auto, (max-width: 150px) 100vw, 150px\" \/><\/a>\n\t\t\t<\/dt>\n\t\t\t\t<dd class='wp-caption-text gallery-caption' id='gallery-1-5453'>\n\t\t\t\tRavenna &#8211; Piazza del Popolo\n\t\t\t\t<\/dd><\/dl><br style=\"clear: both\" \/><dl class='gallery-item'>\n\t\t\t<dt class='gallery-icon landscape'>\n\t\t\t\t<a href='https:\/\/palazzomalvisi.com\/wp-content\/uploads\/2015\/03\/Ravenna_Gallery_17.jpg'><img loading=\"lazy\" decoding=\"async\" width=\"150\" height=\"150\" src=\"https:\/\/palazzomalvisi.com\/wp-content\/uploads\/2015\/03\/Ravenna_Gallery_17-150x150.jpg\" class=\"attachment-thumbnail size-thumbnail\" alt=\"Ravenna - Loggetta Lombardesca\" aria-describedby=\"gallery-1-5454\" srcset=\"https:\/\/palazzomalvisi.com\/wp-content\/uploads\/2015\/03\/Ravenna_Gallery_17-150x150.jpg 150w, https:\/\/palazzomalvisi.com\/wp-content\/uploads\/2015\/03\/Ravenna_Gallery_17-130x130.jpg 130w\" sizes=\"auto, (max-width: 150px) 100vw, 150px\" \/><\/a>\n\t\t\t<\/dt>\n\t\t\t\t<dd class='wp-caption-text gallery-caption' id='gallery-1-5454'>\n\t\t\t\tRavenna &#8211; Loggetta Lombardesca\n\t\t\t\t<\/dd><\/dl><dl class='gallery-item'>\n\t\t\t<dt class='gallery-icon landscape'>\n\t\t\t\t<a href='https:\/\/palazzomalvisi.com\/wp-content\/uploads\/2015\/03\/Ravenna_Gallery_18.jpg'><img loading=\"lazy\" decoding=\"async\" width=\"150\" height=\"150\" src=\"https:\/\/palazzomalvisi.com\/wp-content\/uploads\/2015\/03\/Ravenna_Gallery_18-150x150.jpg\" class=\"attachment-thumbnail size-thumbnail\" alt=\"Ravenna - Piazza del Popolo\" aria-describedby=\"gallery-1-5455\" srcset=\"https:\/\/palazzomalvisi.com\/wp-content\/uploads\/2015\/03\/Ravenna_Gallery_18-150x150.jpg 150w, https:\/\/palazzomalvisi.com\/wp-content\/uploads\/2015\/03\/Ravenna_Gallery_18-130x130.jpg 130w\" sizes=\"auto, (max-width: 150px) 100vw, 150px\" \/><\/a>\n\t\t\t<\/dt>\n\t\t\t\t<dd class='wp-caption-text gallery-caption' id='gallery-1-5455'>\n\t\t\t\tRavenna &#8211; Piazza del Popolo\n\t\t\t\t<\/dd><\/dl><dl class='gallery-item'>\n\t\t\t<dt class='gallery-icon landscape'>\n\t\t\t\t<a href='https:\/\/palazzomalvisi.com\/wp-content\/uploads\/2015\/03\/Ravenna_gallery_19.jpg'><img loading=\"lazy\" decoding=\"async\" width=\"150\" height=\"150\" src=\"https:\/\/palazzomalvisi.com\/wp-content\/uploads\/2015\/03\/Ravenna_gallery_19-150x150.jpg\" class=\"attachment-thumbnail size-thumbnail\" alt=\"Ravenna - Via Cavour\" aria-describedby=\"gallery-1-5457\" srcset=\"https:\/\/palazzomalvisi.com\/wp-content\/uploads\/2015\/03\/Ravenna_gallery_19-150x150.jpg 150w, https:\/\/palazzomalvisi.com\/wp-content\/uploads\/2015\/03\/Ravenna_gallery_19-130x130.jpg 130w\" sizes=\"auto, (max-width: 150px) 100vw, 150px\" \/><\/a>\n\t\t\t<\/dt>\n\t\t\t\t<dd class='wp-caption-text gallery-caption' id='gallery-1-5457'>\n\t\t\t\tRavenna &#8211; Via Cavour\n\t\t\t\t<\/dd><\/dl><br style=\"clear: both\" \/>\n\t\t<\/div>\n\n","protected":false},"excerpt":{"rendered":"<p>Arte, cultura ed i pi\u00f9 bei mosaici del mondo:\u00a0tutto questo pu\u00f2 essere trovato in questa piccola citt\u00e0, dove vivrete in prima persona lo stile di vita Italiano. L\u2019affascinante citt\u00e0 di Ravenna \u00e8 stata tre volte capitale nel corso della storia: dell\u2019Impero Romano d\u2019Oriente, dell\u2019Esarcato Bizantino e dell\u2019Impero Ostrogoto. Molte opere di inestimabile valore, appartenenti a<\/p>\n","protected":false},"author":1,"featured_media":0,"parent":0,"menu_order":0,"comment_status":"closed","ping_status":"closed","template":"","meta":{"footnotes":""},"wf_page_folders":[],"class_list":["post-220","page","type-page","status-publish","hentry"],"_links":{"self":[{"href":"https:\/\/palazzomalvisi.com\/it\/wp-json\/wp\/v2\/pages\/220","targetHints":{"allow":["GET"]}}],"collection":[{"href":"https:\/\/palazzomalvisi.com\/it\/wp-json\/wp\/v2\/pages"}],"about":[{"href":"https:\/\/palazzomalvisi.com\/it\/wp-json\/wp\/v2\/types\/page"}],"author":[{"embeddable":true,"href":"https:\/\/palazzomalvisi.com\/it\/wp-json\/wp\/v2\/users\/1"}],"replies":[{"embeddable":true,"href":"https:\/\/palazzomalvisi.com\/it\/wp-json\/wp\/v2\/comments?post=220"}],"version-history":[{"count":43,"href":"https:\/\/palazzomalvisi.com\/it\/wp-json\/wp\/v2\/pages\/220\/revisions"}],"predecessor-version":[{"id":12404,"href":"https:\/\/palazzomalvisi.com\/it\/wp-json\/wp\/v2\/pages\/220\/revisions\/12404"}],"wp:attachment":[{"href":"https:\/\/palazzomalvisi.com\/it\/wp-json\/wp\/v2\/media?parent=220"}],"wp:term":[{"taxonomy":"wf_page_folders","embeddable":true,"href":"https:\/\/palazzomalvisi.com\/it\/wp-json\/wp\/v2\/wf_page_folders?post=220"}],"curies":[{"name":"wp","href":"https:\/\/api.w.org\/{rel}","templated":true}]}}