{"id":203,"date":"2015-05-04T14:15:33","date_gmt":"2015-05-04T14:15:33","guid":{"rendered":"http:\/\/www.palazzomalvisi.com\/?page_id=203"},"modified":"2015-05-04T14:15:33","modified_gmt":"2015-05-04T14:15:33","slug":"condizioni-generali-di-iscrizione","status":"publish","type":"page","link":"https:\/\/palazzomalvisi.com\/it\/condizioni-generali-di-iscrizione\/","title":{"rendered":"CONDIZIONI GENERALI DI ISCRIZIONE"},"content":{"rendered":"<p><strong>CONDIZIONI DI PAGAMENTO<\/strong><br \/>\nPer confermare l&#8217;iscrizione a un corso, inviare il modulo di iscrizione debitamente compilato insieme con un acconto, non rimborsabile, di \u20ac 150,00.<br \/>\nTale acconto non costituisce un costo aggiuntivo, l&#8217;intera cifra verr\u00e0 scalata dal costo totale del corso.<br \/>\nInviare l&#8217;acconto attraverso bonifico bancario a:<br \/>\n<strong>MIDA TRAINING CENTER S.R.L.<\/strong><br \/>\n(la societ\u00e0 proprietaria del marchio Scuola Palazzo Malvisi Ravenna)<br \/>\nBanco Popolare Soc. Coop. Piazza Caduti della Libert\u00e0 &#8211; Ravenna<br \/>\nIBAN IT98 W 05034 13101 0000 0000 5856 &#8211; BIC\/ SWIFT BAPPIT21443<\/p>\n<p>L&#8217;elenco completo delle condizioni generali di iscrizione, inclusi tutti i dettagli riguardanti il corso e l&#8217;alloggio, \u00e8 disponibile su richiesta. Per tutto ci\u00f2 che non venga menzionato qui di seguito e in detto documento si applica la legge italiana vigente. Foro competente a decidere per qualsiasi controversia \u00e8 il Tribunale di Ravenna.<\/p>\n<p><strong>CANCELLAZIONE DEL CORSO<\/strong><br \/>\nIn caso di annullamento, dal momento dell&#8217;iscrizione sino ad un mese prima dell&#8217;inizio del corso, la scuola si riserva il diritto di trattenere l&#8217;acconto versato. Se la cancellazione avviene nel mese precedente l&#8217;inizio del corso, viene addebitato il 50% del costo del corso e dell&#8217;alloggio. Nessun rimborso viene concesso in caso di cancellazione successiva all&#8217;inizio del corso. In caso di riduzione del soggiorno, salvo una franchigia di 2 settimane, viene concesso un buono di credito, corrispondente alla parte del corso non frequentata, utilizzabile entro 12 mesi e non cedibile. Le domande di rimborso vanno presentate compilando l&#8217;apposito modulo richiedibile in segreteria. Vengono prese in considerazione le sole contestazioni espresse per iscritto.<br \/>\n<strong>CANCELLAZIONE DELL&#8217;ALLOGGIO<\/strong><br \/>\nLa cancellazione deve essere comunicata per iscritto:<br \/>\n1 settimana prima dell&#8217;arrivo, per tutti coloro che prenotano il pernottamento presso una famiglia;<br \/>\n2 settimane prima dell&#8217;arrivo, per tutti coloro che hanno richiesto il pernottamento in un monolocale;<br \/>\n48 ore prima dell&#8217;arrivo, per tutti coloro che hanno fatto richiesta di una camera all&#8217;interno di un B&amp;B oppure di un hotel.<br \/>\npenale in caso di annullamento dopo la data di arrivo: \u20ac 100,00.<br \/>\nIn caso non venga inviata alcuna notifica scritta di annullamento, ad essa verranno sommate le spese di alloggio per l&#8217;intero periodo prenotato. II rimborso viene evaso entro 30 giorni dalla richiesta. Il rimborso non pu\u00f2 essere concesso sino a quando non siano stati saldati tutti gli importi dovuti.<br \/>\n<strong>CAMBIO DI ALLOGGIO<\/strong><br \/>\nIn caso di cambio di alloggio dopo la data di arrivo, viene richiesto il pagamento di \u20ac 50,00, a meno che la richiesta di cambio non sia dovuta a carenze imputabili alla scuola.<br \/>\n<strong>ASSICURAZIONE<\/strong><br \/>\nSi consiglia agli studenti di stipulare, prima del loro arrivo, un&#8217;assicurazione personale e sanitaria.\u00a0Si consiglia inoltre di stipulare un&#8217;assicurazione che li tuteli da eventuali spese di cancellazione.<br \/>\n<strong>DATI PERSONALI<\/strong><br \/>\nLo studente autorizza Scuola Palazzo Malvisi Ravenna a includere i propri dati personali in un database elettronico, a fini di iscrizione, e a inviargli periodicamente materiale informativo inerente l&#8217;attivit\u00e0 della scuola stessa. Lo studente pu\u00f2, in ogni momento, in conformit\u00e0 alla legge italiana (art. 13, 675\/96), chiedere che\u00a0i suoi dati personali vengano cancellati dagli archivi della scuola.<br \/>\n<strong>RESPONSABILIT\u00c0<\/strong><br \/>\nLa scuola non \u00e8 responsabile per eventuali furti o smarrimenti. La scuola agisce come intermediario tra studenti e proprietari e non \u00e8 responsabile per le relazioni tra di essi.<br \/>\n<strong>LA SCUOLA SI RISERVA I SEGUENTI DIRITTI<\/strong><br \/>\nDi cambiare sede, programma e orario dei corsi, e alloggio dello studente in caso di circostanze impreviste indipendenti dalla propria responsabilit\u00e0.\u00a0Di non accettare reclami da parte di uno studente che non siano stati manifestati esplicitamente durante il soggiorno presso la scuola.\u00a0Di apportare modifiche a questo documento e al listino.<\/p>\n<p><strong>N.B.<\/strong><br \/>\nIl numero massimo di studenti per classe a orario completo \u00e8 8, quello minimo \u00e8 4.<br \/>\nNel caso vi siano solo 2 o 3 studenti dello stesso livello, l\u2019orario della classe \u00e8 di 15 ore a settimana (3 ore al giorno).<br \/>\nNel caso vi sia un solo studente di un determinato livello, il suo corso di gruppo viene trasformato, a parit\u00e0 di prezzo, in un CORSO INDIVIDUALE di 10 ore a settimana.<br \/>\nAttenzione: le regole di cui sopra, si applicano agli studenti che prenotano un soggiorno studio tramite un\u2019agenzia autorizzata.<br \/>\nSi applicano inoltre agli studenti che si iscrivono dall\u2019estero e che richiedono il nostro supporto per la ricerca di alloggio.<br \/>\nNon si applicano invece a studenti stranieri domiciliati, anche temporaneamente, in Italia.<br \/>\nPer essi, nel caso il gruppo classe di cui fanno parte si riduca a meno di 4 studenti, la scuola si riserva il diritto di sospendere il corso e di riattivarlo solo al ripresentarsi della possibilit\u00e0 di inserirli in un gruppo classe di almeno 4 studenti.0<br \/>\nLe lezioni di gruppo non possono essere convertite in lezioni individuali.<br \/>\nGli studenti che siano assenti durante le lezioni di un corso di gruppo non hanno diritto ad alcun rimborso o recupero.<\/p>\n","protected":false},"excerpt":{"rendered":"<p>CONDIZIONI DI PAGAMENTO Per confermare l&#8217;iscrizione a un corso, inviare il modulo di iscrizione debitamente compilato insieme con un acconto, non rimborsabile, di \u20ac 150,00. Tale acconto non costituisce un costo aggiuntivo, l&#8217;intera cifra verr\u00e0 scalata dal costo totale del corso. Inviare l&#8217;acconto attraverso bonifico bancario a: MIDA TRAINING CENTER S.R.L. (la societ\u00e0 proprietaria del<\/p>\n","protected":false},"author":1,"featured_media":0,"parent":0,"menu_order":0,"comment_status":"open","ping_status":"open","template":"","meta":{"footnotes":""},"wf_page_folders":[],"class_list":["post-203","page","type-page","status-publish","hentry"],"_links":{"self":[{"href":"https:\/\/palazzomalvisi.com\/it\/wp-json\/wp\/v2\/pages\/203","targetHints":{"allow":["GET"]}}],"collection":[{"href":"https:\/\/palazzomalvisi.com\/it\/wp-json\/wp\/v2\/pages"}],"about":[{"href":"https:\/\/palazzomalvisi.com\/it\/wp-json\/wp\/v2\/types\/page"}],"author":[{"embeddable":true,"href":"https:\/\/palazzomalvisi.com\/it\/wp-json\/wp\/v2\/users\/1"}],"replies":[{"embeddable":true,"href":"https:\/\/palazzomalvisi.com\/it\/wp-json\/wp\/v2\/comments?post=203"}],"version-history":[{"count":1,"href":"https:\/\/palazzomalvisi.com\/it\/wp-json\/wp\/v2\/pages\/203\/revisions"}],"predecessor-version":[{"id":204,"href":"https:\/\/palazzomalvisi.com\/it\/wp-json\/wp\/v2\/pages\/203\/revisions\/204"}],"wp:attachment":[{"href":"https:\/\/palazzomalvisi.com\/it\/wp-json\/wp\/v2\/media?parent=203"}],"wp:term":[{"taxonomy":"wf_page_folders","embeddable":true,"href":"https:\/\/palazzomalvisi.com\/it\/wp-json\/wp\/v2\/wf_page_folders?post=203"}],"curies":[{"name":"wp","href":"https:\/\/api.w.org\/{rel}","templated":true}]}}