{"id":9000,"date":"2015-05-05T15:57:00","date_gmt":"2015-05-05T15:57:00","guid":{"rendered":"http:\/\/palazzomalvisi.com\/celi\/datetasse\/"},"modified":"2026-04-30T10:05:26","modified_gmt":"2026-04-30T10:05:26","slug":"datetasse","status":"publish","type":"page","link":"https:\/\/palazzomalvisi.com\/de\/celi\/datetasse\/","title":{"rendered":"Date&#038;Tasse"},"content":{"rendered":"<h1>DATE ESAMI CELI 2026<\/h1>\n<p><strong>ATTENZIONE<\/strong>: gli esami di determinati livelli potrebbero essere organizzati qualche giorno prima o qualche giorno dopo la data della sessione. Informazioni precise circa data e orario verranno inviate ai candidati iscritti circa 15 giorni prima dell&#8217;esame.<\/p>\n<div class=\"su-table su-table-alternate\">\n<table>\n<tbody>\n<tr>\n<td width=\"25%\"><strong>DATA ESAME<\/strong><\/td>\n<td width=\"20%\"><strong>TIPO ESAME<\/strong><\/td>\n<td width=\"30%\"><strong>LIVELLI<\/strong><\/td>\n<td width=\"25%\"><strong>CHIUSURA ISCRIZIONI<\/strong><\/td>\n<\/tr>\n<tr>\n<td width=\"25%\"><span style=\"color: #000080\">18 febbraio 2026<\/span><\/td>\n<td style=\"text-align: left\" width=\"20%\"><span style=\"color: #000080\">CELI immigrati<\/span><\/td>\n<td width=\"30%\"><span style=\"color: #000080\">A2 Immigrati &#8211; B1 Cittadinanza<\/span><\/td>\n<td width=\"25%\"><span style=\"color: #000080\">ISCRIZIONI CHIUSE<\/span><\/td>\n<\/tr>\n<tr>\n<td width=\"25%\"><span style=\"color: #000080\">11 marzo 2026<\/span><\/td>\n<td style=\"text-align: left\" width=\"20%\"><span style=\"color: #000080\">CELI\u00a0standard<\/span><\/td>\n<td width=\"30%\"><span style=\"color: #000080\">A1-A2-B1-B2<\/span><\/td>\n<td width=\"25%\"><span style=\"color: #000080\">ISCRIZIONI CHIUSE<\/span><\/td>\n<\/tr>\n<tr>\n<td width=\"25%\"><span style=\"color: #000080\">06 maggio 2026<\/span><\/td>\n<td style=\"text-align: left\" width=\"20%\"><span style=\"color: #000080\">CELI\u00a0immigrati<\/span><\/td>\n<td width=\"30%\"><span style=\"color: #000080\">A1 i &#8211; A2 Immigrati &#8211; B1 Cittadinanza<\/span><\/td>\n<td width=\"25%\"><span style=\"color: #000080\">ISCRIZIONI CHIUSE<\/span><\/td>\n<\/tr>\n<tr>\n<td width=\"25%\"><span style=\"color: #000080\">09 maggio 2026<\/span><\/td>\n<td style=\"text-align: left\" width=\"20%\"><span style=\"color: #000080\">CELI adolescenti<\/span><\/td>\n<td width=\"30%\"><span style=\"color: #000080\">A2 Ad. &#8211; B1 Ad. &#8211; B2 Ad.\u00a0<\/span><\/td>\n<td width=\"25%\"><span style=\"color: #000080\">ISCRIZIONI CHIUSE<\/span><\/td>\n<\/tr>\n<tr>\n<td width=\"25%\"><span style=\"color: #000080\">09 giugno 2026<\/span><\/td>\n<td style=\"text-align: left\" width=\"20%\"><span style=\"color: #000080\">CELI standard<\/span><\/td>\n<td width=\"30%\"><span style=\"color: #000080\">A1-A2-B1-B2-C1-C2<\/span><\/td>\n<td width=\"25%\"><span style=\"color: #000080\">ISCRIZIONI CHIUSE<\/span><\/td>\n<\/tr>\n<tr>\n<td width=\"25%\"><span style=\"color: #000080\">16 settembre 2026<\/span><\/td>\n<td style=\"text-align: left\" width=\"20%\"><span style=\"color: #000080\">CELI immigrati<\/span><\/td>\n<td width=\"30%\"><span style=\"color: #000080\">A2 Immigrati &#8211; B1 Cittadinanza<\/span><\/td>\n<td width=\"25%\"><span style=\"color: #000080\">10 agosto 2026<\/span><\/td>\n<\/tr>\n<tr>\n<td width=\"25%\"><span style=\"color: #000080\">11 novembre 2026<\/span><\/td>\n<td style=\"text-align: left\" width=\"20%\"><span style=\"color: #000080\">CELI\u00a0standard<\/span><\/td>\n<td width=\"30%\"><span style=\"color: #000080\">A1-A2-B1-B2-C1-C2<\/span><\/td>\n<td width=\"25%\"><span style=\"color: #000080\">05 ottobre 2026<\/span><\/td>\n<\/tr>\n<\/tbody>\n<\/table>\n<\/div>\n<ul>\n<li><strong>RISULTATI<\/strong><br \/>\nI risultati saranno pubblicati <strong>circa 3\u00a0mesi dopo l&#8217;esame<\/strong>.<br \/>\nPer verificare i risultati, collegarsi <strong><a href=\"http:\/\/www.cvcl.it\/extranet\/area-riservata-candidati\" target=\"_blank\" rel=\"noopener\">a questa pagina<\/a><\/strong> gestita dall&#8217;Universit\u00e0 per stranieri di Perugia, inserire il numero di matricola ricevuto il giorno dell&#8217;esame e la data di nascita. Una volta pubblicati i risultati, in attesa del certificato originale, \u00e8 possibile scaricare dalla stessa pagina un <strong>certificato provvisorio<\/strong>.<\/li>\n<li><strong>CERTIFICATI<\/strong><br \/>\nI certificati originali saranno disponibili <strong>circa 5 mesi<\/strong> dopo l&#8217;esame. Quando i certificati saranno disponibili presso la Scuola Palazzo Malvisi, i candidati verranno informati via e-mail. I <strong>tempi<\/strong> di correzione degli esami e invio dei certificati non dipendono dalla nostra sede, ma esclusivamente dall&#8217;Universit\u00e0 per Stranieri di Perugia. La nostra sede non ha alcuna responsabilit\u00e0 in caso di <strong>ritardi<\/strong> (sempre possibili) nella produzione e invio dei certificati.<\/li>\n<\/ul>\n<hr \/>\n<h1>TASSE ESAMI CELI 2026<\/h1>\n<ul>\n<li>I seguenti prezzi, relativi agli esami CELI sostenuti presso il centro d&#8217;esame nr. 753 di Ravenna, sono comprensivi di tassa d&#8217;esame, spese di segreteria,\u00a0marca da bollo da \u20ac 16 da apporre sull&#8217;attestato.<\/li>\n<li><strong>INVIO CERTIFICATO<\/strong><br \/>\nA partire da gennaio 2023 l&#8217;Universit\u00e0 per Stranieri di Perugia produce i certificati originali SOLO in FORMA DIGITALE. In genere l&#8217;Universit\u00e0 invia i certificati alla sede d&#8217;esame <strong>5 mesi dopo dopo l&#8217;esame<\/strong>. Quando i certificati saranno disponibili, i candidati verranno informati via e-mail.<\/li>\n<li><strong>CANCELLAZIONE ISCRIZIONE<\/strong><br \/>\n\u00c8 possibile annullare la propria iscrizione sino alla mezzanotte del giorno precedente la chiusura delle iscrizioni. In questo caso si ricever\u00e0 un rimborso pari alle tasse versate meno \u20ac 10,00 per bolli e spese di segreteria. ATTENZIONE: in caso di annullamento dell&#8217;iscrizione dopo la data sopra indicata, non si ha diritto ad alcun rimborso.<\/li>\n<li><strong>ASSENZA<\/strong><br \/>\nIl candidato che non avesse la possibilit\u00e0, per gravi motivi di salute o lavoro, di partecipare ad una sessione d&#8217;esame cui \u00e8 iscritto, \u00e8 tenuto ad inviare alla scuola, il giorno dell&#8217;esame, un documento utile per giustificare l&#8217;assenza (certificato medico, oppure dichiarazione del datore di lavoro).<br \/>\nIn questo caso il candidato non ha diritto al rimborso delle tasse versate, ma pu\u00f2 iscriversi gratuitamente alla sessione d&#8217;esame immediatamente successiva, presso la medesima sede d&#8217;esame.<\/li>\n<li><strong>CAPITALIZZAZIONE<\/strong><br \/>\nIn caso di non superamento della solo <strong>prima parte<\/strong> dell&#8217;esame (leggere + scrivere + ascoltare), o della sola <strong>seconda parte<\/strong> (parlare), \u00e8 possibile sostenere, entro un anno, la sola parte non superata, pagando il 70% delle tasse d&#8217;esame relative.<\/li>\n<\/ul>\n<div class=\"su-table su-table-alternate\">\n<table>\n<tbody>\n<tr>\n<td width=\"20%\"><strong>TIPO ESAME<\/strong><\/td>\n<td width=\"10%\"><strong>PREZZO<\/strong><\/td>\n<td width=\"30%\"><strong>NOTE<\/strong><\/td>\n<\/tr>\n<tr>\n<td width=\"20%\"><span style=\"color: #000080\">CELI A1 Immigrati<\/span><\/td>\n<td width=\"10%\"><span style=\"color: #000080\">\u20ac 60,00<\/span><\/td>\n<td width=\"30%\"><span style=\"color: #000080\">Per una sola parte d&#8217;esame: \u20ac 42,00<\/span><\/td>\n<\/tr>\n<tr>\n<td width=\"20%\"><span style=\"color: #000080\">CELI A2 Immigrati<\/span><\/td>\n<td width=\"10%\"><span style=\"color: #000080\">\u20ac 80,00<\/span><\/td>\n<td width=\"30%\"><span style=\"color: #000080\">Per una sola parte d&#8217;esame: \u20ac 56,00<\/span><\/td>\n<\/tr>\n<tr>\n<td width=\"20%\"><span style=\"color: #000080\">CELI B1\u00a0Cittadinanza<\/span><\/td>\n<td width=\"10%\"><span style=\"color: #000080\">\u20ac 125,00<\/span><\/td>\n<td width=\"30%\"><span style=\"color: #000080\">Per una sola parte d&#8217;esame: \u20ac 88,00<\/span><\/td>\n<\/tr>\n<tr>\n<td width=\"20%\"><span style=\"color: #000080\">CELI A1 Adolescenti<\/span><\/td>\n<td width=\"10%\"><span style=\"color: #000080\">\u20ac 75,00<\/span><\/td>\n<td width=\"30%\"><span style=\"color: #000080\">Per una sola parte d&#8217;esame: \u20ac 53,00<\/span><\/td>\n<\/tr>\n<tr>\n<td width=\"20%\"><span style=\"color: #000080\">CELI A2 Adolescenti<\/span><\/td>\n<td width=\"10%\"><span style=\"color: #000080\">\u20ac 80,00<\/span><\/td>\n<td width=\"30%\"><span style=\"color: #000080\">Per una sola parte d&#8217;esame: \u20ac 56,00<\/span><\/td>\n<\/tr>\n<tr>\n<td width=\"20%\"><span style=\"color: #000080\">CELI\u00a0B1 Adolescenti<\/span><\/td>\n<td width=\"10%\"><span style=\"color: #000080\">\u20ac 90,00<\/span><\/td>\n<td width=\"30%\"><span style=\"color: #000080\">Per una sola parte d&#8217;esame: \u20ac 63,00<\/span><\/td>\n<\/tr>\n<tr>\n<td width=\"20%\"><span style=\"color: #000080\">CELI A1 Standard<\/span><\/td>\n<td width=\"10%\"><span style=\"color: #000080\">\u20ac 135,00<\/span><\/td>\n<td width=\"30%\"><span style=\"color: #000080\">Per una sola parte d&#8217;esame: \u20ac 95,00<\/span><\/td>\n<\/tr>\n<tr>\n<td width=\"20%\"><span style=\"color: #000080\">CELI A2 Standard<\/span><\/td>\n<td width=\"10%\"><span style=\"color: #000080\">\u20ac 135,00<\/span><\/td>\n<td width=\"30%\"><span style=\"color: #000080\">Per una sola parte d&#8217;esame: \u20ac 95,00<\/span><\/td>\n<\/tr>\n<tr>\n<td width=\"20%\"><span style=\"color: #000080\">CELI B1 Standard<\/span><\/td>\n<td width=\"10%\"><span style=\"color: #000080\">\u20ac 135,00<\/span><\/td>\n<td width=\"30%\"><span style=\"color: #000080\">Per una sola parte d&#8217;esame: \u20ac 95,00<\/span><\/td>\n<\/tr>\n<tr>\n<td width=\"20%\"><span style=\"color: #000080\">CELI\u00a0B2 Standard<\/span><\/td>\n<td width=\"10%\"><span style=\"color: #000080\">\u20ac 145,00<\/span><\/td>\n<td width=\"30%\"><span style=\"color: #000080\">Per una sola parte d&#8217;esame: \u20ac 100,00<\/span><\/td>\n<\/tr>\n<tr>\n<td width=\"20%\"><span style=\"color: #000080\">CELI\u00a0C1 Standard<\/span><\/td>\n<td width=\"10%\"><span style=\"color: #000080\">\u20ac 165,00<\/span><\/td>\n<td width=\"30%\"><span style=\"color: #000080\">Per una sola parte d&#8217;esame: \u20ac 115,00<\/span><\/td>\n<\/tr>\n<tr>\n<td width=\"20%\"><span style=\"color: #000080\">CELI\u00a0C2 Standard<\/span><\/td>\n<td width=\"10%\"><span style=\"color: #000080\">\u20ac 185,00<\/span><\/td>\n<td width=\"30%\"><span style=\"color: #000080\">Per una sola parte d&#8217;esame: \u20ac 130,00<\/span><\/td>\n<\/tr>\n<\/tbody>\n<\/table>\n<\/div>\n<p>L&#8217;importo va versato al momento della conferma dell&#8217;iscrizione, tramite bonifico bancario.<br \/>\nLe coordinate bancarie per il bonifico verranno indicate nella mail inviata in risposta al modulo di iscrizione.<br \/>\nLe tasse d&#8217;esame sopra indicate sono comprensive della quota da versare all&#8217;Universit\u00e0 per Stranieri di Perugia (\u20ac 30 per il CELI A1 Imm., \u20ac 45 per il CELI A2 Ado, \u20ac 50 per il CELI A2 Imm. e per il CELI B1 Ado, \u20ac 55 per il CELI B2 Ado, \u20ac 65 per il CELI B1 Imm., \u20ac 100 per i restanti esami).<\/p>\n","protected":false},"excerpt":{"rendered":"<p>DATE ESAMI CELI 2026 ATTENZIONE: gli esami di determinati livelli potrebbero essere organizzati qualche giorno prima o qualche giorno dopo la data della sessione. Informazioni precise circa data e orario verranno inviate ai candidati iscritti circa 15 giorni prima dell&#8217;esame. RISULTATI I risultati saranno pubblicati circa 3\u00a0mesi dopo l&#8217;esame. Per verificare i risultati, collegarsi a<\/p>\n","protected":false},"author":1,"featured_media":0,"parent":1199,"menu_order":0,"comment_status":"open","ping_status":"closed","template":"","meta":{"footnotes":""},"wf_page_folders":[103],"class_list":["post-9000","page","type-page","status-publish","hentry"],"_links":{"self":[{"href":"https:\/\/palazzomalvisi.com\/de\/wp-json\/wp\/v2\/pages\/9000","targetHints":{"allow":["GET"]}}],"collection":[{"href":"https:\/\/palazzomalvisi.com\/de\/wp-json\/wp\/v2\/pages"}],"about":[{"href":"https:\/\/palazzomalvisi.com\/de\/wp-json\/wp\/v2\/types\/page"}],"author":[{"embeddable":true,"href":"https:\/\/palazzomalvisi.com\/de\/wp-json\/wp\/v2\/users\/1"}],"replies":[{"embeddable":true,"href":"https:\/\/palazzomalvisi.com\/de\/wp-json\/wp\/v2\/comments?post=9000"}],"version-history":[{"count":90,"href":"https:\/\/palazzomalvisi.com\/de\/wp-json\/wp\/v2\/pages\/9000\/revisions"}],"predecessor-version":[{"id":12808,"href":"https:\/\/palazzomalvisi.com\/de\/wp-json\/wp\/v2\/pages\/9000\/revisions\/12808"}],"up":[{"embeddable":true,"href":"https:\/\/palazzomalvisi.com\/de\/wp-json\/wp\/v2\/pages\/1199"}],"wp:attachment":[{"href":"https:\/\/palazzomalvisi.com\/de\/wp-json\/wp\/v2\/media?parent=9000"}],"wp:term":[{"taxonomy":"wf_page_folders","embeddable":true,"href":"https:\/\/palazzomalvisi.com\/de\/wp-json\/wp\/v2\/wf_page_folders?post=9000"}],"curies":[{"name":"wp","href":"https:\/\/api.w.org\/{rel}","templated":true}]}}