{"id":3927,"date":"2018-02-17T21:29:16","date_gmt":"2018-02-17T21:29:16","guid":{"rendered":"http:\/\/palazzomalvisi.com\/cils\/datetasse\/"},"modified":"2026-05-01T04:14:16","modified_gmt":"2026-05-01T04:14:16","slug":"datetasse","status":"publish","type":"page","link":"https:\/\/palazzomalvisi.com\/de\/cils\/datetasse\/","title":{"rendered":"Date&#038;Tasse"},"content":{"rendered":"<h1>DATE ESAMI CILS 2026<\/h1>\n<p><strong>ATTENZIONE<\/strong>: gli esami di determinati livelli potrebbero essere organizzati qualche giorno prima o qualche giorno dopo la data della sessione. Informazioni precise circa data e orario verranno inviate ai candidati iscritti circa 15 giorni prima dell&#8217;esame.<\/p>\n<div class=\"su-table su-table-alternate\">\n<table>\n<tbody>\n<tr>\n<td width=\"25%\"><strong>DATA ESAME<\/strong><\/td>\n<td width=\"20%\"><strong>TIPO ESAME<\/strong><\/td>\n<td width=\"30%\"><strong>LIVELLI<\/strong><\/td>\n<td width=\"25%\"><strong>CHIUSURA ISCRIZIONI<\/strong><\/td>\n<\/tr>\n<tr>\n<td width=\"25%\"><span style=\"color: #800000\">19 febbraio 2026<\/span><\/td>\n<td style=\"text-align: left\" width=\"20%\"><span style=\"color: #800000\">CILS immigrati<\/span><\/td>\n<td width=\"30%\"><span style=\"color: #800000\">A2 Integrazione<br \/>\nB1 Cittadinanza<br \/>\n<\/span><\/td>\n<td width=\"25%\"><span style=\"color: #800000\">ISCRIZIONI CHIUSE<\/span><\/td>\n<\/tr>\n<tr>\n<td width=\"25%\"><span style=\"color: #800000\">14 aprile 2026<\/span><\/td>\n<td style=\"text-align: left\" width=\"20%\"><span style=\"color: #800000\">CILS vari<\/span><\/td>\n<td width=\"30%\"><span style=\"color: #800000\">A2 Integrazione<br \/>\nA2 Standard<br \/>\nB1 Cittadinanza<br \/>\nB1 Adolescenti<br \/>\nB2 Standard<br \/>\nC1 Medicina<\/span><\/td>\n<td width=\"25%\"><span style=\"color: #800000\">ISCRIZIONI CHIUSE<\/span><\/td>\n<\/tr>\n<tr>\n<td width=\"25%\"><span style=\"color: #800000\">16 giugno 2026<\/span><\/td>\n<td style=\"text-align: left\" width=\"20%\"><span style=\"color: #800000\">CILS tutti<\/span><\/td>\n<td width=\"30%\"><span style=\"color: #800000\">A2 Integrazione<br \/>\nA1-A2 Integrazione<br \/>\nB1 Cittadinanza<br \/>\nA1-A2 Bambini<br \/>\nA1-A2-B1 Adolescenti<br \/>\nA1-A2-B1-B2-C1-C2 Standard<br \/>\n<\/span><\/td>\n<td width=\"25%\"><span style=\"color: #800000\">ISCRIZIONI CHIUSE<\/span><\/td>\n<\/tr>\n<tr>\n<td width=\"25%\"><span style=\"color: #800000\">22 luglio 2026<\/span><\/td>\n<td style=\"text-align: left\" width=\"20%\"><span style=\"color: #800000\">CILS\u00a0immigrati<\/span><\/td>\n<td width=\"30%\"><span style=\"color: #800000\">A2 Integrazione<br \/>\nB1\u00a0Cittadinanza<br \/>\n<\/span><\/td>\n<td width=\"25%\"><span style=\"color: #800000\">15 giugno 2026<\/span><\/td>\n<\/tr>\n<tr>\n<td width=\"25%\"><span style=\"color: #800000\">21 ottobre 2026<\/span><\/td>\n<td style=\"text-align: left\" width=\"20%\"><span style=\"color: #800000\">CILS\u00a0vari<\/span><\/td>\n<td width=\"30%\"><span style=\"color: #800000\">A2\u00a0Integrazione<br \/>\nA2\u00a0Standard<br \/>\nB1 Cittadinanza<\/span><\/td>\n<td width=\"25%\"><span style=\"color: #800000\">14 settembre 2026<\/span><\/td>\n<\/tr>\n<tr>\n<td width=\"25%\"><span style=\"color: #800000\">03 dicembre 2026<\/span><\/td>\n<td style=\"text-align: left\" width=\"20%\"><span style=\"color: #800000\">CILS tutti<\/span><\/td>\n<td width=\"30%\"><span style=\"color: #800000\">A2\u00a0Integrazione<br \/>\nA1-A2 Integrazione<br \/>\nB1 Cittadinanza<br \/>\nA1-A2 Bambini<br \/>\nA1-A2-B1 Adolescenti<br \/>\nA1-A2-B1-B2-C1-C2 Standard<br \/>\n<\/span><\/td>\n<td width=\"25%\"><span style=\"color: #800000\">17 ottobre 2026<\/span><\/td>\n<\/tr>\n<\/tbody>\n<\/table>\n<\/div>\n<ul>\n<li><strong>RISULTATI<\/strong><br \/>\nI risultati saranno pubblicati circa <strong>90 giorni<\/strong> dopo l&#8217;esame (<strong>70 giorni<\/strong> per i livelli B1 Cittadinanza e A2 Integrazione).<br \/>\nPer verificare i risultati, collegarsi <strong><a href=\"https:\/\/online.unistrasi.it\/riscils.asp\" target=\"_blank\" rel=\"noopener\">a questa pagina<\/a><\/strong> gestita dall&#8217;Universit\u00e0 per stranieri di Siena, inserire il numero di matricola ricevuto il giorno dell&#8217;esame e la data di nascita. Una volta pubblicati i risultati, in attesa del certificato originale, \u00e8 possibile scaricare dalla stessa pagina un <strong>certificato provvisorio<\/strong> (&#8222;Riepilogo&#8220;).<\/li>\n<li><strong>CERTIFICATI<\/strong><br \/>\nI certificati originali saranno disponibili <strong>circa 5 mesi dopo l&#8217;esame<\/strong>. La stampa dei certificati dipende esclusivamente dall&#8217;Universit\u00e0 per Stranieri di Siena. Quando\u00a0i certificati saranno disponibili presso la Scuola Palazzo Malvisi, i candidati verranno informati via e-mail.<\/li>\n<\/ul>\n<hr \/>\n<h1>TASSE ESAMI CILS 2026<\/h1>\n<ul>\n<li><strong>PREZZI<\/strong><br \/>\nI seguenti prezzi sono relativi agli esami CILS sostenuti presso il centro d&#8217;esame nr. 627 di Ravenna, e sono comprensivi di tassa d&#8217;esame, spese di segreteria, spese di attivazione sessione.<\/li>\n<li><strong>ANNULLAMENTO ISCRIZIONE<\/strong><br \/>\n\u00c8 possibile annullare la propria iscrizione sino alla mezzanotte del giorno precedente la chiusura delle iscrizioni. In questo caso si ricever\u00e0 un rimborso pari alle tasse versate meno \u20ac 10,00 per bolli e spese di segreteria. ATTENZIONE: in caso di annullamento dell&#8217;iscrizione dopo la data sopra indicata, non si ha diritto ad alcun rimborso.<\/li>\n<li><strong>ASSENZA<\/strong><br \/>\nIl candidato che non avesse la possibilit\u00e0, per gravi motivi di salute o lavoro, di partecipare ad una sessione d&#8217;esame cui \u00e8 iscritto, \u00e8 tenuto ad inviare alla scuola, possibilmente prima del giorno d&#8217;esame, e comunque non oltre 15 giorni dallo stesso giorno, un documento utile per giustificare l&#8217;assenza (certificato medico, dichiarazione del datore di lavoro, ecc.)<br \/>\nIn questo caso il candidato non ha diritto al rimborso delle tasse versate, ma\u00a0ha\u00a018 mesi di tempo per iscriversi ad una nuova sessione d&#8217;esame, pagando solo i <strong>\u20ac 10<\/strong> di &#8222;<strong>posticipo<\/strong>&#8222;. ATTENZIONE: con il posticipo \u00e8\u00a0possibile sostenere l&#8217;esame solo presso la sede cui ci si \u00e8 iscritti la prima volta. Se si desidera cambiare sede \u00e8 necessario ripagare per intero le tasse di iscrizione.<\/li>\n<li><strong>CAPITALIZZAZIONE (ripetizione di parte dell&#8217;esame)<\/strong><br \/>\nIn caso di non superamento di una o pi\u00f9 <strong>parti dell&#8217;esame<\/strong>, \u00e8 possibile sostenere, entro un anno, le parti non superate, pagando solo le tasse relative a queste parti. ATTENZIONE: Il livello <strong>B1 Cittadinanza<\/strong>\u00a0<strong>NON<\/strong> prevede la capitalizzazione: chi non supera una delle 4 parti dell&#8217;esame deve ripetere <strong>TUTTO<\/strong> l&#8217;esame.<\/li>\n<\/ul>\n<div class=\"su-table su-table-alternate\">\n<table>\n<tbody>\n<tr>\n<td width=\"25%\"><strong>LIVELLO<\/strong><\/td>\n<td width=\"25%\"><strong>ESAME INTERO<\/strong><\/td>\n<td width=\"50%\"><strong>RIPETIZIONE SINGOLA\u00a0PARTE D&#8217;ESAME<\/strong><\/td>\n<\/tr>\n<tr>\n<td width=\"25%\"><span style=\"color: #800000\">A1 Integrazione<\/span><\/td>\n<td width=\"25%\"><span style=\"color: #800000\">\u20ac 60,00<\/span><\/td>\n<td width=\"50%\"><span style=\"color: #800000\">Capitalizzazione non prevista<\/span><\/td>\n<\/tr>\n<tr>\n<td width=\"25%\"><span style=\"color: #800000\">A2 Integrazione<\/span><\/td>\n<td width=\"25%\"><span style=\"color: #800000\">\u20ac 80,00<\/span><\/td>\n<td width=\"50%\"><span style=\"color: #800000\"><strong>ATTENZIONE<\/strong><br \/>\nIl livello A2 Integrazione non prevede la capitalizzazione: chi non supera una delle 4 parti dell&#8217;esame deve ripetere TUTTO l&#8217;esame.<\/span><\/td>\n<\/tr>\n<tr>\n<td width=\"25%\"><span style=\"color: #800000\">B1 Cittadinanza<\/span><\/td>\n<td width=\"25%\"><span style=\"color: #800000\">\u20ac 125,00<\/span><\/td>\n<td width=\"50%\"><strong><span style=\"color: #800000\">ATTENZIONE<\/span><\/strong><span style=\"color: #800000\"><br \/>\nIl livello B1 Cittadinanza non prevede la capitalizzazione: chi non supera una delle 4 parti dell&#8217;esame deve ripetere TUTTO l&#8217;esame.<\/span><\/td>\n<\/tr>\n<tr>\n<td width=\"25%\"><span style=\"color: #800000\">A1 Adolescenti<\/span><\/td>\n<td width=\"25%\"><span style=\"color: #800000\">\u20ac 60,00<\/span><\/td>\n<td width=\"50%\"><span style=\"color: #800000\">\u20ac 15,00<\/span><\/td>\n<\/tr>\n<tr>\n<td width=\"25%\"><span style=\"color: #800000\">A2 <span style=\"color: #800000\">Adolescenti<\/span><\/span><\/td>\n<td width=\"25%\"><span style=\"color: #800000\">\u20ac 75,00<\/span><\/td>\n<td width=\"50%\"><span style=\"color: #800000\">\u20ac 20,00<\/span><\/td>\n<\/tr>\n<tr>\n<td width=\"25%\"><span style=\"color: #800000\">B1 <span style=\"color: #800000\">Adolescenti<\/span><\/span><\/td>\n<td width=\"25%\"><span style=\"color: #800000\">\u20ac 125,00<\/span><\/td>\n<td width=\"50%\"><span style=\"color: #800000\">\u20ac 35,00<\/span><\/td>\n<\/tr>\n<tr>\n<td width=\"25%\"><span style=\"color: #800000\">A1 Bambini<\/span><\/td>\n<td width=\"25%\"><span style=\"color: #800000\">\u20ac 60,00<\/span><\/td>\n<td width=\"50%\"><span style=\"color: #800000\">\u20ac 15,00<\/span><\/td>\n<\/tr>\n<tr>\n<td width=\"25%\"><span style=\"color: #800000\">A2 Bambini<\/span><\/td>\n<td width=\"25%\"><span style=\"color: #800000\">\u20ac 60,00<\/span><\/td>\n<td width=\"50%\"><span style=\"color: #800000\">\u20ac 15,00<\/span><\/td>\n<\/tr>\n<tr>\n<td width=\"25%\"><span style=\"color: #800000\">A1 Standard<\/span><\/td>\n<td width=\"25%\"><span style=\"color: #800000\">\u20ac 75,00<\/span><\/td>\n<td width=\"50%\"><span style=\"color: #800000\">\u20ac 20,00<\/span><\/td>\n<\/tr>\n<tr>\n<td width=\"25%\"><span style=\"color: #800000\">A2 Standard<\/span><\/td>\n<td width=\"25%\"><span style=\"color: #800000\">\u20ac 75,00<\/span><\/td>\n<td width=\"50%\"><span style=\"color: #800000\">\u20ac 20,00<\/span><\/td>\n<\/tr>\n<tr>\n<td width=\"25%\"><span style=\"color: #800000\">B1 Standard<\/span><\/td>\n<td width=\"25%\"><span style=\"color: #800000\">\u20ac 135,00<\/span><\/td>\n<td width=\"50%\"><span style=\"color: #800000\">\u20ac 30,00<\/span><\/td>\n<\/tr>\n<tr>\n<td width=\"25%\"><span style=\"color: #800000\">B2\u00a0Standard<\/span><\/td>\n<td width=\"25%\"><span style=\"color: #800000\">\u20ac 145,00<\/span><\/td>\n<td width=\"50%\"><span style=\"color: #800000\">\u20ac 35,00<\/span><\/td>\n<\/tr>\n<tr>\n<td width=\"25%\"><span style=\"color: #800000\">C1 Standard<\/span><\/td>\n<td width=\"25%\"><span style=\"color: #800000\">\u20ac 165,00<\/span><\/td>\n<td width=\"50%\"><span style=\"color: #800000\">\u20ac 40,00<\/span><\/td>\n<\/tr>\n<tr>\n<td width=\"25%\"><span style=\"color: #800000\">C2\u00a0Standard<\/span><\/td>\n<td width=\"25%\"><span style=\"color: #800000\">\u20ac 185,00<\/span><\/td>\n<td width=\"50%\"><span style=\"color: #800000\">\u20ac 45,00<\/span><\/td>\n<\/tr>\n<\/tbody>\n<\/table>\n<\/div>\nL&#8217;importo va versato al momento della conferma dell&#8217;iscrizione, tramite bonifico bancario.<br \/>\nLe coordinate bancarie per il bonifico verranno indicate nella mail inviata in risposta al modulo di iscrizione.<\/p>\n","protected":false},"excerpt":{"rendered":"<p>DATE ESAMI CILS 2026 ATTENZIONE: gli esami di determinati livelli potrebbero essere organizzati qualche giorno prima o qualche giorno dopo la data della sessione. Informazioni precise circa data e orario verranno inviate ai candidati iscritti circa 15 giorni prima dell&#8217;esame. RISULTATI I risultati saranno pubblicati circa 90 giorni dopo l&#8217;esame (70 giorni per i livelli<\/p>\n","protected":false},"author":3,"featured_media":0,"parent":3762,"menu_order":0,"comment_status":"closed","ping_status":"closed","template":"","meta":{"footnotes":""},"wf_page_folders":[103],"class_list":["post-3927","page","type-page","status-publish","hentry"],"_links":{"self":[{"href":"https:\/\/palazzomalvisi.com\/de\/wp-json\/wp\/v2\/pages\/3927","targetHints":{"allow":["GET"]}}],"collection":[{"href":"https:\/\/palazzomalvisi.com\/de\/wp-json\/wp\/v2\/pages"}],"about":[{"href":"https:\/\/palazzomalvisi.com\/de\/wp-json\/wp\/v2\/types\/page"}],"author":[{"embeddable":true,"href":"https:\/\/palazzomalvisi.com\/de\/wp-json\/wp\/v2\/users\/3"}],"replies":[{"embeddable":true,"href":"https:\/\/palazzomalvisi.com\/de\/wp-json\/wp\/v2\/comments?post=3927"}],"version-history":[{"count":196,"href":"https:\/\/palazzomalvisi.com\/de\/wp-json\/wp\/v2\/pages\/3927\/revisions"}],"predecessor-version":[{"id":12832,"href":"https:\/\/palazzomalvisi.com\/de\/wp-json\/wp\/v2\/pages\/3927\/revisions\/12832"}],"up":[{"embeddable":true,"href":"https:\/\/palazzomalvisi.com\/de\/wp-json\/wp\/v2\/pages\/3762"}],"wp:attachment":[{"href":"https:\/\/palazzomalvisi.com\/de\/wp-json\/wp\/v2\/media?parent=3927"}],"wp:term":[{"taxonomy":"wf_page_folders","embeddable":true,"href":"https:\/\/palazzomalvisi.com\/de\/wp-json\/wp\/v2\/wf_page_folders?post=3927"}],"curies":[{"name":"wp","href":"https:\/\/api.w.org\/{rel}","templated":true}]}}