{"id":3636,"date":"2017-10-17T09:54:05","date_gmt":"2017-10-17T09:54:05","guid":{"rendered":"http:\/\/palazzomalvisi.com\/?page_id=3636"},"modified":"2017-10-17T12:16:23","modified_gmt":"2017-10-17T12:16:23","slug":"anmeldeformular-antwort","status":"publish","type":"page","link":"https:\/\/palazzomalvisi.com\/de\/anmeldeformular-antwort\/","title":{"rendered":"ANMELDEFORMULAR &#8211; Antwort"},"content":{"rendered":"<p><strong>Sehr geehrte(r),<\/strong><br \/>\n<strong> Wir haben Ihr Anmeldeformular erhalten. Vielen Dank!<\/strong><br \/>\nEiner unserer Mitarbeiter wird Ihnen so schnell wie m\u00f6glich antworten.<br \/>\nBitte beachten Sie, dass das Sekretariat samstags und sonntags geschlossen ist.<\/p>\n<p><strong>BITTE BEMERKEN SIE<\/strong><br \/>\nUm Ihre Anmeldung zu beenden zu k\u00f6nnen,<br \/>\nm\u00fcssen Sie den <strong><a href=\"http:\/\/palazzomalvisi.com\/test\/\" target=\"_blank\"><span style=\"color: #00728f;\">EINF\u00dcHRUNG TEST<\/span><\/a><\/strong> ausf\u00fcllen (Zeitaufwand ca. 20 Minuten)<\/p>\n<p>Bitte zahlen Sie Ihre Anzahlung mit:<\/p>\n<p>&#8211; <strong>Paypal<\/strong><\/p>\n<form action=\"https:\/\/www.paypal.com\/cgi-bin\/webscr\" method=\"post\" target=\"_top\"><input name=\"cmd\" type=\"hidden\" value=\"_s-xclick\" \/><br \/>\n<input name=\"hosted_button_id\" type=\"hidden\" value=\"VBPHNJFN7W7SE\" \/><br \/>\n<input alt=\"Jetzt einfach, schnell und sicher online bezahlen \u2013 mit PayPal.\" name=\"submit\" src=\"https:\/\/www.paypalobjects.com\/de_DE\/DE\/i\/btn\/btn_buynowCC_LG.gif\" type=\"image\" \/><br \/>\n<img loading=\"lazy\" decoding=\"async\" src=\"https:\/\/www.paypalobjects.com\/it_IT\/i\/scr\/pixel.gif\" alt=\"\" width=\"1\" height=\"1\" border=\"0\" \/><\/form>\n<p>&#8211; <strong>Bank\u00fcberweisung<\/strong><br \/>\nMIDA TRAINING CENTER S.R.L.<br \/>\nBanco BPM<br \/>\nPiazza Caduti per la Libert\u00e0, 23<br \/>\n48121 &#8211; Ravenna (RA) &#8211; Italia<br \/>\nIBAN IT98 W 05034 13101 0000 0000 5856<br \/>\nBIC\/ SWIFT BAPPIT21443<\/p>\n","protected":false},"excerpt":{"rendered":"<p>Sehr geehrte(r), Wir haben Ihr Anmeldeformular erhalten. Vielen Dank! Einer unserer Mitarbeiter wird Ihnen so schnell wie m\u00f6glich antworten. Bitte beachten Sie, dass das Sekretariat samstags und sonntags geschlossen ist. BITTE BEMERKEN SIE Um Ihre Anmeldung zu beenden zu k\u00f6nnen, m\u00fcssen Sie den EINF\u00dcHRUNG TEST ausf\u00fcllen (Zeitaufwand ca. 20 Minuten) Bitte zahlen Sie Ihre Anzahlung<\/p>\n","protected":false},"author":3,"featured_media":0,"parent":0,"menu_order":0,"comment_status":"closed","ping_status":"closed","template":"","meta":{"footnotes":""},"wf_page_folders":[],"class_list":["post-3636","page","type-page","status-publish","hentry"],"_links":{"self":[{"href":"https:\/\/palazzomalvisi.com\/de\/wp-json\/wp\/v2\/pages\/3636","targetHints":{"allow":["GET"]}}],"collection":[{"href":"https:\/\/palazzomalvisi.com\/de\/wp-json\/wp\/v2\/pages"}],"about":[{"href":"https:\/\/palazzomalvisi.com\/de\/wp-json\/wp\/v2\/types\/page"}],"author":[{"embeddable":true,"href":"https:\/\/palazzomalvisi.com\/de\/wp-json\/wp\/v2\/users\/3"}],"replies":[{"embeddable":true,"href":"https:\/\/palazzomalvisi.com\/de\/wp-json\/wp\/v2\/comments?post=3636"}],"version-history":[{"count":3,"href":"https:\/\/palazzomalvisi.com\/de\/wp-json\/wp\/v2\/pages\/3636\/revisions"}],"predecessor-version":[{"id":3643,"href":"https:\/\/palazzomalvisi.com\/de\/wp-json\/wp\/v2\/pages\/3636\/revisions\/3643"}],"wp:attachment":[{"href":"https:\/\/palazzomalvisi.com\/de\/wp-json\/wp\/v2\/media?parent=3636"}],"wp:term":[{"taxonomy":"wf_page_folders","embeddable":true,"href":"https:\/\/palazzomalvisi.com\/de\/wp-json\/wp\/v2\/wf_page_folders?post=3636"}],"curies":[{"name":"wp","href":"https:\/\/api.w.org\/{rel}","templated":true}]}}